{"id":1147,"date":"2018-06-14T08:47:14","date_gmt":"2018-06-14T08:47:14","guid":{"rendered":"http:\/\/www.trencilo.com\/?page_id=1147"},"modified":"2018-06-14T08:47:14","modified_gmt":"2018-06-14T08:47:14","slug":"dieu-khoan-su-dung","status":"publish","type":"page","link":"https:\/\/www.trencilo.com\/th\/dieu-khoan-su-dung\/","title":{"rendered":"\u0110i\u1ec1u kho\u1ea3n s\u1eed d\u1ee5ng"},"content":{"rendered":"<p><span class=\"notranslate\">Theo Lu\u1eadt 34\/2002, ng\u00e0y 11 th\u00e1ng 7, D\u1ecbch v\u1ee5 c\u1ee7a Hi\u1ec7p h\u1ed9i Th\u00f4ng tin v\u00e0 Th\u01b0\u01a1ng m\u1ea1i \u0111i\u1ec7n t\u1eed (LSSI &#8211; CE), TRENCILO SL th\u00f4ng b\u00e1o r\u1eb1ng n\u00f3 s\u1edf h\u1eefu trang web WWW.TRENCILO.COM Theo y\u00eau c\u1ea7u c\u1ee7a \u0110i\u1ec1u 10 c\u1ee7a Lu\u1eadt n\u00f3i tr\u00ean, TENCILO SL th\u00f4ng b\u00e1o c\u00e1c d\u1eef li\u1ec7u sau:<\/span><\/p>\n<p><span class=\"notranslate\">Ch\u1ee7 s\u1edf h\u1eefu c\u1ee7a trang web n\u00e0y l\u00e0 TENCILO SL, v\u1edbi CIF B08960387 v\u00e0 v\u0103n ph\u00f2ng \u0111\u0103ng k\u00fd t\u1ea1i Verge De Montserrat, 23 08130 &#8211; (Santa Perpetua De Mogoda) &#8211; Barcelona, \u200b\u200b\u0111\u00e3 \u0111\u0103ng k\u00fd trong S\u1ed5 \u0111\u0103ng k\u00fd Mercantile, trong b\u1ea3ng t\u00ednh, s\u1ed1 l\u01b0\u1ee3ng v\u00e0 \u0111\u0103ng k\u00fd.<\/span>\u00a0<span class=\"notranslate\">\u0110\u1ecba ch\u1ec9 email li\u00ean h\u1ec7 v\u1edbi c\u00f4ng ty l\u00e0: sales@trencilo.com<\/span><\/p>\n<p><span class=\"notranslate\"><strong>NG\u01af\u1edcI D\u00d9NG V\u00c0 CH\u1ebe \u0110\u1ed8 TR\u00c1CH NHI\u1ec6M<\/strong><\/span><\/p>\n<p><span class=\"notranslate\">Vi\u1ec7c \u0111i\u1ec1u h\u01b0\u1edbng, truy c\u1eadp v\u00e0 s\u1eed d\u1ee5ng trang web TENCILO SL t\u1ea1o \u0111i\u1ec1u ki\u1ec7n cho ng\u01b0\u1eddi d\u00f9ng, theo \u0111\u00f3, t\u1eeb vi\u1ec7c duy\u1ec7t trang web TENCILO SL, t\u1ea5t c\u1ea3 c\u00e1c \u0111i\u1ec1u ki\u1ec7n s\u1eed d\u1ee5ng \u0111\u01b0\u1ee3c thi\u1ebft l\u1eadp \u1edf \u0111\u00e2y \u0111\u01b0\u1ee3c ch\u1ea5p nh\u1eadn m\u00e0 kh\u00f4ng \u1ea3nh h\u01b0\u1edfng \u0111\u1ebfn vi\u1ec7c \u00e1p d\u1ee5ng c\u00e1c quy \u0111\u1ecbnh t\u01b0\u01a1ng \u1ee9ng v\u1ec1 s\u1ef1 tu\u00e2n th\u1ee7 ph\u00e1p l\u00fd b\u1eaft bu\u1ed9c nh\u01b0 tr\u01b0\u1eddng h\u1ee3p c\u00f3 th\u1ec3.<\/span><\/p>\n<p><span class=\"notranslate\">Trang web c\u1ee7a TENCILO SL cung c\u1ea5p s\u1ef1 \u0111a d\u1ea1ng v\u1ec1 th\u00f4ng tin, d\u1ecbch v\u1ee5 v\u00e0 d\u1eef li\u1ec7u.<\/span>\u00a0<span class=\"notranslate\">Ng\u01b0\u1eddi d\u00f9ng gi\u1ea3 \u0111\u1ecbnh tr\u00e1ch nhi\u1ec7m c\u1ee7a m\u00ecnh trong vi\u1ec7c s\u1eed d\u1ee5ng \u0111\u00fang trang web.<\/span>\u00a0<span class=\"notranslate\">Tr\u00e1ch nhi\u1ec7m n\u00e0y s\u1ebd m\u1edf r\u1ed9ng t\u1edbi:<\/span><\/p>\n<p><span class=\"notranslate\">T\u00ednh x\u00e1c th\u1ef1c v\u00e0 t\u00ednh h\u1ee3p ph\u00e1p c\u1ee7a th\u00f4ng tin do ng\u01b0\u1eddi d\u00f9ng cung c\u1ea5p trong c\u00e1c bi\u1ec3u m\u1eabu c\u1ee7a TENCILO SL \u0111\u1ec3 truy c\u1eadp v\u00e0o m\u1ed9t s\u1ed1 n\u1ed9i dung ho\u1eb7c d\u1ecbch v\u1ee5 do web cung c\u1ea5p.<\/span><\/p>\n<p><span class=\"notranslate\">Vi\u1ec7c s\u1eed d\u1ee5ng th\u00f4ng tin, d\u1ecbch v\u1ee5 v\u00e0 d\u1eef li\u1ec7u \u0111\u01b0\u1ee3c cung c\u1ea5p b\u1edfi TENCILO SL tr\u00e1i v\u1edbi quy \u0111\u1ecbnh c\u1ee7a c\u00e1c \u0111i\u1ec1u ki\u1ec7n n\u00e0y, Lu\u1eadt, \u0111\u1ea1o \u0111\u1ee9c, phong t\u1ee5c hay tr\u1eadt t\u1ef1 c\u00f4ng c\u1ed9ng, ho\u1eb7c c\u00f3 th\u1ec3 ng\u1ee5 \u00fd t\u1ed5n th\u01b0\u01a1ng quy\u1ec1n c\u1ee7a b\u00ean th\u1ee9 ba ho\u1eb7c ch\u1ee9c n\u0103ng t\u01b0\u01a1ng t\u1ef1 c\u1ee7a trang web.<\/span><\/p>\n<p><span class=\"notranslate\"><strong>LI\u00caN K\u1ebeT CH\u00cdNH S\u00c1CH V\u00c0 TR\u00c1CH NHI\u1ec6M PH\u00c1P L\u00dd<\/strong><\/span><\/p>\n<p><span class=\"notranslate\">TENCILO SL kh\u00f4ng ch\u1ecbu tr\u00e1ch nhi\u1ec7m v\u1ec1 n\u1ed9i dung c\u1ee7a c\u00e1c trang web m\u00e0 ng\u01b0\u1eddi d\u00f9ng c\u00f3 th\u1ec3 truy c\u1eadp th\u00f4ng qua c\u00e1c li\u00ean k\u1ebft \u0111\u01b0\u1ee3c thi\u1ebft l\u1eadp tr\u00ean trang web c\u1ee7a m\u00ecnh v\u00e0 tuy\u00ean b\u1ed1 r\u1eb1ng s\u1ebd kh\u00f4ng ti\u1ebfn h\u00e0nh ki\u1ec3m tra ho\u1eb7c th\u1ef1c hi\u1ec7n b\u1ea5t k\u1ef3 lo\u1ea1i quy\u1ec1n ki\u1ec3m so\u00e1t n\u00e0o \u0111\u1ed1i v\u1edbi n\u1ed9i dung c\u1ee7a c\u00e1c trang web kh\u00e1c c\u1ee7a m\u1ea1ng.<\/span>\u00a0<span class=\"notranslate\">T\u01b0\u01a1ng t\u1ef1 nh\u01b0 v\u1eady, n\u00f3 s\u1ebd kh\u00f4ng \u0111\u1ea3m b\u1ea3o t\u00ednh kh\u1ea3 d\u1ee5ng v\u1ec1 m\u1eb7t k\u1ef9 thu\u1eadt, \u0111\u1ed9 ch\u00ednh x\u00e1c, t\u00ednh x\u00e1c th\u1ef1c, t\u00ednh h\u1ee3p l\u1ec7 ho\u1eb7c t\u00ednh h\u1ee3p ph\u00e1p c\u1ee7a c\u00e1c trang web b\u00ean ngo\u00e0i thu\u1ed9c t\u00ednh c\u1ee7a b\u1ea1n c\u00f3 th\u1ec3 \u0111\u01b0\u1ee3c truy c\u1eadp th\u00f4ng qua c\u00e1c li\u00ean k\u1ebft.<\/span>\u00a0<span class=\"notranslate\">TENCILO SL tuy\u00ean b\u1ed1 r\u1eb1ng h\u1ecd \u0111\u00e3 \u00e1p d\u1ee5ng t\u1ea5t c\u1ea3 c\u00e1c bi\u1ec7n ph\u00e1p c\u1ea7n thi\u1ebft \u0111\u1ec3 tr\u00e1nh b\u1ea5t k\u1ef3 thi\u1ec7t h\u1ea1i n\u00e0o cho ng\u01b0\u1eddi d\u00f9ng trang web c\u1ee7a m\u00ecnh, \u0111i\u1ec1u n\u00e0y c\u00f3 th\u1ec3 ph\u00e1t sinh t\u1eeb vi\u1ec7c duy\u1ec7t trang web c\u1ee7a h\u1ecd.<\/span>\u00a0<span class=\"notranslate\">K\u1ebft qu\u1ea3 l\u00e0, TENCILO SL kh\u00f4ng ch\u1ecbu tr\u00e1ch nhi\u1ec7m, trong m\u1ecdi tr\u01b0\u1eddng h\u1ee3p, \u0111\u1ed1i v\u1edbi b\u1ea5t k\u1ef3 thi\u1ec7t h\u1ea1i n\u00e0o m\u00e0 ng\u01b0\u1eddi d\u00f9ng c\u00f3 th\u1ec3 g\u1eb7p ph\u1ea3i khi duy\u1ec7t Internet.<\/span><\/p>\n<p><span class=\"notranslate\"><strong>S\u1eecA \u0110\u1ed4I<\/strong><\/span><\/p>\n<p><span class=\"notranslate\">TENCILO SL b\u1ea3o l\u01b0u quy\u1ec1n th\u1ef1c hi\u1ec7n c\u00e1c s\u1eeda \u0111\u1ed5i m\u00e0 n\u00f3 cho l\u00e0 ph\u00f9 h\u1ee3p, m\u00e0 kh\u00f4ng c\u1ea7n th\u00f4ng b\u00e1o tr\u01b0\u1edbc, trong n\u1ed9i dung trang web c\u1ee7a m\u00ecnh.<\/span>\u00a0<span class=\"notranslate\">C\u1ea3 v\u1ec1 m\u1eb7t n\u1ed9i dung c\u1ee7a trang web, nh\u01b0 trong c\u00e1c \u0111i\u1ec1u ki\u1ec7n s\u1eed d\u1ee5ng, ho\u1eb7c trong c\u00e1c \u0111i\u1ec1u ki\u1ec7n chung c\u1ee7a h\u1ee3p \u0111\u1ed3ng.<\/span>\u00a0<span class=\"notranslate\">Nh\u1eefng s\u1eeda \u0111\u1ed5i n\u00e0y c\u00f3 th\u1ec3 \u0111\u01b0\u1ee3c th\u1ef1c hi\u1ec7n th\u00f4ng qua trang web c\u1ee7a m\u00ecnh theo b\u1ea5t k\u1ef3 h\u00ecnh th\u1ee9c ch\u1ea5p nh\u1eadn n\u00e0o trong lu\u1eadt v\u00e0 s\u1ebd r\u00e0ng bu\u1ed9c trong th\u1eddi gian ch\u00fang \u0111\u01b0\u1ee3c xu\u1ea5t b\u1ea3n tr\u00ean trang web v\u00e0 cho \u0111\u1ebfn khi ch\u00fang \u0111\u01b0\u1ee3c s\u1eeda \u0111\u1ed5i h\u1ee3p l\u1ec7 b\u1edfi nh\u1eefng trang ti\u1ebfp theo.<\/span><\/p>\n<p><span class=\"notranslate\"><strong>B\u1ea2O \u0110\u1ea2M COOKIES<\/strong><\/span><\/p>\n<p><span class=\"notranslate\">Cookie l\u00e0 m\u1ed9t t\u1ec7p \u0111\u01b0\u1ee3c t\u1ea3i xu\u1ed1ng m\u00e1y t\u00ednh c\u1ee7a b\u1ea1n khi b\u1ea1n truy c\u1eadp m\u1ed9t s\u1ed1 trang web nh\u1ea5t \u0111\u1ecbnh.<\/span>\u00a0<span class=\"notranslate\">Cookie cho ph\u00e9p trang web, trong s\u1ed1 nh\u1eefng th\u1ee9 kh\u00e1c, l\u01b0u tr\u1eef v\u00e0 truy xu\u1ea5t th\u00f4ng tin v\u1ec1 th\u00f3i quen duy\u1ec7t web c\u1ee7a ng\u01b0\u1eddi d\u00f9ng ho\u1eb7c m\u00e1y t\u00ednh c\u1ee7a h\u1ecd v\u00e0 t\u00f9y thu\u1ed9c v\u00e0o th\u00f4ng tin ch\u1ee9a v\u00e0 c\u00e1ch h\u1ecd s\u1eed d\u1ee5ng thi\u1ebft b\u1ecb c\u1ee7a h\u1ecd, ch\u00fang c\u00f3 th\u1ec3 \u0111\u01b0\u1ee3c s\u1eed d\u1ee5ng \u0111\u1ec3 nh\u1eadn ra ng\u01b0\u1eddi d\u00f9ng.<\/span>\u00a0<span class=\"notranslate\">Cookies r\u1ea5t c\u1ea7n thi\u1ebft cho ho\u1ea1t \u0111\u1ed9ng c\u1ee7a internet, cung c\u1ea5p v\u00f4 s\u1ed1 l\u1ee3i th\u1ebf trong vi\u1ec7c cung c\u1ea5p c\u00e1c d\u1ecbch v\u1ee5 t\u01b0\u01a1ng t\u00e1c, t\u1ea1o \u0111i\u1ec1u ki\u1ec7n cho vi\u1ec7c \u0111i\u1ec1u h\u01b0\u1edbng v\u00e0 kh\u1ea3 n\u0103ng s\u1eed d\u1ee5ng c\u1ee7a trang web c\u1ee7a ch\u00fang t\u00f4i.<\/span>\u00a0<span class=\"notranslate\">Th\u00f4ng tin m\u00e0 ch\u00fang t\u00f4i cung c\u1ea5p b\u00ean d\u01b0\u1edbi, s\u1ebd gi\u00fap b\u1ea1n hi\u1ec3u c\u00e1c lo\u1ea1i cookie kh\u00e1c nhau:<\/span><\/p>\n<p><span class=\"notranslate\"><strong>LO\u1ea0I COOKIES<\/strong><\/span><\/p>\n<p><span class=\"notranslate\">Theo th\u1ef1c th\u1ec3 qu\u1ea3n l\u00fd ch\u00fang:<\/span><\/p>\n<ul>\n<li><span class=\"notranslate\">Cookie ri\u00eang.<\/span>\u00a0<span class=\"notranslate\">L\u00e0 nh\u1eefng ng\u01b0\u1eddi \u0111\u01b0\u1ee3c thu th\u1eadp b\u1edfi c\u00f9ng m\u1ed9t nh\u00e0 xu\u1ea5t b\u1ea3n \u0111\u1ec3 cung c\u1ea5p d\u1ecbch v\u1ee5 theo y\u00eau c\u1ea7u c\u1ee7a ng\u01b0\u1eddi d\u00f9ng.<\/span><\/li>\n<li><span class=\"notranslate\">Cookie c\u1ee7a b\u00ean th\u1ee9 ba.<\/span>\u00a0<span class=\"notranslate\">L\u00e0 nh\u1eefng ng\u01b0\u1eddi \u0111\u01b0\u1ee3c thu th\u1eadp v\u00e0 qu\u1ea3n l\u00fd b\u1edfi m\u1ed9t b\u00ean th\u1ee9 ba, ch\u00fang kh\u00f4ng th\u1ec3 \u0111\u01b0\u1ee3c coi l\u00e0 c\u1ee7a ri\u00eang.<\/span><\/li>\n<\/ul>\n<p><span class=\"notranslate\">T\u00f9y thu\u1ed9c v\u00e0o kho\u1ea3ng th\u1eddi gian ch\u00fang v\u1eabn \u0111\u01b0\u1ee3c k\u00edch ho\u1ea1t:<\/span><\/p>\n<ul>\n<li><span class=\"notranslate\">Cookie phi\u00ean.<\/span>\u00a0<span class=\"notranslate\">Thu th\u1eadp \u0111\u1ed3ng h\u1ed3 d\u1eef li\u1ec7u m\u00e0 ng\u01b0\u1eddi d\u00f9ng duy\u1ec7t m\u1ea1ng \u0111\u1ec3 cung c\u1ea5p d\u1ecbch v\u1ee5 \u0111\u01b0\u1ee3c y\u00eau c\u1ea7u.<\/span><\/li>\n<li><span class=\"notranslate\">Cookie li\u00ean t\u1ee5c<\/span>\u00a0<span class=\"notranslate\">Ch\u00fang \u0111\u01b0\u1ee3c l\u01b0u tr\u1eef trong thi\u1ebft b\u1ecb \u0111\u1ea7u cu\u1ed1i v\u00e0 th\u00f4ng tin thu \u0111\u01b0\u1ee3c s\u1ebd \u0111\u01b0\u1ee3c s\u1eed d\u1ee5ng b\u1edfi ng\u01b0\u1eddi ph\u1ee5 tr\u00e1ch cookie \u0111\u1ec3 cung c\u1ea5p d\u1ecbch v\u1ee5 \u0111\u01b0\u1ee3c y\u00eau c\u1ea7u.<\/span><\/li>\n<\/ul>\n<p><span class=\"notranslate\">Theo m\u1ee5c \u0111\u00edch c\u1ee7a n\u00f3:<\/span><\/p>\n<ul>\n<li><span class=\"notranslate\">Cookie k\u1ef9 thu\u1eadt<\/span>\u00a0<span class=\"notranslate\">H\u1ecd l\u00e0 nh\u1eefng ng\u01b0\u1eddi c\u1ea7n thi\u1ebft cho vi\u1ec7c \u0111i\u1ec1u h\u01b0\u1edbng ch\u00ednh x\u00e1c th\u00f4ng qua web.<\/span><\/li>\n<li><span class=\"notranslate\">Cookie c\u00e1 nh\u00e2n h\u00f3a.<\/span>\u00a0<span class=\"notranslate\">Ch\u00fang cho ph\u00e9p ng\u01b0\u1eddi d\u00f9ng c\u00e1c \u0111\u1eb7c t\u00ednh (ng\u00f4n ng\u1eef) \u0111\u1ec3 duy\u1ec7t web.<\/span><\/li>\n<li><span class=\"notranslate\">Cookie ph\u00e2n t\u00edch.<\/span>\u00a0<span class=\"notranslate\">Ch\u00fang cho ph\u00e9p ph\u00e2n t\u00edch nh\u00e0 cung c\u1ea5p \u0111\u01b0\u1ee3c li\u00ean k\u1ebft v\u1edbi \u0111i\u1ec1u h\u01b0\u1edbng c\u1ee7a ng\u01b0\u1eddi d\u00f9ng, \u0111\u1ec3 theo d\u00f5i vi\u1ec7c s\u1eed d\u1ee5ng trang web v\u00e0 th\u1ed1ng k\u00ea n\u1ed9i dung \u0111\u01b0\u1ee3c truy c\u1eadp nhi\u1ec1u nh\u1ea5t, s\u1ed1 l\u01b0\u1ee3ng kh\u00e1ch truy c\u1eadp, v.v.<\/span><\/li>\n<li><span class=\"notranslate\">Cookie qu\u1ea3ng c\u00e1o.<\/span>\u00a0<span class=\"notranslate\">Ch\u00fang cho ph\u00e9p tr\u00ecnh ch\u1ec9nh s\u1eeda bao g\u1ed3m kh\u00f4ng gian qu\u1ea3ng c\u00e1o tr\u00ean web, theo n\u1ed9i dung c\u1ee7a ch\u00ednh trang web.<\/span><\/li>\n<li><span class=\"notranslate\">Cookie qu\u1ea3ng c\u00e1o h\u00e0nh vi.<\/span>\u00a0<span class=\"notranslate\">Tr\u00ecnh ch\u1ec9nh s\u1eeda cho ph\u00e9p kh\u00f4ng gian qu\u1ea3ng c\u00e1o \u0111\u01b0\u1ee3c \u0111\u01b0a v\u00e0o trang web theo th\u00f4ng tin thu \u0111\u01b0\u1ee3c th\u00f4ng qua th\u00f3i quen duy\u1ec7t web c\u1ee7a ng\u01b0\u1eddi d\u00f9ng.<\/span><\/li>\n<\/ul>\n<p><span class=\"notranslate\">Theo quy \u0111\u1ecbnh t\u1ea1i \u0110i\u1ec1u 22.2 c\u1ee7a Lu\u1eadt 34\/2002, ng\u00e0y 11 th\u00e1ng 7, D\u1ecbch v\u1ee5 c\u1ee7a Hi\u1ec7p h\u1ed9i Th\u00f4ng tin v\u00e0 Th\u01b0\u01a1ng m\u1ea1i \u0111i\u1ec7n t\u1eed (LSSI &#8211; CE), TENCILO SL th\u00f4ng b\u00e1o v\u1ec1 c\u00e1c cookie \u0111\u01b0\u1ee3c s\u1eed d\u1ee5ng tr\u00ean trang web c\u1ee7a ch\u00fang t\u00f4i:<\/span><\/p>\n<ol>\n<li><span class=\"notranslate\">Cookie ri\u00eang cho m\u1ee5c \u0111\u00edch k\u1ef9 thu\u1eadt.<\/span><\/li>\n<li><span class=\"notranslate\">Cookie c\u1ee7a b\u00ean th\u1ee9 ba cho m\u1ee5c \u0111\u00edch ph\u00e2n t\u00edch.<\/span><\/li>\n<\/ol>\n<p><span class=\"notranslate\">T\u01b0\u01a1ng t\u1ef1 nh\u01b0 v\u1eady, TRENCILO SL th\u00f4ng b\u00e1o cho ng\u01b0\u1eddi d\u00f9ng r\u1eb1ng n\u00f3 c\u00f3 kh\u1ea3 n\u0103ng c\u1ea5u h\u00ecnh tr\u00ecnh duy\u1ec7t c\u1ee7a n\u00f3 \u0111\u1ec3 n\u00f3 \u0111\u01b0\u1ee3c th\u00f4ng b\u00e1o v\u1ec1 vi\u1ec7c ti\u1ebfp nh\u1eadn c\u00e1c cookie, n\u1ebfu c\u00f3 th\u1ec3, n\u1ebfu mu\u1ed1n, \u0111\u1ec3 ng\u0103n ch\u00fang kh\u00f4ng \u0111\u01b0\u1ee3c c\u00e0i \u0111\u1eb7t tr\u00ean \u0111\u0129a c\u1ee9ng.<\/span>\u00a0<span class=\"notranslate\">\u1ede \u0111\u00e2y ch\u00fang t\u00f4i cung c\u1ea5p c\u00e1c li\u00ean k\u1ebft c\u1ee7a m\u1ed9t s\u1ed1 tr\u00ecnh duy\u1ec7t, qua \u0111\u00f3 b\u1ea1n c\u00f3 th\u1ec3 t\u1ea1o c\u1ea5u h\u00ecnh n\u00e0y:<\/span><\/p>\n<p><span class=\"notranslate\">Firefox t\u1eeb \u0111\u00e2y:<\/span><\/p>\n<p><span class=\"notranslate\">https:\/\/support.mozilla.org\/es\/kb\/habilitar-y-deshabilitar-cookies-que-los-sitios-we<\/span><\/p>\n<p><span class=\"notranslate\">Chrome t\u1eeb \u0111\u00e2y:<\/span><\/p>\n<p><span class=\"notranslate\">https:\/\/support.google.com\/chrome\/answer\/95647?hl=vi<\/span><\/p>\n<p><span class=\"notranslate\">Internet Explorer t\u1eeb \u0111\u00e2y:<\/span><\/p>\n<p><span class=\"notranslate\">http:\/\/windows.microsoft.com\/es-es\/internet-explorer\/delete-manage-cookies#ie=ie-10<\/span><\/p>\n<p><span class=\"notranslate\">Safari t\u1eeb \u0111\u00e2y:<\/span><\/p>\n<p><span class=\"notranslate\">http:\/\/support.apple.com\/kb\/ph5042 Ho\u1ea1t \u0111\u1ed9ng t\u1ea1i \u0111\u00e2y: http:\/\/help.opera.com\/Windows\/11.50\/es-ES\/cookies.html<\/span><\/p>\n<p><span class=\"notranslate\"><strong>B\u1ea2O V\u1ec6 D\u1eee LI\u1ec6U<\/strong><\/span><\/p>\n<p><span class=\"notranslate\">Theo quy \u0111\u1ecbnh c\u1ee7a Lu\u1eadt H\u1eefu c\u01a1 15\/1999 v\u1ec1 B\u1ea3o v\u1ec7 D\u1eef li\u1ec7u C\u00e1 nh\u00e2n (LOPD), TENCILO SL th\u00f4ng b\u00e1o cho ng\u01b0\u1eddi d\u00f9ng trang web c\u1ee7a m\u00ecnh r\u1eb1ng d\u1eef li\u1ec7u c\u00e1 nh\u00e2n do c\u00f4ng ty thu th\u1eadp, s\u1eed d\u1ee5ng c\u00e1c bi\u1ec3u m\u1eabu tr\u00ean trang web c\u1ee7a m\u00ecnh , s\u1ebd \u0111\u01b0\u1ee3c gi\u1edbi thi\u1ec7u trong m\u1ed9t t\u1eadp tin t\u1ef1 \u0111\u1ed9ng thu\u1ed9c tr\u00e1ch nhi\u1ec7m c\u1ee7a TENCILO SL, \u0111\u1ec3 t\u1ea1o thu\u1eadn l\u1ee3i, x\u00fac ti\u1ebfn v\u00e0 th\u1ef1c hi\u1ec7n c\u00e1c cam k\u1ebft \u0111\u01b0\u1ee3c thi\u1ebft l\u1eadp gi\u1eefa hai b\u00ean.<\/span>\u00a0<span class=\"notranslate\">Ngo\u00e0i ra, TENCILO SL th\u00f4ng b\u00e1o v\u1ec1 kh\u1ea3 n\u0103ng th\u1ef1c hi\u1ec7n quy\u1ec1n truy c\u1eadp, h\u1ee7y b\u1ecf, c\u1ea3i ch\u00ednh v\u00e0 \u0111\u1ed1i l\u1eadp b\u1eb1ng c\u00e1ch vi\u1ebft th\u01b0 cho \u0111\u1ecba ch\u1ec9: Verge De Montserrat, 23 08130 &#8211; (Santa Perpetua De Mogoda) &#8211; Barcelona.<\/span>\u00a0<span class=\"notranslate\">M\u1eb7c d\u00f9 ng\u01b0\u1eddi d\u00f9ng kh\u00f4ng li\u00ean l\u1ea1c v\u1edbi TENCILO SL, nh\u01b0ng d\u1eef li\u1ec7u c\u1ee7a h\u1ecd kh\u00f4ng \u0111\u01b0\u1ee3c s\u1eeda \u0111\u1ed5i, ng\u01b0\u1eddi d\u00f9ng \u0111\u1ed3ng \u00fd th\u00f4ng b\u00e1o cho TENCILO SL b\u1ea5t k\u1ef3 bi\u1ebfn th\u1ec3 n\u00e0o v\u00e0 TENCILO SL \u0111\u00e3 \u0111\u1ed3ng \u00fd s\u1eed d\u1ee5ng ch\u00fang \u0111\u1ec3 x\u00e2y d\u1ef1ng l\u00f2ng trung th\u00e0nh gi\u1eefa m\u1ed1i quan h\u1ec7 gi\u1eefa c\u00e1c b\u00ean.<\/span><\/p>\n<p><span class=\"notranslate\"><strong>QUY\u1ec0N S\u1ede H\u1eeeU TR\u00cd TU\u1ec6<\/strong><\/span><\/p>\n<p><span class=\"notranslate\">Quy\u1ec1n s\u1edf h\u1eefu tr\u00ed tu\u1ec7 v\u00e0 s\u1edf h\u1eefu c\u00f4ng nghi\u1ec7p b\u1eaft ngu\u1ed3n t\u1eeb t\u1ea5t c\u1ea3 c\u00e1c v\u0103n b\u1ea3n, h\u00ecnh \u1ea3nh, c\u0169ng nh\u01b0 c\u00e1c ph\u01b0\u01a1ng ti\u1ec7n v\u00e0 h\u00ecnh th\u1ee9c tr\u00ecnh b\u00e0y v\u00e0 l\u1eafp r\u00e1p trang web c\u1ee7a b\u1ea1n thu\u1ed9c v\u1ec1 b\u1ea3n th\u00e2n ho\u1eb7c ng\u01b0\u1eddi \u0111\u01b0\u1ee3c chuy\u1ec3n nh\u01b0\u1ee3ng cho TENCILO SL.<\/span>\u00a0<span class=\"notranslate\">Do \u0111\u00f3, h\u1ecd s\u1ebd b\u1ea3o v\u1ec7 t\u00e0i s\u1ea3n tr\u00ed tu\u1ec7 c\u1ee7a h\u1ec7 th\u1ed1ng ph\u00e1p lu\u1eadt T\u00e2y Ban Nha, \u00e1p d\u1ee5ng c\u1ea3 c\u00e1c quy \u0111\u1ecbnh c\u1ee7a T\u00e2y Ban Nha v\u00e0 ch\u00e2u \u00c2u trong l\u0129nh v\u1ef1c n\u00e0y, c\u0169ng nh\u01b0 c\u00e1c \u0111i\u1ec1u \u01b0\u1edbc qu\u1ed1c t\u1ebf li\u00ean quan \u0111\u1ebfn ch\u1ee7 \u0111\u1ec1 v\u00e0 ch\u1eef k\u00fd c\u1ee7a T\u00e2y Ban Nha.<\/span><span class=\"notranslate\">M\u1ecdi quy\u1ec1n \u0111\u01b0\u1ee3c b\u1ea3o l\u01b0u.<\/span>\u00a0<span class=\"notranslate\">Tu\u00e2n th\u1ee7 Lu\u1eadt S\u1edf h\u1eefu tr\u00ed tu\u1ec7, vi\u1ec7c sao ch\u00e9p, ph\u00e2n ph\u1ed1i, truy\u1ec1n th\u00f4ng c\u00f4ng khai v\u00e0 s\u1eed d\u1ee5ng to\u00e0n b\u1ed9 ho\u1eb7c m\u1ed9t ph\u1ea7n n\u1ed9i dung c\u1ee7a trang web m\u00e0 kh\u00f4ng c\u00f3 s\u1ef1 \u0111\u1ed3ng \u00fd r\u00f5 r\u00e0ng c\u1ee7a TENCILO SL b\u1ecb nghi\u00eam c\u1ea5m.<\/span><\/p>\n<p><span class=\"notranslate\"><strong>H\u00c0NH \u0110\u1ed8NG PH\u00c1P L\u00dd, PH\u00c1P L\u00dd \u00c1P D\u1ee4NG V\u00c0 TH\u1ea8M QUY\u1ec0N<\/strong><\/span><\/p>\n<p><span class=\"notranslate\">TENCILO SL c\u0169ng c\u00f3 quy\u1ec1n n\u1ed9p c\u00e1c h\u00e0nh \u0111\u1ed9ng d\u00e2n s\u1ef1 ho\u1eb7c h\u00ecnh s\u1ef1 m\u00e0 x\u00e9t th\u1ea5y ph\u00f9 h\u1ee3p khi s\u1eed d\u1ee5ng kh\u00f4ng \u0111\u00fang trang web v\u00e0 n\u1ed9i dung c\u1ee7a n\u00f3 ho\u1eb7c vi ph\u1ea1m c\u00e1c \u0111i\u1ec1u ki\u1ec7n n\u00e0y.<\/span>\u00a0<span class=\"notranslate\">M\u1ed1i quan h\u1ec7 gi\u1eefa ng\u01b0\u1eddi d\u00f9ng v\u00e0 nh\u00e0 cung c\u1ea5p s\u1ebd \u0111\u01b0\u1ee3c \u0111i\u1ec1u ch\u1ec9nh b\u1edfi c\u00e1c quy \u0111\u1ecbnh hi\u1ec7n h\u00e0nh v\u00e0 \u00e1p d\u1ee5ng trong l\u00e3nh th\u1ed5 T\u00e2y Ban Nha.<\/span>\u00a0<span class=\"notranslate\">N\u1ebfu c\u00f3 tranh ch\u1ea5p ph\u00e1t sinh, c\u00e1c b\u00ean c\u00f3 th\u1ec3 \u0111\u1ec7 tr\u00ecnh c\u00e1c tranh ch\u1ea5p c\u1ee7a h\u1ecd l\u00ean tr\u1ecdng t\u00e0i ho\u1eb7c \u0111i \u0111\u1ebfn quy\u1ec1n t\u00e0i ph\u00e1n b\u00ecnh th\u01b0\u1eddng, tu\u00e2n th\u1ee7 c\u00e1c quy \u0111\u1ecbnh v\u1ec1 th\u1ea9m quy\u1ec1n v\u00e0 th\u1ea9m quy\u1ec1n trong v\u1ea5n \u0111\u1ec1 n\u00e0y.<\/span>\u00a0<span class=\"notranslate\">TENCILO SL c\u00f3 \u0111\u1ecba ch\u1ec9 t\u1ea1i Barcelona, \u200b\u200bT\u00e2y Ban Nha.<\/span><\/p>\n","protected":false},"excerpt":{"rendered":"<p>Theo Lu\u1eadt 34\/2002, ng\u00e0y 11<span class=\"excerpt-hellip\"> [\u2026]<\/span><\/p>\n","protected":false},"author":1,"featured_media":0,"parent":0,"menu_order":0,"comment_status":"closed","ping_status":"closed","template":"","meta":[],"_links":{"self":[{"href":"https:\/\/www.trencilo.com\/th\/wp-json\/wp\/v2\/pages\/1147"}],"collection":[{"href":"https:\/\/www.trencilo.com\/th\/wp-json\/wp\/v2\/pages"}],"about":[{"href":"https:\/\/www.trencilo.com\/th\/wp-json\/wp\/v2\/types\/page"}],"author":[{"embeddable":true,"href":"https:\/\/www.trencilo.com\/th\/wp-json\/wp\/v2\/users\/1"}],"replies":[{"embeddable":true,"href":"https:\/\/www.trencilo.com\/th\/wp-json\/wp\/v2\/comments?post=1147"}],"version-history":[{"count":1,"href":"https:\/\/www.trencilo.com\/th\/wp-json\/wp\/v2\/pages\/1147\/revisions"}],"predecessor-version":[{"id":1149,"href":"https:\/\/www.trencilo.com\/th\/wp-json\/wp\/v2\/pages\/1147\/revisions\/1149"}],"wp:attachment":[{"href":"https:\/\/www.trencilo.com\/th\/wp-json\/wp\/v2\/media?parent=1147"}],"curies":[{"name":"wp","href":"https:\/\/api.w.org\/{rel}","templated":true}]}}