{"id":2140,"date":"2023-09-04T08:16:51","date_gmt":"2023-09-04T08:16:51","guid":{"rendered":"https:\/\/www.trencilo.com\/?page_id=2140"},"modified":"2023-09-04T08:16:51","modified_gmt":"2023-09-04T08:16:51","slug":"trevelcro-general","status":"publish","type":"page","link":"https:\/\/www.trencilo.com\/th\/trevelcro-general\/","title":{"rendered":"TREVELCRO"},"content":{"rendered":"<section class=\"wpb-content-wrapper\"><p>[vc_row][vc_column][vc_empty_space][vc_single_image image=&#8221;2055&#8243; img_size=&#8221;medium&#8221; alignment=&#8221;center&#8221;][vc_btn title=&#8221;Catalogue PDF&#8221; size=&#8221;lg&#8221; align=&#8221;center&#8221; link=&#8221;url:https%3A%2F%2Fwww.trencilo.com%2Fwp-content%2Fuploads%2F2022%2F11%2FTrevelcro-EN.pdf||target:%20_blank|&#8221;][vc_column_text]<\/p>\n<h2>M\u00d3C V\u00c0 V\u00d2NG WEB<\/h2>\n<p>TREVELCO, v\u1ea3i d\u1ec7t \u0111\u00f3ng ti\u1ebfp x\u00fac d\u1ea1ng m\u00f3c v\u00e0 v\u00f2ng.<\/p>\n<ul>\n<li>100% nylon ch\u1ea5t l\u01b0\u1ee3ng cao<\/li>\n<li>\u0110\u1ed9 b\u1ec1n cao v\u00e0 kh\u1ea3 n\u0103ng ch\u1ed1ng l\u1ea1nh, n\u00f3ng v\u00e0 n\u01b0\u1edbc.<\/li>\n<li>C\u00f3 nhi\u1ec1u \u0111\u1ed9 d\u00e0y v\u00e0 m\u00e0u s\u1eafc<\/li>\n<li>Cu\u1ed9n 25 m\u00e9t<\/li>\n<li>T\u1ea5t c\u1ea3 c\u00e1c lo\u1ea1i \u1ee9ng d\u1ee5ng, gi\u00e0y d\u00e9p, qu\u1ea7n \u00e1o k\u1ef9 thu\u1eadt, ba l\u00f4, th\u1eddi trang, qu\u00e2n s\u1ef1&#8230;<\/li>\n<\/ul>\n<p>[\/vc_column_text][vc_single_image image=&#8221;2063&#8243; img_size=&#8221;full&#8221; alignment=&#8221;center&#8221; onclick=&#8221;img_link_large&#8221;][\/vc_column][\/vc_row]<\/p>\n<\/section>","protected":false},"excerpt":{"rendered":"<p>[vc_row][vc_column][vc_emp<span class=\"excerpt-hellip\"> [\u2026]<\/span><\/p>\n","protected":false},"author":1,"featured_media":0,"parent":0,"menu_order":0,"comment_status":"closed","ping_status":"closed","template":"","meta":[],"_links":{"self":[{"href":"https:\/\/www.trencilo.com\/th\/wp-json\/wp\/v2\/pages\/2140"}],"collection":[{"href":"https:\/\/www.trencilo.com\/th\/wp-json\/wp\/v2\/pages"}],"about":[{"href":"https:\/\/www.trencilo.com\/th\/wp-json\/wp\/v2\/types\/page"}],"author":[{"embeddable":true,"href":"https:\/\/www.trencilo.com\/th\/wp-json\/wp\/v2\/users\/1"}],"replies":[{"embeddable":true,"href":"https:\/\/www.trencilo.com\/th\/wp-json\/wp\/v2\/comments?post=2140"}],"version-history":[{"count":1,"href":"https:\/\/www.trencilo.com\/th\/wp-json\/wp\/v2\/pages\/2140\/revisions"}],"predecessor-version":[{"id":2144,"href":"https:\/\/www.trencilo.com\/th\/wp-json\/wp\/v2\/pages\/2140\/revisions\/2144"}],"wp:attachment":[{"href":"https:\/\/www.trencilo.com\/th\/wp-json\/wp\/v2\/media?parent=2140"}],"curies":[{"name":"wp","href":"https:\/\/api.w.org\/{rel}","templated":true}]}}