{"id":754,"date":"2018-05-09T15:48:47","date_gmt":"2018-05-09T15:48:47","guid":{"rendered":"http:\/\/trencilo.com\/?page_id=754"},"modified":"2023-09-04T07:32:42","modified_gmt":"2023-09-04T07:32:42","slug":"gioi-thieu","status":"publish","type":"page","link":"https:\/\/www.trencilo.com\/th\/gioi-thieu\/","title":{"rendered":"Gi\u1edbi thi\u1ec7u"},"content":{"rendered":"<section class=\"wpb-content-wrapper\"><p>[vc_row][vc_column width=&#8221;1\/3&#8243;][vc_column_text]<\/p>\n<h1>V\u1ec1 ch\u00fang t\u00f4i<\/h1>\n<p>[\/vc_column_text][vc_single_image image=&#8221;318&#8243; img_size=&#8221;full&#8221; css=&#8221;.vc_custom_1511276668170{margin-bottom: -10px !important;}&#8221;][vc_column_text]C\u00f4ng ty ch\u00fang t\u00f4i chuy\u00ean thi\u1ebft k\u1ebf, s\u1ea3n xu\u1ea5t v\u00e0 kinh doanh c\u00e1c s\u1ea3n ph\u1ea9m nh\u01b0 ch\u1ec9 b\u1ec7n, ch\u1ec9 xo\u1eafn, d\u00e2y gi\u00e0y v\u00e0 c\u00e1c lo\u1ea1i d\u00e2y kh\u00e1c, d\u00e2y chuy\u00ean d\u1ee5ng, ch\u1ec9 \u0111\u00e0n h\u1ed3i v\u00e0 ch\u1ec9 k\u1ef9 thu\u1eadt.<\/p>\n<p>Ch\u00fang t\u00f4i s\u1eed d\u1ee5ng m\u00e1y m\u00f3c c\u00f3 \u0111\u1ed9 ch\u00ednh x\u00e1c cao \u0111\u1ec3 s\u1ea3n xu\u1ea5t ra c\u00e1c s\u1ea3n ph\u1ea9m \u0111a d\u1ea1ng v\u1ec1 l\u1edbp ph\u1ee7 b\u1ec1 m\u1eb7t v\u00e0 ph\u01b0\u01a1ng ph\u00e1p k\u1ef9 thu\u1eadt cho t\u1eebng \u1ee9ng d\u1ee5ng kh\u00e1c nhau.<\/p>\n<p>Ch\u00fang t\u00f4i cung c\u1ea5p gi\u1ea3i ph\u00e1p cho nhi\u1ec1u ng\u00e0nh c\u00f4ng nghi\u1ec7p s\u1ea3n xu\u1ea5t c\u00e1c s\u1ea3n ph\u1ea9m nh\u01b0: gi\u00e0y, da, r\u00e8m c\u1eeda, c\u00e1c lo\u1ea1i l\u01b0\u1edbi, l\u1edbp b\u1ecdc \u0111\u1ed3 n\u1ed9i th\u1ea5t, v.v.<\/p>\n<p>Nh\u1edd v\u00e0o thi\u1ebft k\u1ebf v\u00e0 vi\u1ec7c ki\u1ec3m so\u00e1t quy tr\u00ecnh s\u1ea3n xu\u1ea5t, m\u1ed7i s\u1ea3n ph\u1ea9m \u0111\u1ea1t \u0111\u01b0\u1ee3c ch\u1ea5t l\u01b0\u1ee3ng \u1ed5n \u0111\u1ecbnh v\u1edbi \u0111\u1ed9 b\u1ec1n t\u1ed1i \u0111a mang l\u1ea1i hi\u1ec7u qu\u1ea3 t\u1ed1t nh\u1ea5t cho ng\u01b0\u1eddi s\u1eed d\u1ee5ng.[\/vc_column_text][\/vc_column][vc_column width=&#8221;1\/3&#8243;][vc_column_text]<\/p>\n<h1>\u0110\u1ed5i m\u1edbi<\/h1>\n<p>[\/vc_column_text][vc_single_image image=&#8221;326&#8243; img_size=&#8221;full&#8221; css=&#8221;.vc_custom_1511276867338{margin-bottom: -10px !important;}&#8221;][vc_column_text]<\/p>\n<ul>\n<li>Trong 50 n\u0103m qua, ch\u00fang t\u00f4i cung c\u1ea5p d\u1ecbch v\u1ee5 cho th\u1ecb tr\u01b0\u1eddng tr\u00ean c\u01b0\u01a1ng v\u1ecb l\u00e0 nh\u00e0 s\u1ea3n xu\u1ea5t ch\u1ec9, d\u00e2y gi\u00e0y v\u00e0 c\u00e1c lo\u1ea1i d\u00e2y kh\u00e1c cho c\u00e1c ng\u00e0nh c\u00f4ng nghi\u1ec7p, lu\u00f4n lu\u00f4n l\u1ea5y n\u1ec1n t\u1ea3ng l\u00e0 s\u1ef1 \u0111\u1ed5i m\u1edbi v\u00e0 s\u00e1ng t\u1ea1o.<\/li>\n<li>T\u1eeb n\u0103m 1974 ch\u00fang t\u00f4i \u0111\u00e3 tr\u1edf th\u00e0nh chuy\u00ean gia qu\u1ed1c t\u1ebf trong ng\u00e0nh gi\u00e0y d\u00e9p v\u00e0 c\u00e1c ng\u00e0nh c\u00f3 li\u00ean quan.<\/li>\n<li>Ch\u00fang t\u00f4i l\u00e0m vi\u1ec7c c\u00f9ng v\u1edbi kh\u00e1ch h\u00e0ng \u0111\u1ec3 \u0111\u00e1p \u1ee9ng nhu c\u1ea7u hi\u1ec7n t\u1ea1i v\u00e0 t\u01b0\u01a1ng lai c\u1ee7a kh\u00e1ch h\u00e0ng. Ch\u00fang t\u00f4i t\u1ea1o ra c\u00e1c l\u1edbp ph\u1ee7 m\u1edbi, x\u1eed l\u00fd l\u1edbp ph\u1ee7 b\u1ec1 m\u1eb7t theo y\u00eau c\u1ea7u, m\u00e0u s\u1eafc v\u00e0 m\u1eabu m\u00e3 theo y\u00eau c\u1ea7u c\u1ee7a kh\u00e1ch h\u00e0ng.<\/li>\n<li>Ch\u00fang t\u00f4i cung c\u1ea5p c\u00e1c gi\u1ea3i ph\u00e1p c\u1ea3i ti\u1ebfn k\u1ef9 thu\u1eadt cho t\u1eebng kh\u00e1ch h\u00e0ng.<\/li>\n<li>S\u1ea3n ph\u1ea9m c\u1ee7a ch\u00fang t\u00f4i \u0111a d\u1ea1ng v\u1ec1 m\u00e0u s\u1eafc. B\u00ean c\u1ea1nh \u0111\u00f3, ch\u00fang t\u00f4i c\u00f3 th\u1ec3 t\u1ea1o m\u00e0u trong ph\u00f2ng th\u00ed nghi\u1ec7m thi\u1ebft k\u1ebf m\u1eabu.<\/li>\n<li>Ch\u00fang t\u00f4i c\u00f3 m\u1ea1ng l\u01b0\u1edbi giao d\u1ecbch tr\u00ean to\u00e0n th\u1ebf gi\u1edbi \u0111\u1ec3 l\u00e0m vi\u1ec7c s\u00e1t c\u00e1nh c\u00f9ng v\u1edbi kh\u00e1ch h\u00e0ng.<\/li>\n<\/ul>\n<p>[\/vc_column_text][\/vc_column][vc_column width=&#8221;1\/3&#8243;][vc_column_text]<\/p>\n<h1>M\u00f4i tr\u01b0\u1eddng, t\u00e1i ch\u1ebf<\/h1>\n<p>[\/vc_column_text][vc_single_image image=&#8221;328&#8243; img_size=&#8221;full&#8221; css=&#8221;.vc_custom_1511277082757{margin-bottom: -10px !important;}&#8221;][vc_column_text]<\/p>\n<ul>\n<li>Quan t\u00e2m v\u1ec1 m\u00f4i tr\u01b0\u1eddng l\u00e0 gi\u00e1 tr\u1ecb c\u1ed1t l\u00f5i c\u1ee7a c\u00f4ng ty Trencilo.<\/li>\n<li>Ch\u00fang t\u00f4i t\u00e1i ch\u1ebf t\u1ea5t c\u1ea3 c\u00e1c v\u1eadt li\u1ec7u c\u00f2n s\u00f3t l\u1ea1i trong qu\u00e1 tr\u00ecnh s\u1ea3n xu\u1ea5t \u0111\u1ec3 g\u00f3p ph\u1ea7n x\u00e2y d\u1ef1ng m\u1ed9t m\u00f4i tr\u01b0\u1eddng to\u00e0n c\u1ea7u b\u1ec1n v\u1eefng v\u00e0 s\u1ea1ch h\u01a1n.<\/li>\n<li>Ch\u00fang t\u00f4i kh\u00f4ng s\u1eed d\u1ee5ng b\u1ea5t c\u1ee9 s\u1ea3n ph\u1ea9m hay ch\u1ea5t n\u00e0o b\u1ecb c\u1ea5m b\u1edfi T\u1ed5 ch\u1ee9c Y t\u1ebf Th\u1ebf gi\u1edbi WHO v\u00e0 c\u00e1c t\u1ed5 ch\u1ee9c qu\u1ed1c t\u1ebf kh\u00e1c.<\/li>\n<\/ul>\n<p>[\/vc_column_text][\/vc_column][\/vc_row][vc_row][vc_column width=&#8221;1\/3&#8243;][vc_column_text]<\/p>\n<h1>S\u1ea3n ph\u1ea9m th\u00e2n thi\u1ec7n v\u1edbi m\u00f4i tr\u01b0\u1eddng, b\u1ec1n v\u1eefng, t\u00e1i ch\u1ebf<\/h1>\n<p>[\/vc_column_text][vc_single_image image=&#8221;330&#8243; img_size=&#8221;full&#8221; css=&#8221;.vc_custom_1511277261661{margin-bottom: -10px !important;}&#8221;][vc_column_text]Ch\u00fang t\u00f4i s\u1ea3n xu\u1ea5t ch\u1ec9 v\u00e0 d\u00e2y b\u1eb1ng 100% polyester t\u00e1i ch\u1ebf t\u1eeb chai nh\u1ef1a, 100% b\u00f4ng h\u1eefu c\u01a1 v\u00e0 v\u1ea3i lanh, \u0111ay, gai v\u00e0 tre, nh\u1eefng nguy\u00ean li\u1ec7u d\u1ec7t th\u00e2n thi\u1ec7n v\u1edbi m\u00f4i tr\u01b0\u1eddng v\u1edbi m\u1ee9c s\u1eed d\u1ee5ng thu\u1ed1c tr\u1eeb s\u00e2u, ph\u00e2n b\u00f3n v\u00e0 thu\u1ed1c di\u1ec7t c\u1ecf t\u1ed5ng h\u1ee3p r\u1ea5t \u00edt. . Qu\u00e1 tr\u00ecnh s\u1ea3n xu\u1ea5t c\u1ee7a n\u00f3 quan t\u00e2m \u0111\u1ebfn h\u00e0nh tinh, s\u1ee9c kh\u1ecfe c\u1ee7a ng\u01b0\u1eddi ti\u00eau d\u00f9ng v\u00e0 \u0111i\u1ec1u ki\u1ec7n c\u1ee7a ng\u01b0\u1eddi s\u1ea3n xu\u1ea5t.[\/vc_column_text][\/vc_column][vc_column width=&#8221;1\/3&#8243;][vc_column_text]<\/p>\n<h1>Ti\u00eau chu\u1ea9n Lab &amp; Lab<\/h1>\n<p>[\/vc_column_text][vc_single_image image=&#8221;671&#8243; img_size=&#8221;full&#8221; css=&#8221;.vc_custom_1518685258042{margin-bottom: -10px !important;}&#8221;][vc_column_text]<\/p>\n<ul>\n<li>Trencilo c\u00f3 m\u1ed9t ph\u00f2ng th\u00ed nghi\u1ec7m d\u1ec7t nhu\u1ed9m ti\u00ean ti\u1ebfn v\u1edbi \u0111\u1ed9i ng\u0169 nh\u00e2n vi\u00ean c\u00f3 tr\u00ecnh \u0111\u1ed9 chuy\u00ean m\u00f4n cao. Ph\u00f2ng th\u00ed nghi\u1ec7m n\u00e0y c\u00f3 trang thi\u1ebft b\u1ecb hi\u1ec7n \u0111\u1ea1i v\u00e0 \u0111\u01b0\u1ee3c h\u1ed7 tr\u1ee3 b\u1edfi m\u1ed9t h\u1ec7 th\u1ed1ng \u0111o m\u00e0u ch\u00ednh x\u00e1c.<\/li>\n<li>T\u1ea5t c\u1ea3 s\u1ea3n ph\u1ea9m c\u1ee7a ch\u00fang t\u00f4i \u0111\u1ec1u tu\u00e2n theo c\u00e1c ki\u1ec3m so\u00e1t ch\u1ea5t l\u01b0\u1ee3ng nghi\u00eam ng\u1eb7t d\u1ef1a tr\u00ean m\u00f4 h\u00ecnh EFQM c\u1ee7a Li\u00ean minh Ch\u00e2u \u00c2u. Ch\u00fang t\u00f4i c\u0103n c\u1ee9 v\u00e0o ph\u01b0\u01a1ng ph\u00e1p ki\u1ec3m so\u00e1t ch\u1ea5t l\u01b0\u1ee3ng n\u00e0y \u0111\u1ec3 t\u1ef1 \u0111\u00e1nh gi\u00e1 v\u00e0 x\u00e1c \u0111\u1ecbnh qu\u00e1 tr\u00ecnh c\u1ea3i ti\u1ebfn li\u00ean t\u1ee5c.<\/li>\n<li>Ch\u00fang t\u00f4i th\u1ef1c hi\u1ec7n c\u00e1c b\u00e0i Test v\u00e0 B\u1ea3ng T\u1ef1 \u0111\u00e1nh gi\u00e1 s\u1ea3n ph\u1ea9m theo y\u00eau c\u1ea7u c\u1ee7a kh\u00e1ch h\u00e0ng. Ch\u00fang t\u00f4i l\u00e0m theo Ti\u00eau chu\u1ea9n OEKO TEX v\u00e0 REACH.<\/li>\n<\/ul>\n<p>[\/vc_column_text][\/vc_column][vc_column width=&#8221;1\/3&#8243;][vc_column_text]<\/p>\n<h1>Ti\u00eau chu\u1ea9n CSR\/RS<\/h1>\n<p>[\/vc_column_text][vc_single_image image=&#8221;334&#8243; img_size=&#8221;full&#8221; css=&#8221;.vc_custom_1511277588959{margin-bottom: -10px !important;}&#8221;][vc_column_text]<\/p>\n<h3>TR\u00c1CH NHI\u1ec6M \u0110\u1ed0I V\u1edaI X\u00c3 H\u1ed8I<\/h3>\n<ul>\n<li>Nh\u00e0 m\u00e1y c\u1ee7a ch\u00fang t\u00f4i \u1edf Vi\u1ec7t Nam c\u00f3 nh\u00e0 gi\u1eef tr\u1ebb cho nh\u00e2n vi\u00ean. Nh\u00e0 tr\u1ebb \u0111\u01b0\u1ee3c trang b\u1ecb c\u01a1 s\u1edf v\u1eadt ch\u1ea5t t\u1ed1t nh\u1ea5t v\u00e0 gi\u00e1o vi\u00ean c\u00f3 tr\u00ecnh \u0111\u1ed9 s\u01b0 ph\u1ea1m, t\u1ea1o \u0111i\u1ec1u ki\u1ec7n cho n\u1eef nh\u00e2n vi\u00ean v\u00e0 gia \u0111\u00ecnh c\u00f3 m\u1ed9t n\u01a1i an to\u00e0n v\u00e0 tin c\u1eady \u0111\u1ec3 g\u1eedi con v\u00e0 t\u1eeb \u0111\u00f3 n\u00e2ng cao ch\u1ea5t l\u01b0\u1ee3ng cu\u1ed9c s\u1ed1ng cho nh\u00e2n vi\u00ean.<\/li>\n<\/ul>\n<p>[\/vc_column_text][\/vc_column][\/vc_row][vc_row][vc_column width=&#8221;1\/3&#8243;][vc_column_text]<\/p>\n<h1>S\u1ee9 m\u1ec7nh<\/h1>\n<p>[\/vc_column_text][vc_single_image image=&#8221;336&#8243; img_size=&#8221;full&#8221; css=&#8221;.vc_custom_1511277798198{margin-bottom: -10px !important;}&#8221;][vc_column_text]<\/p>\n<ul>\n<li>Ch\u00fang t\u00f4i l\u00e0 nh\u00e0 s\u1ea3n xu\u1ea5t ch\u1ec9, d\u00e2y gi\u00e0y v\u00e0 c\u00e1c lo\u1ea1i d\u00e2y kh\u00e1c v\u1edbi 50 n\u0103m kinh nghi\u1ec7m.<\/li>\n<li>\u0110\u1ed1i t\u00e1c c\u1ee7a ch\u00fang t\u00f4i l\u00e0 nh\u1eefng c\u00f4ng ty lu\u00f4n kh\u00f4ng ng\u1eebng c\u1ea3i ti\u1ebfn k\u1ef9 thu\u1eadt \u0111\u1ec3 \u0111\u01b0a ra th\u1ecb tr\u01b0\u1eddng nh\u1eefng s\u1ea3n ph\u1ea9m ti\u00ean ti\u1ebfn. Ch\u00fang t\u00f4i ph\u00e1t tri\u1ec3n c\u00f9ng v\u1edbi h\u1ecd v\u00e0 v\u00ec h\u1ecd.<\/li>\n<li>Ch\u00fang t\u00f4i c\u00f3 m\u1eb7t \u1edf h\u1ea7u h\u1ebft c\u00e1c qu\u1ed1c gia tr\u00ean th\u1ebf gi\u1edbi v\u1edbi m\u1ed9t m\u1ea1ng l\u01b0\u1edbi th\u01b0\u01a1ng m\u1ea1i r\u1ed9ng l\u1edbn. Trung t\u00e2m s\u1ea3n xu\u1ea5t c\u1ee7a ch\u00fang t\u00f4i n\u1eb1m \u1edf Ch\u00e2u \u00c2u v\u00e0 Vi\u1ec7t Nam.<\/li>\n<li>Ch\u00fang t\u00f4i l\u00e0 m\u1ed9t c\u00f4ng ty n\u0103ng \u0111\u1ed9ng v\u00e0 l\u00e0m vi\u1ec7c hi\u1ec7u qu\u1ea3 \u0111\u1ec3 \u0111\u00e1p \u1ee9ng t\u1ed1t nh\u1ea5t c\u00e1c y\u00eau c\u1ea7u c\u1ee7a kh\u00e1ch h\u00e0ng.<\/li>\n<li>\u0110i\u1ec3m n\u1ed5i b\u1eadt c\u1ee7a c\u00f4ng ty ch\u00fang t\u00f4i l\u00e0 \u1edf s\u1ef1 \u0111a d\u1ea1ng v\u1ec1 c\u00e1c l\u1edbp ph\u1ee7 b\u1ec1 m\u1eb7t v\u00e0 thi\u1ebft k\u1ebf theo y\u00eau c\u1ea7u c\u1ee7a kh\u00e1ch h\u00e0ng cho t\u1eebng s\u1ea3n ph\u1ea9m.<\/li>\n<\/ul>\n<p>[\/vc_column_text][\/vc_column][vc_column width=&#8221;1\/3&#8243;][vc_column_text]<\/p>\n<h1>T\u1ea7m nh\u00ecn<\/h1>\n<p>[\/vc_column_text][vc_single_image image=&#8221;338&#8243; img_size=&#8221;full&#8221; css=&#8221;.vc_custom_1511277998456{margin-bottom: -10px !important;}&#8221;][vc_column_text]<\/p>\n<ul>\n<li>Ch\u00fang t\u00f4i mong mu\u1ed1n l\u00e0 m\u1ed9t c\u00f4ng ty \u0111\u1ee9ng \u0111\u1ea7u v\u1ec1 d\u1ecbch v\u1ee5 v\u00e0 c\u1ea3i ti\u1ebfn k\u1ef9 thu\u1eadt.<\/li>\n<li>Th\u1ecb tr\u01b0\u1eddng c\u1ee7a ch\u00fang t\u00f4i l\u00e0 to\u00e0n th\u1ebf gi\u1edbi, nh\u01b0ng ch\u00fang t\u00f4i l\u00fac n\u00e0o c\u0169ng lu\u00f4n quan t\u00e2m \u0111\u1ebfn nh\u1eefng kh\u00e1ch h\u00e0ng th\u00e2n thi\u1ebft c\u1ee7a m\u00ecnh.<\/li>\n<li>Ch\u00fang t\u00f4i l\u00e0 m\u1ed9t trong nh\u1eefng \u0111\u1ed1i t\u00e1c t\u1ed1t nh\u1ea5t \u1edf l\u0129nh v\u1ef1c c\u1ea3i ti\u1ebfn v\u00e0 \u1edf kh\u1ea3 n\u0103ng \u0111i\u1ec1u ch\u1ec9nh s\u1ea3n ph\u1ea9m, d\u1ecbch v\u1ee5 theo nhu c\u1ea7u hi\u1ec7n t\u1ea1i c\u1ee7a kh\u00e1ch h\u00e0ng v\u00e0 d\u1ef1 \u0111o\u00e1n c\u00e1c \u1ee9ng d\u1ee5ng trong t\u01b0\u01a1ng lai.<\/li>\n<li>\u0110i\u1ec3m kh\u00e1c bi\u1ec7t c\u1ee7a ch\u00fang t\u00f4i l\u00e0 \u1edf s\u1ef1 \u0111a d\u1ea1ng c\u1ee7a s\u1ea3n ph\u1ea9m, x\u1eed l\u00fd k\u1ef9 thu\u1eadt l\u1edbp ph\u1ee7 b\u1ec1 m\u1eb7t theo t\u1eebng \u1ee9ng d\u1ee5ng v\u1edbi m\u00e0u s\u1eafc \u0111a d\u1ea1ng theo y\u00eau c\u1ea7u c\u1ee7a kh\u00e1ch h\u00e0ng.<\/li>\n<li>Ch\u00fang t\u00f4i cam k\u1ebft th\u1ef1c hi\u1ec7n nghi\u00eam ch\u1ec9nh c\u00e1c quy \u0111\u1ecbnh v\u1ec1 b\u1ea3o v\u1ec7 m\u00f4i tr\u01b0\u1eddng.<\/li>\n<\/ul>\n<p>[\/vc_column_text][\/vc_column][vc_column width=&#8221;1\/3&#8243;][vc_column_text]<\/p>\n<h1>Gi\u00e1 tr\u1ecb c\u1ed1t l\u00f5i<\/h1>\n<p>[\/vc_column_text][vc_single_image image=&#8221;340&#8243; img_size=&#8221;full&#8221; css=&#8221;.vc_custom_1511278094758{margin-bottom: -10px !important;}&#8221;][vc_column_text]<\/p>\n<ul>\n<li>Ch\u00fang t\u00f4i l\u00e0 th\u1ebf h\u1ec7 th\u1ee9 hai c\u1ee7a m\u1ed9t c\u00f4ng ty gia \u0111\u00ecnh.<\/li>\n<li>T\u1eeb khi th\u00e0nh l\u1eadp \u0111\u1ebfn nay, ch\u00fang t\u00f4i lu\u00f4n th\u00edch nghi v\u00e0 c\u1ea3i ti\u1ebfn \u0111\u1ec3 \u0111\u00e1p \u1ee9ng nhu c\u1ea7u kh\u00f4ng ng\u1eebng bi\u1ebfn \u0111\u1ed5i c\u1ee7a th\u1ecb tr\u01b0\u1eddng.<\/li>\n<li>Ch\u00fang t\u00f4i \u0111\u1eb7t ni\u1ec1m tin v\u00e0o con ng\u01b0\u1eddi, \u0111\u00f3 ch\u00ednh l\u00e0 c\u0103n b\u1ea3n cho s\u1ef1 l\u1edbn m\u1ea1nh v\u00e0 ph\u00e1t tri\u1ec3n.<\/li>\n<li>Ch\u00fang t\u00f4i cam k\u1ebft h\u1ed7 tr\u1ee3 m\u1ed9t c\u00e1ch t\u1ed1t nh\u1ea5t cho kh\u00e1ch h\u00e0ng kh\u00f3 t\u00ednh nh\u1ea5t.<\/li>\n<\/ul>\n<p>[\/vc_column_text][\/vc_column][\/vc_row]<\/p>\n<\/section>","protected":false},"excerpt":{"rendered":"<p>[vc_row][vc_column width=&#038;<span class=\"excerpt-hellip\"> [\u2026]<\/span><\/p>\n","protected":false},"author":1,"featured_media":0,"parent":0,"menu_order":0,"comment_status":"closed","ping_status":"closed","template":"","meta":[],"_links":{"self":[{"href":"https:\/\/www.trencilo.com\/th\/wp-json\/wp\/v2\/pages\/754"}],"collection":[{"href":"https:\/\/www.trencilo.com\/th\/wp-json\/wp\/v2\/pages"}],"about":[{"href":"https:\/\/www.trencilo.com\/th\/wp-json\/wp\/v2\/types\/page"}],"author":[{"embeddable":true,"href":"https:\/\/www.trencilo.com\/th\/wp-json\/wp\/v2\/users\/1"}],"replies":[{"embeddable":true,"href":"https:\/\/www.trencilo.com\/th\/wp-json\/wp\/v2\/comments?post=754"}],"version-history":[{"count":5,"href":"https:\/\/www.trencilo.com\/th\/wp-json\/wp\/v2\/pages\/754\/revisions"}],"predecessor-version":[{"id":2126,"href":"https:\/\/www.trencilo.com\/th\/wp-json\/wp\/v2\/pages\/754\/revisions\/2126"}],"wp:attachment":[{"href":"https:\/\/www.trencilo.com\/th\/wp-json\/wp\/v2\/media?parent=754"}],"curies":[{"name":"wp","href":"https:\/\/api.w.org\/{rel}","templated":true}]}}