{"id":769,"date":"2018-05-10T07:41:02","date_gmt":"2018-05-10T07:41:02","guid":{"rendered":"http:\/\/trencilo.com\/?page_id=769"},"modified":"2023-09-04T08:13:20","modified_gmt":"2023-09-04T08:13:20","slug":"chi-ben","status":"publish","type":"page","link":"https:\/\/www.trencilo.com\/th\/chi-ben\/","title":{"rendered":"Ch\u1ec9 b\u1ec7n"},"content":{"rendered":"<section class=\"wpb-content-wrapper\"><p>[vc_row][vc_column][vc_column_text]<\/p>\n<div class=\"\">\n<p>\u0110\u1ec3 s\u1ea3n xu\u1ea5t ch\u1ec9 b\u1ec7n, ch\u00fang t\u00f4i l\u1ef1a ch\u1ecdn m\u1ed9t c\u00e1ch c\u1ea9n th\u1eadn c\u00e1c nguy\u00ean li\u1ec7u. Nguy\u00ean li\u1ec7u t\u1ef1 nhi\u00ean nh\u01b0 s\u1ee3i cotton, s\u1ee3i lanh, s\u1ee3i \u0111ay v\u00e0 nguy\u00ean li\u1ec7u t\u1ed5ng h\u1ee3p nh\u01b0 s\u1ee3i ni l\u00f4ng, s\u1ee3i polyester, 100% polyester t\u00e1i ch\u1ebf, s\u1ee3i polypropylene v\u00e0 s\u1ee3i t\u01a1 nh\u00e2n t\u1ea1o. Ch\u00fang t\u00f4i s\u1eed d\u1ee5ng \u0111\u1ed9c l\u1eadp c\u00e1c nguy\u00ean li\u1ec7u k\u1ec3 tr\u00ean ho\u1eb7c ph\u1ed1i tr\u1ed9n c\u00e1c lo\u1ea1i nguy\u00ean li\u1ec7u v\u1edbi nhau.<\/p>\n<p>Ch\u00fang t\u00f4i s\u1ea3n xu\u1ea5t ch\u1ec9 b\u1ec7n \u0111a d\u1ea1ng v\u1ec1 \u0111\u1ed9 d\u00e0y, t\u1eeb 0.5mm \u0111\u1ebfn 20mm, v\u1edbi nhi\u1ec1u c\u00e1ch x\u1eed l\u00fd v\u00e0 ph\u01b0\u01a1ng ph\u00e1p k\u1ef9 thu\u1eadt cho t\u1eebng lo\u1ea1i \u1ee9ng d\u1ee5ng kh\u00e1c nhau.<\/p>\n<p>M\u00e0u s\u1eafc \u0111a d\u1ea1ng d\u00e0nh ri\u00eang cho t\u1eebng lo\u1ea1i nguy\u00ean li\u1ec7u. Ngo\u00e0i ra, ch\u00fang t\u00f4i c\u00f3 th\u1ec3 nghi\u00ean c\u1ee9u trong ph\u00f2ng th\u00ed nghi\u1ec7m b\u1ea5t c\u1ee9 m\u00e0u n\u00e0o theo m\u1eabu ho\u1eb7c m\u00e3 m\u00e0u pantone.<\/p>\n<p>Ch\u1ec9 \u0111\u01b0\u1ee3c \u0111\u00f3ng g\u00f3i trong \u1ed1ng ch\u1ec9 ho\u1eb7c su\u1ed1t ch\u1ec9.<\/p>\n<\/div>\n<p>[\/vc_column_text][\/vc_column][\/vc_row][vc_row][vc_column width=&#8221;1\/2&#8243;][vc_single_image image=&#8221;586&#8243; img_size=&#8221;full&#8221;][\/vc_column][vc_column width=&#8221;1\/2&#8243;][vc_single_image image=&#8221;587&#8243; img_size=&#8221;full&#8221;][\/vc_column][\/vc_row][vc_row][vc_column][vc_column_text]<\/p>\n<h2><strong>Ch\u1ec9 b\u1ec7n polyester v\u1edbi \u0111\u1ed9 b\u1ec1n cao:<\/strong><\/h2>\n<h3>X\u1eed l\u00fd k\u1ef9 thu\u1eadt:<\/h3>\n<p>[\/vc_column_text][vc_single_image image=&#8221;283&#8243; img_size=&#8221;full&#8221;][vc_tta_tabs][vc_tta_section title=&#8221;WAX&#8221; tab_id=&#8221;1519744434053-f5f36050-370a&#8221;][vc_column_text]Ch\u1ec9 b\u1ec7n polyester c\u00f3 \u0111\u1ed9 b\u1ec1n cao c\u00f3 x\u1eed l\u00fd s\u00e1p \u0111\u01b0\u1ee3c s\u1eed d\u1ee5ng \u0111\u1ec3 may gi\u00e0y l\u01b0\u1eddi moccasin, \u0111\u1ebf gi\u00e0y v\u00e0 c\u00e1c \u0111\u1ed3 d\u00f9ng b\u1eb1ng da. L\u1edbp s\u00e1p x\u1eed l\u00fd \u0111\u1eb7c bi\u1ec7t gi\u00fap cho \u0111u\u00f4i ch\u1ec9 kh\u00f4ng b\u1ecb bung ho\u1eb7c b\u1ecb \u0111\u1ee9t. T\u00ednh \u1ed5n \u0111\u1ecbnh c\u1ee7a ch\u1ec9 gi\u00fap cho ch\u1ec9 c\u00f3 \u0111\u1ed9 co gi\u00e3n r\u1ea5t th\u1ea5p, th\u00edch h\u1ee3p cho c\u00e1c n\u00fat th\u1eaft v\u00e0 m\u0169i may ch\u1eb7t.<\/p>\n<p>Lo\u1ea1i ch\u1ec9 n\u00e0y th\u00edch h\u1ee3p \u0111\u1ec3 may tay ph\u1ea7n tr\u00ean c\u1ee7a gi\u00e0y l\u01b0\u1eddi moccasin, c\u00e1c s\u1ea3n ph\u1ea9m b\u1eb1ng da c\u0169ng nh\u01b0 c\u00e1c lo\u1ea1i v\u1eadt li\u1ec7u d\u00e0y, c\u1ee9ng v\u00e0 kh\u00f3 may.<\/p>\n<p>\u1ee8ng d\u1ee5ng ch\u00ednh:<\/p>\n<ul>\n<li>Ch\u1ec9 d\u00f9ng \u0111\u1ec3 may tay, may trang tr\u00ed cho gi\u00e0y moccasin, may \u0111\u1ebf gi\u00e0y v\u00e0 \u0111\u01b0\u1eddng vi\u1ec1n \u0111\u1ebf gi\u00e0y.<\/li>\n<li>S\u1ea3n ph\u1ea9m b\u1eb1ng da<\/li>\n<li>Th\u1eaft l\u01b0ng<\/li>\n<li>H\u00e0nh l\u00fd<\/li>\n<li>Y\u00ean xe<\/li>\n<li>L\u1edbp b\u1ecdc \u0111\u1ed3 n\u1ed9i th\u1ea5t<\/li>\n<li>Trang tr\u00ed gh\u1ebf<\/li>\n<li>\u0110\u00e8n c\u1ea7y<\/li>\n<li>V\u1eadt d\u1ee5ng d\u00f9ng trong h\u00e0ng h\u1ea3i<\/li>\n<li>D\u00f9ng \u0111\u1ec3 k\u1ebft n\u1ed1i v\u00e0 gia c\u1ed1 c\u00e1c v\u1eadt d\u1ee5ng k\u1ef9 thu\u1eadt<\/li>\n<\/ul>\n<p>[\/vc_column_text][\/vc_tta_section][vc_tta_section title=&#8221;NWAX&#8221; tab_id=&#8221;1519744434134-806e6cc0-73f6&#8243;][vc_column_text]Ch\u1ec9 b\u1ec7n polyester \u0111\u01b0\u1ee3c ph\u1ee7 m\u1ed9t l\u1edbp s\u00e1p m\u1ecfng d\u00f9ng cho m\u00e1y may chuy\u00ean d\u00f9ng \u0111\u1ec3 may gi\u00e0y l\u01b0\u1eddi moccasin, may \u0111\u1ebf h\u1ed9p theo k\u1ef9 thu\u1eadt kh\u00e2u gi\u00e0y Opanka v\u00e0 may theo ph\u01b0\u01a1ng ph\u00e1p Blake &amp; Rapid. X\u1eed l\u00fd n\u00e0y \u0111\u01b0\u1ee3c thi\u1ebft k\u1ebf v\u1edbi m\u1ed9t h\u00e0m l\u01b0\u1ee3ng s\u00e1p \u0111\u00e3 \u0111\u1ecbnh tr\u01b0\u1edbc th\u00f4ng qua quy tr\u00ecnh ph\u1ee7s\u00e1p hi\u1ec7u chu\u1ea9n, l\u00e0m cho x\u1eed l\u00fd c\u00f3 t\u00ednh tr\u01b0\u1ee3t gi\u00fap ng\u0103n ng\u1eeba s\u1ef1 b\u00e1m b\u1ea9n l\u00ean c\u00e1c b\u1ed9 ph\u1eadn c\u1ee7a m\u00e1y, tu\u1ed9t \u0111\u01b0\u1eddng kh\u00e2u, v\u00e0 quan tr\u1ecdng nh\u1ea5t l\u00e0 ch\u1ec9 kh\u00f4ng l\u00e0m v\u1ea5y b\u1ea9n nh\u1eefng ch\u1ea5t li\u1ec7u da tinh t\u1ebf.<\/p>\n<p>Lo\u1ea1i ch\u1ec9 n\u00e0y \u0111\u01b0\u1ee3c khuy\u1ebfn kh\u00edch s\u1eed d\u1ee5ng cho m\u00e1y may \u0111\u1eb7c bi\u1ec7t chuy\u00ean d\u00f9ng \u0111\u1ec3 may gi\u00e0y l\u01b0\u1eddi moccasin, ph\u1ea7n tr\u00ean c\u1ee7a \u0111\u00f4i gi\u00e0y, \u0111\u1ebf h\u1ed9p Opanka, v\u00e0 gi\u00e0y \u0111\u1ebf b\u1eb1ng Goodyear. Lo\u1ea1i ch\u1ec9 n\u00e0y r\u1ea5t l\u00fd t\u01b0\u1edfng cho ph\u01b0\u01a1ng ph\u00e1p may \u0111\u1ebf gi\u00e0y Blake &amp; Rapid.<\/p>\n<p>\u1ee8ng d\u1ee5ng ch\u00ednh:<\/p>\n<ul>\n<li>Gi\u00e0y c\u00f4ng s\u1edf, gi\u00e0y th\u01b0\u1eddng ph\u1ee5c v\u00e0 gi\u00e0y th\u1ec3 thao<\/li>\n<li>K\u1ef9 thu\u1eadt may gi\u00e0y Opanka, Blake v\u00e0 Goodyear.<\/li>\n<li>May t\u1ed1c \u0111\u1ed9 cao d\u00e0nh cho gi\u00e0y b\u1ed1t v\u00e0 gi\u00e0y b\u1ed1t ngang m\u1eafc c\u00e1<\/li>\n<li>May \u0111\u01b0\u1eddng vi\u1ec1n<\/li>\n<li>Kh\u00e2u ch\u00e9o, stitch vu\u00f4ng v\u00e0 k\u1ebft h\u1ee3p c\u00e1c ki\u1ec3u may kh\u00e1c nhau d\u00f9ng trong m\u00e1y may chuy\u00ean d\u1ee5ng<\/li>\n<li>\u0110\u01b0\u1eddng may \u0111a chi\u1ec1u, di\u1ec5u xu\u1ed1ng v\u00e0 may \u0111\u1ebf ngo\u00e0i<\/li>\n<li>May m\u0169i trang tr\u00ed tr\u00ean th\u1eaft l\u01b0ng, t\u00fai x\u00e1ch, h\u00e0nh l\u00fd v\u00e0 tr\u00ean da.<\/li>\n<\/ul>\n<p>[\/vc_column_text][\/vc_tta_section][vc_tta_section title=&#8221;LUB&#8221; tab_id=&#8221;1519744534701-92c0105f-68a1&#8243;][vc_column_text]Ch\u1ec9 b\u00f4i tr\u01a1n polyester \u0111\u01b0\u1ee3c l\u00e0m t\u1eeb s\u1ee3i filament li\u00ean t\u1ee5c \u0111\u01b0\u1ee3c \u1ed5n \u0111\u1ecbnh tr\u01b0\u1edbc v\u1edbi \u0111\u1ed9 b\u1ec1n cao d\u00f9ng \u0111\u1ec3 may m\u00e1y. Ch\u1ec9 \u0111\u01b0\u1ee3c d\u00f9ng \u0111\u1ec3 may t\u1ed1c \u0111\u1ed9 cao c\u00e1c m\u0169i may trang tr\u00ed tr\u00ean gi\u00e0y v\u00e0 tr\u00ean c\u00e1c s\u1ea3n ph\u1ea9m b\u1eb1ng da. \u0110\u1eb7c t\u00ednh kh\u00f4ng co gi\u00e3n, m\u1ec1m m\u1ea1i, b\u1ec1 m\u1eb7t tr\u01a1n c\u1ee7a ch\u1ec9 gi\u00fap cho c\u00e1c b\u1ed9 ph\u1eadn c\u1ee7a m\u00e1y kh\u00f4ng b\u1ecb hao m\u00f2n, mang l\u1ea1i hi\u1ec7u su\u1ea5t may t\u1ed1i \u01b0u tr\u00ean m\u00e1y may t\u1ed1c \u0111\u1ed9 nhanh cho ph\u00e9p t\u1ea1o ra m\u1ed9t \u0111\u01b0\u1eddng may \u0111\u1eb9p v\u00e0 c\u00f3 ki\u1ec3m so\u00e1t tr\u00ean gi\u00e0y da v\u00e0 tr\u00ean c\u00e1c s\u1ea3n ph\u1ea9m b\u1eb1ng da. Ch\u1ec9 \u0111\u01b0\u1ee3c d\u00f9ng cho c\u00e1c ph\u01b0\u01a1ng ph\u00e1p may gi\u00e0y nh\u01b0 Blake, San Crispino, apache v\u00e0 ideal, c\u0169ng nh\u01b0 d\u00f9ng \u0111\u1ec3 may gi\u00e0y l\u01b0\u1eddi moccasins, \u0111\u1ebf gi\u00e0y v\u00e0 \u0111\u01b0\u1eddng vi\u1ec1n.<\/p>\n<p>\u1ee8ng d\u1ee5ng ch\u00ednh:<\/p>\n<ul>\n<li>Gi\u00e0y c\u00f4ng s\u1edf v\u00e0 gi\u00e0y th\u01b0\u1eddng ph\u1ee5c<\/li>\n<li>S\u1ea3n ph\u1ea9m b\u1eb1ng da<\/li>\n<li>May \u0111\u01b0\u1eddng vi\u1ec1n<\/li>\n<li>May g\u00e1y s\u00e1ch, may m\u0169i trang tr\u00ed v\u00e0 may \u0111\u1ebf gi\u00e0y. May \u0111\u1ebf ngo\u00e0i.<\/li>\n<li>May theo ph\u01b0\u01a1ng ph\u00e1p Goodyear cho \u0111\u1ebf h\u1ed9p v\u00e0 \u0111\u1ebf b\u1eb1ng<\/li>\n<li>May ph\u1ea7n tr\u00ean b\u1ec1 m\u1eb7t da d\u00ea v\u00e0 da heo<\/li>\n<li>\u0110\u01b0\u1eddng may \u0111a chi\u1ec1u tr\u00ean da xe h\u01a1i<\/li>\n<li>\u00d4 t\u00f4<\/li>\n<\/ul>\n<p>[\/vc_column_text][\/vc_tta_section][vc_tta_section title=&#8221;SWAX&#8221; tab_id=&#8221;1519744563081-78668025-8050&#8243;][vc_column_text]Ch\u1ec9 b\u1ec7n Polyester \u0111\u01b0\u1ee3c ph\u1ee7 s\u00e1p paraffin d\u00f9ng cho may m\u00e1y, may \u0111\u1ebf h\u1ed9p Opanka, ph\u01b0\u01a1ng ph\u00e1p Blake &amp; Rapid v\u00e0 \u0111\u01b0\u1ee3c s\u1eed d\u1ee5ng trong ng\u00e0nh v\u1ea3i n\u1ed9i th\u1ea5t. X\u1eed l\u00fd n\u00e0y \u0111\u01b0\u1ee3c thi\u1ebft k\u1ebf v\u1edbi m\u1ed9t h\u00e0m l\u01b0\u1ee3ng d\u1ea7u paraffin \u0111\u00e3 \u0111\u1ecbnh tr\u01b0\u1edbc th\u00f4ng qua quy tr\u00ecnh ph\u1ee7s\u00e1p hi\u1ec7u chu\u1ea9n, l\u00e0m cho x\u1eed l\u00fd c\u00f3 t\u00ednh tr\u01b0\u1ee3t gi\u00fap ng\u0103n ng\u1eeba s\u1ef1 b\u00e1m b\u1ea9n c\u1ee7a m\u00e1y v\u00e0 tu\u1ed9t \u0111\u01b0\u1eddng kh\u00e2u.<\/p>\n<p>Lo\u1ea1i ch\u1ec9 n\u00e0y \u0111\u01b0\u1ee3c khuy\u1ebfn kh\u00edch s\u1eed d\u1ee5ng cho m\u00e1y may \u0111\u1eb7c bi\u1ec7t chuy\u00ean d\u00f9ng \u0111\u1ec3 may gi\u00e0y l\u01b0\u1eddi moccasin, ph\u1ea7n tr\u00ean c\u1ee7a \u0111\u00f4i gi\u00e0y, \u0111\u1ebf h\u1ed9p Opanka, v\u00e0 gi\u00e0y \u0111\u1ebf b\u1eb1ng Goodyear. Lo\u1ea1i ch\u1ec9 n\u00e0y r\u1ea5t l\u00fd t\u01b0\u1edfng cho ph\u01b0\u01a1ng ph\u00e1p kh\u00e2u \u0111\u1ebf gi\u00e0y Blake &amp; Rapid.<\/p>\n<p>\u1ee8ng d\u1ee5ng ch\u00ednh:<\/p>\n<ul>\n<li>K\u1ef9 thu\u1eadt may gi\u00e0y Blake, Rapid, Opanka v\u00e0 Goodyear<\/li>\n<li>Gi\u00e0y c\u00f4ng s\u1edf, gi\u00e0y th\u01b0\u1eddng ph\u1ee5c v\u00e0 gi\u00e0y th\u1ec3 thao<\/li>\n<li>May t\u1ed1c \u0111\u1ed9 cao d\u00e0nh cho gi\u00e0y b\u1ed1t ngang m\u1eafc c\u00e1 c\u00f3 \u0111\u1ebf h\u1ed9p<\/li>\n<li>M\u00e1y may gi\u00e0y l\u01b0\u1eddi moccasin v\u00e0 \u0111\u1ebf gi\u00e0y<\/li>\n<li>\u0110\u1ebf h\u1ed9p Opanka, v\u00e0 \u0111\u1ebf gi\u00e0y Goodyear<\/li>\n<li>May \u0111\u01b0\u1eddng vi\u1ec1n<\/li>\n<li>\u0110\u01b0\u1eddng may \u0111a chi\u1ec1u, kh\u00e2u ch\u00e9o, stitch vu\u00f4ng v\u00e0 k\u1ebft h\u1ee3p nhi\u1ec1u m\u0169i may kh\u00e1c nhau cho m\u00e1y may chuy\u00ean d\u1ee5ng.<\/li>\n<li>M\u0169i may trang tr\u00ed tr\u00ean th\u1eaft l\u01b0ng, t\u00fai x\u00e1ch, vali v\u00e0 tr\u00ean da.<\/li>\n<\/ul>\n<p>[\/vc_column_text][\/vc_tta_section][\/vc_tta_tabs][vc_column_text]<\/p>\n<h2><strong>Ch\u1ec9 b\u1ec7n ALPOL:<\/strong><\/h2>\n<p>Ch\u1ec9 b\u1ec7n Polyester-Cotton v\u1edbi nhi\u1ec1u \u0111\u1ed9 d\u00e0y kh\u00e1c nhau v\u00e0 c\u00f3 \u0111\u1ed9 tr\u01a1n th\u00edch h\u1ee3p \u0111\u1ec3 may th\u1eaft l\u01b0ng, \u0111\u01b0\u1eddng di\u1ec5u ph\u1eb3ng stitch down, welt v\u00e0 ideal. Ch\u1ec9 n\u00e0y c\u0169ng \u0111\u01b0\u1ee3c s\u1eed d\u1ee5ng \u0111\u1ec3 trang tr\u00ed gi\u00e0y v\u00e0 c\u00e1c s\u1ea3n ph\u1ea9m b\u1eb1ng da.<\/p>\n<p>Ch\u1ec9 \u0111\u01b0\u1ee3c x\u1eed l\u00fd c\u00f3 \u0111\u1ed9 tr\u01a1n \u0111\u1ec3 d\u1ec5 may.<\/p>\n<h2><strong><img decoding=\"async\" loading=\"lazy\" class=\"alignnone size-full wp-image-1154\" src=\"http:\/\/www.trencilo.com\/wp-content\/uploads\/2018\/06\/alpol.jpg\" alt=\"Alpol\" width=\"1920\" height=\"481\" srcset=\"https:\/\/www.trencilo.com\/wp-content\/uploads\/2018\/06\/alpol.jpg 1920w, https:\/\/www.trencilo.com\/wp-content\/uploads\/2018\/06\/alpol-300x75.jpg 300w, https:\/\/www.trencilo.com\/wp-content\/uploads\/2018\/06\/alpol-768x192.jpg 768w, https:\/\/www.trencilo.com\/wp-content\/uploads\/2018\/06\/alpol-1024x257.jpg 1024w, https:\/\/www.trencilo.com\/wp-content\/uploads\/2018\/06\/alpol-260x65.jpg 260w, https:\/\/www.trencilo.com\/wp-content\/uploads\/2018\/06\/alpol-50x13.jpg 50w, https:\/\/www.trencilo.com\/wp-content\/uploads\/2018\/06\/alpol-150x38.jpg 150w\" sizes=\"(max-width: 1920px) 100vw, 1920px\" \/><\/strong><\/h2>\n<h2><strong>Ch\u1ec9 lanh:<\/strong><\/h2>\n<p>Ch\u1ec9 b\u1ec7n b\u1eb1ng s\u1ee3i lanh v\u1edbi nhi\u1ec1u \u0111\u1ed9 d\u00e0y, c\u00e1ch x\u1eed l\u00fd v\u00e0 m\u00e0u s\u1eafc kh\u00e1c nhau d\u00f9ng cho nhi\u1ec1u \u1ee9ng d\u1ee5ng, d\u00f9ng \u0111\u1ec3 may m\u0169i trang tr\u00ed tr\u00ean gi\u00e0y, c\u00e1c s\u1ea3n ph\u1ea9m b\u1eb1ng da, th\u1eaft l\u01b0ng, v.v.<\/p>\n<h2><strong><img decoding=\"async\" loading=\"lazy\" class=\"alignnone size-full wp-image-1139\" src=\"http:\/\/www.trencilo.com\/wp-content\/uploads\/2018\/06\/lino.jpg\" alt=\"\" width=\"1920\" height=\"481\" srcset=\"https:\/\/www.trencilo.com\/wp-content\/uploads\/2018\/06\/lino.jpg 1920w, https:\/\/www.trencilo.com\/wp-content\/uploads\/2018\/06\/lino-300x75.jpg 300w, https:\/\/www.trencilo.com\/wp-content\/uploads\/2018\/06\/lino-768x192.jpg 768w, https:\/\/www.trencilo.com\/wp-content\/uploads\/2018\/06\/lino-1024x257.jpg 1024w, https:\/\/www.trencilo.com\/wp-content\/uploads\/2018\/06\/lino-260x65.jpg 260w, https:\/\/www.trencilo.com\/wp-content\/uploads\/2018\/06\/lino-50x13.jpg 50w, https:\/\/www.trencilo.com\/wp-content\/uploads\/2018\/06\/lino-150x38.jpg 150w\" sizes=\"(max-width: 1920px) 100vw, 1920px\" \/><\/strong><\/h2>\n<h2><strong>Ch\u1ec9 Ny l\u00f4ng:<\/strong><\/h2>\n<p>Ch\u1ec9 b\u1ec7n b\u1eb1ng ny l\u00f4ng Polyamide 6.6 c\u00f3 \u0111\u1ed9 d\u00e0y kh\u00e1c nhau, t\u1eeb 1.2mm \u0111\u1ebfn 6.0mm d\u00f9ng cho nhi\u1ec1u \u1ee9ng d\u1ee5ng kh\u00e1c nhau. \u0110a d\u1ea1ng v\u1ec1 m\u00e0u s\u1eafc.<\/p>\n<h2><strong><img decoding=\"async\" loading=\"lazy\" class=\"alignnone size-full wp-image-1150\" src=\"http:\/\/www.trencilo.com\/wp-content\/uploads\/2018\/06\/nylon.jpg\" alt=\"Nylon\" width=\"1920\" height=\"481\" srcset=\"https:\/\/www.trencilo.com\/wp-content\/uploads\/2018\/06\/nylon.jpg 1920w, https:\/\/www.trencilo.com\/wp-content\/uploads\/2018\/06\/nylon-300x75.jpg 300w, https:\/\/www.trencilo.com\/wp-content\/uploads\/2018\/06\/nylon-768x192.jpg 768w, https:\/\/www.trencilo.com\/wp-content\/uploads\/2018\/06\/nylon-1024x257.jpg 1024w, https:\/\/www.trencilo.com\/wp-content\/uploads\/2018\/06\/nylon-260x65.jpg 260w, https:\/\/www.trencilo.com\/wp-content\/uploads\/2018\/06\/nylon-50x13.jpg 50w, https:\/\/www.trencilo.com\/wp-content\/uploads\/2018\/06\/nylon-150x38.jpg 150w\" sizes=\"(max-width: 1920px) 100vw, 1920px\" \/><\/strong><\/h2>\n<h2><strong>Ch\u1ec9 kim tuy\u1ebfn:<\/strong><\/h2>\n<p>Ch\u1ec9 kim tuy\u1ebfn b\u1eb1ng nguy\u00ean li\u1ec7u Polyester \u0111a d\u1ea1ng v\u1ec1 \u0111\u1ed9 d\u00e0y v\u00e0 k\u00edch th\u01b0\u1edbc, c\u00f3 d\u1ea1ng dai v\u00e0 d\u1ea1ng \u0111\u00e0n h\u1ed3i.<\/p>\n<h2><strong><img decoding=\"async\" loading=\"lazy\" class=\"alignnone size-full wp-image-1137\" src=\"http:\/\/www.trencilo.com\/wp-content\/uploads\/2018\/06\/metalizado.jpg\" alt=\"\" width=\"1920\" height=\"481\" srcset=\"https:\/\/www.trencilo.com\/wp-content\/uploads\/2018\/06\/metalizado.jpg 1920w, https:\/\/www.trencilo.com\/wp-content\/uploads\/2018\/06\/metalizado-300x75.jpg 300w, https:\/\/www.trencilo.com\/wp-content\/uploads\/2018\/06\/metalizado-768x192.jpg 768w, https:\/\/www.trencilo.com\/wp-content\/uploads\/2018\/06\/metalizado-1024x257.jpg 1024w, https:\/\/www.trencilo.com\/wp-content\/uploads\/2018\/06\/metalizado-260x65.jpg 260w, https:\/\/www.trencilo.com\/wp-content\/uploads\/2018\/06\/metalizado-50x13.jpg 50w, https:\/\/www.trencilo.com\/wp-content\/uploads\/2018\/06\/metalizado-150x38.jpg 150w\" sizes=\"(max-width: 1920px) 100vw, 1920px\" \/><\/strong><\/h2>\n<h2><strong>Ch\u1ec9 b\u1ec7n k\u1ef9 thu\u1eadt:<\/strong><\/h2>\n<p>Ch\u00fang t\u00f4i s\u1ea3n xu\u1ea5t theo y\u00eau c\u1ea7u c\u1ee7a kh\u00e1ch h\u00e0ng ch\u1ec9 b\u1ec7n b\u1eb1ng s\u1ee3i Aramid nh\u01b0 Dyneema, Kevlar, s\u1ee3i th\u1ee7y tinh, v.v v\u1edbi nhi\u1ec1u c\u00e1ch x\u1eed l\u00fd \u0111\u1eb7c bi\u1ec7t nh\u01b0 x\u1eed l\u00fd nhi\u1ec7t, x\u1eed l\u00fd m\u00e0i m\u00f2n, x\u1eed l\u00fd c\u00e1ch nhi\u1ec7t, ch\u1ed1ng th\u1ea5m, t\u0129nh \u0111i\u1ec7n, FRL, v.v. d\u00f9ng cho nhi\u1ec1u \u1ee9ng d\u1ee5ng kh\u00e1c nhau.<\/p>\n<p><img decoding=\"async\" loading=\"lazy\" class=\"alignnone size-full wp-image-1158\" src=\"http:\/\/www.trencilo.com\/wp-content\/uploads\/2018\/06\/tecnicos.jpg\" alt=\"T\u00e9cnicos\" width=\"1920\" height=\"481\" srcset=\"https:\/\/www.trencilo.com\/wp-content\/uploads\/2018\/06\/tecnicos.jpg 1920w, https:\/\/www.trencilo.com\/wp-content\/uploads\/2018\/06\/tecnicos-300x75.jpg 300w, https:\/\/www.trencilo.com\/wp-content\/uploads\/2018\/06\/tecnicos-768x192.jpg 768w, https:\/\/www.trencilo.com\/wp-content\/uploads\/2018\/06\/tecnicos-1024x257.jpg 1024w, https:\/\/www.trencilo.com\/wp-content\/uploads\/2018\/06\/tecnicos-260x65.jpg 260w, https:\/\/www.trencilo.com\/wp-content\/uploads\/2018\/06\/tecnicos-50x13.jpg 50w, https:\/\/www.trencilo.com\/wp-content\/uploads\/2018\/06\/tecnicos-150x38.jpg 150w\" sizes=\"(max-width: 1920px) 100vw, 1920px\" \/>[\/vc_column_text][\/vc_column][\/vc_row]<\/p>\n<\/section>","protected":false},"excerpt":{"rendered":"<p>[vc_row][vc_column][vc_col<span class=\"excerpt-hellip\"> [\u2026]<\/span><\/p>\n","protected":false},"author":1,"featured_media":0,"parent":0,"menu_order":0,"comment_status":"closed","ping_status":"closed","template":"","meta":[],"_links":{"self":[{"href":"https:\/\/www.trencilo.com\/th\/wp-json\/wp\/v2\/pages\/769"}],"collection":[{"href":"https:\/\/www.trencilo.com\/th\/wp-json\/wp\/v2\/pages"}],"about":[{"href":"https:\/\/www.trencilo.com\/th\/wp-json\/wp\/v2\/types\/page"}],"author":[{"embeddable":true,"href":"https:\/\/www.trencilo.com\/th\/wp-json\/wp\/v2\/users\/1"}],"replies":[{"embeddable":true,"href":"https:\/\/www.trencilo.com\/th\/wp-json\/wp\/v2\/comments?post=769"}],"version-history":[{"count":11,"href":"https:\/\/www.trencilo.com\/th\/wp-json\/wp\/v2\/pages\/769\/revisions"}],"predecessor-version":[{"id":2137,"href":"https:\/\/www.trencilo.com\/th\/wp-json\/wp\/v2\/pages\/769\/revisions\/2137"}],"wp:attachment":[{"href":"https:\/\/www.trencilo.com\/th\/wp-json\/wp\/v2\/media?parent=769"}],"curies":[{"name":"wp","href":"https:\/\/api.w.org\/{rel}","templated":true}]}}