{"id":777,"date":"2018-05-10T10:10:18","date_gmt":"2018-05-10T10:10:18","guid":{"rendered":"http:\/\/trencilo.com\/?page_id=777"},"modified":"2018-05-10T10:11:31","modified_gmt":"2018-05-10T10:11:31","slug":"chi-xoan","status":"publish","type":"page","link":"https:\/\/www.trencilo.com\/th\/chi-xoan\/","title":{"rendered":"Ch\u1ec9 xo\u1eafn"},"content":{"rendered":"<section class=\"wpb-content-wrapper\"><p>[vc_row][vc_column][vc_column_text]Ch\u00fang t\u00f4i s\u1ea3n xu\u1ea5t \u0111a d\u1ea1ng c\u00e1c lo\u1ea1i ch\u1ec9 xo\u1eafn l\u00e0m t\u1eeb s\u1ee3i polyester c\u00f3 \u0111\u1ed9 b\u1ec1n cao, polyester ng\u1eafn c\u1eaft s\u1ee3i, ny l\u00f4ng, lanh, \u0111ay, polyester-cotton, viscose-lanh v\u00e0 nhi\u1ec1u nguy\u00ean li\u1ec7u kh\u00e1c. T\u1eeb 0.4mm \u0111\u1ebfn 100mm.<\/p>\n<p>\u0110a d\u1ea1ng v\u1ec1 x\u1eed l\u00fd b\u1ec1 m\u1eb7t v\u00e0 c\u00e1c x\u1eed l\u00fd k\u1ef9 thu\u1eadt \u0111a d\u1ea1ng cho t\u1ea5t c\u1ea3 c\u00e1c \u1ee9ng d\u1ee5ng.[\/vc_column_text][vc_column_text]<\/p>\n<h4>Lo\u1ea1i K<\/h4>\n<p>[\/vc_column_text][vc_single_image image=&#8221;563&#8243; img_size=&#8221;full&#8221;][vc_column_text]<\/p>\n<h4>Lo\u1ea1i B<\/h4>\n<p>[\/vc_column_text][vc_single_image image=&#8221;561&#8243; img_size=&#8221;full&#8221;][vc_column_text]<\/p>\n<h4>Ny l\u00f4ng ch\u1ed1ng m\u00e0i m\u00f2n<\/h4>\n<p>[\/vc_column_text][vc_single_image image=&#8221;565&#8243; img_size=&#8221;full&#8221;][vc_column_text]<\/p>\n<h4>Altor<\/h4>\n<p>[\/vc_column_text][vc_single_image image=&#8221;557&#8243; img_size=&#8221;full&#8221;][vc_column_text]<\/p>\n<h4>Altor bicolor<\/h4>\n<p>[\/vc_column_text][vc_single_image image=&#8221;493&#8243; img_size=&#8221;full&#8221;][vc_column_text]<\/p>\n<h4>Lanh<\/h4>\n<p>[\/vc_column_text][vc_single_image image=&#8221;567&#8243; img_size=&#8221;full&#8221;][vc_column_text]<\/p>\n<h4>\u0110ay<\/h4>\n<p>[\/vc_column_text][vc_single_image image=&#8221;569&#8243; img_size=&#8221;full&#8221;][\/vc_column][\/vc_row]<\/p>\n<\/section>","protected":false},"excerpt":{"rendered":"<p>[vc_row][vc_column][vc_col<span class=\"excerpt-hellip\"> [\u2026]<\/span><\/p>\n","protected":false},"author":1,"featured_media":0,"parent":0,"menu_order":0,"comment_status":"closed","ping_status":"closed","template":"","meta":[],"_links":{"self":[{"href":"https:\/\/www.trencilo.com\/th\/wp-json\/wp\/v2\/pages\/777"}],"collection":[{"href":"https:\/\/www.trencilo.com\/th\/wp-json\/wp\/v2\/pages"}],"about":[{"href":"https:\/\/www.trencilo.com\/th\/wp-json\/wp\/v2\/types\/page"}],"author":[{"embeddable":true,"href":"https:\/\/www.trencilo.com\/th\/wp-json\/wp\/v2\/users\/1"}],"replies":[{"embeddable":true,"href":"https:\/\/www.trencilo.com\/th\/wp-json\/wp\/v2\/comments?post=777"}],"version-history":[{"count":3,"href":"https:\/\/www.trencilo.com\/th\/wp-json\/wp\/v2\/pages\/777\/revisions"}],"predecessor-version":[{"id":784,"href":"https:\/\/www.trencilo.com\/th\/wp-json\/wp\/v2\/pages\/777\/revisions\/784"}],"wp:attachment":[{"href":"https:\/\/www.trencilo.com\/th\/wp-json\/wp\/v2\/media?parent=777"}],"curies":[{"name":"wp","href":"https:\/\/api.w.org\/{rel}","templated":true}]}}