{"id":786,"date":"2018-05-10T10:18:30","date_gmt":"2018-05-10T10:18:30","guid":{"rendered":"http:\/\/trencilo.com\/?page_id=786"},"modified":"2018-05-10T10:18:30","modified_gmt":"2018-05-10T10:18:30","slug":"day-chuyen-dung","status":"publish","type":"page","link":"https:\/\/www.trencilo.com\/th\/day-chuyen-dung\/","title":{"rendered":"D\u00e2y chuy\u00ean d\u1ee5ng"},"content":{"rendered":"<section class=\"wpb-content-wrapper\"><p>[vc_row][vc_column][vc_column_text]\u0110\u1ec3 s\u1ea3n xu\u1ea5t d\u00e2y chuy\u00ean d\u1ee5ng, ch\u00fang t\u00f4i l\u1ef1a ch\u1ecdn m\u1ed9t c\u00e1ch c\u1ea9n th\u1eadn c\u00e1c nguy\u00ean li\u1ec7u. Nguy\u00ean li\u1ec7u t\u1ef1 nhi\u00ean nh\u01b0 s\u1ee3i cotton, s\u1ee3i lanh, s\u1ee3i \u0111ay v\u00e0 nguy\u00ean li\u1ec7u t\u1ed5ng h\u1ee3p nh\u01b0 s\u1ee3i ni l\u00f4ng, s\u1ee3i polyester, s\u1ee3i polypropylene v\u00e0 s\u1ee3i t\u01a1 nh\u00e2n t\u1ea1o. Trong qu\u00e1 tr\u00ecnh s\u1ea3n xu\u1ea5t, ch\u00fang t\u00f4i s\u1eed d\u1ee5ng \u0111\u1ed9c l\u1eadp c\u00e1c nguy\u00ean li\u1ec7u k\u1ec3 tr\u00ean ho\u1eb7c ph\u1ed1i tr\u1ed9n c\u00e1c nguy\u00ean li\u1ec7u v\u1edbi nhau.<\/p>\n<p>Ch\u00fang t\u00f4i \u0111i\u1ec1u ch\u1ec9nh sao cho c\u00e1c nguy\u00ean li\u1ec7u th\u00edch \u1ee9ng v\u1edbi t\u1eebng x\u1eed l\u00fd v\u00e0 \u0111\u1ed9 d\u00e0y kh\u00e1c nhau \u0111\u1ec3 \u0111\u00e1p \u1ee9ng c\u00e1c y\u00eau c\u1ea7u c\u1ee5 th\u1ec3 c\u1ee7a kh\u00e1ch h\u00e0ng. C\u00e1c lo\u1ea1i d\u00e2y d\u00f9 c\u1ee7a ch\u00fang t\u00f4i \u0111\u01b0\u1ee3c gi\u1edbi thi\u1ec7u trong \u201cCatalogue S\u1ea3n ph\u1ea9m\u201d.<\/p>\n<p>N\u1ebfu qu\u00fd kh\u00e1ch h\u00e0ng kh\u00f4ng t\u00ecm th\u1ea5y s\u1ea3n ph\u1ea9m n\u00e0o ph\u00f9 h\u1ee3p v\u1edbi y\u00eau c\u1ea7u c\u1ee7a m\u00ecnh trong \u201cCatalogue S\u1ea3n ph\u1ea9m\u201d, xin h\u00e3y vui l\u00f2ng li\u00ean h\u1ec7 v\u1edbi ch\u00fang t\u00f4i. Ch\u00fang t\u00f4i s\u1eb5n s\u00e0ng nghi\u00ean c\u1ee9u \u0111\u1ec3 \u0111\u01b0a ra gi\u1ea3i ph\u00e1p t\u1ed1i \u01b0u cho qu\u00fd kh\u00e1ch.[\/vc_column_text][vc_single_image image=&#8221;591&#8243; img_size=&#8221;full&#8221;][\/vc_column][\/vc_row]<\/p>\n<\/section>","protected":false},"excerpt":{"rendered":"<p>[vc_row][vc_column][vc_col<span class=\"excerpt-hellip\"> [\u2026]<\/span><\/p>\n","protected":false},"author":1,"featured_media":0,"parent":0,"menu_order":0,"comment_status":"closed","ping_status":"closed","template":"","meta":[],"_links":{"self":[{"href":"https:\/\/www.trencilo.com\/th\/wp-json\/wp\/v2\/pages\/786"}],"collection":[{"href":"https:\/\/www.trencilo.com\/th\/wp-json\/wp\/v2\/pages"}],"about":[{"href":"https:\/\/www.trencilo.com\/th\/wp-json\/wp\/v2\/types\/page"}],"author":[{"embeddable":true,"href":"https:\/\/www.trencilo.com\/th\/wp-json\/wp\/v2\/users\/1"}],"replies":[{"embeddable":true,"href":"https:\/\/www.trencilo.com\/th\/wp-json\/wp\/v2\/comments?post=786"}],"version-history":[{"count":4,"href":"https:\/\/www.trencilo.com\/th\/wp-json\/wp\/v2\/pages\/786\/revisions"}],"predecessor-version":[{"id":792,"href":"https:\/\/www.trencilo.com\/th\/wp-json\/wp\/v2\/pages\/786\/revisions\/792"}],"wp:attachment":[{"href":"https:\/\/www.trencilo.com\/th\/wp-json\/wp\/v2\/media?parent=786"}],"curies":[{"name":"wp","href":"https:\/\/api.w.org\/{rel}","templated":true}]}}