{"id":795,"date":"2018-05-10T10:22:53","date_gmt":"2018-05-10T10:22:53","guid":{"rendered":"http:\/\/trencilo.com\/?page_id=795"},"modified":"2018-06-26T15:08:32","modified_gmt":"2018-06-26T15:08:32","slug":"chi-dan-hoi-va-day-dan-hoi","status":"publish","type":"page","link":"https:\/\/www.trencilo.com\/th\/chi-dan-hoi-va-day-dan-hoi\/","title":{"rendered":"Ch\u1ec9 \u0111\u00e0n h\u1ed3i v\u00e0 d\u00e2y \u0111\u00e0n h\u1ed3i"},"content":{"rendered":"<section class=\"wpb-content-wrapper\"><p>[vc_row][vc_column][vc_column_text]\u0110\u1ec3 s\u1ea3n xu\u1ea5t ch\u1ec9 \u0111\u00e0n h\u1ed3i v\u00e0 d\u00e2y \u0111\u00e0n h\u1ed3i, ch\u00fang t\u00f4i l\u1ef1a ch\u1ecdn m\u1ed9t c\u00e1ch c\u1ea9n th\u1eadn c\u00e1c nguy\u00ean li\u1ec7u. Nguy\u00ean li\u1ec7u t\u1ef1 nhi\u00ean nh\u01b0 s\u1ee3i cotton, s\u1ee3i lanh, s\u1ee3i \u0111ay v\u00e0 nguy\u00ean li\u1ec7u t\u1ed5ng h\u1ee3p \u0111\u01b0\u1ee3c s\u1eed d\u1ee5ng ch\u1ee7 y\u1ebfu l\u00e0 polyprophylene.<\/p>\n<p>Quy tr\u00ecnh s\u1ea3n xu\u1ea5t ch\u1ec9 \u0111\u00e0n h\u1ed3i \u0111\u01b0\u1ee3c tu\u00e2n th\u1ee7 m\u1ed9t c\u00e1ch nghi\u00eam ng\u1eb7t nh\u1eb1m \u0111\u1ea3m b\u1ea3o \u0111\u1ed9 \u0111\u00e0n h\u1ed3i \u0111\u01b0\u1ee3c x\u00e1c \u0111\u1ecbnh tr\u01b0\u1edbc th\u00edch \u1ee9ng v\u1edbi c\u00e1c \u0111\u1eb7c \u0111i\u1ec3m k\u1ef9 thu\u1eadt do kh\u00e1ch h\u00e0ng y\u00eau c\u1ea7u \u0111\u1ec3 cung c\u1ea5p cho kh\u00e1ch h\u00e0ng m\u1ed9t s\u1ea3n ph\u1ea9m t\u1ed1t nh\u1ea5t.<\/p>\n<p>C\u00e1c lo\u1ea1i ch\u1ec9 \u0111\u00e0n h\u1ed3i v\u00e0 d\u00e2y \u0111\u00e0n h\u1ed3i c\u1ee7a ch\u00fang t\u00f4i \u0111\u01b0\u1ee3c gi\u1edbi thi\u1ec7u trong \u201cCatalogue S\u1ea3n Ph\u1ea9m\u201d. C\u00e1c s\u1ea3n ph\u1ea9m trong Catalogue n\u00e0y \u0111\u01b0\u1ee3c t\u1ed5ng h\u1ee3p l\u1ea1i nh\u1edd v\u00e0o s\u1ef1 h\u1ed7 tr\u1ee3 c\u1ee7a kh\u00e1ch h\u00e0ng.<\/p>\n<p>N\u1ebfu qu\u00fd kh\u00e1ch h\u00e0ng kh\u00f4ng t\u00ecm th\u1ea5y s\u1ea3n ph\u1ea9m n\u00e0o ph\u00f9 h\u1ee3p v\u1edbi y\u00eau c\u1ea7u c\u1ee7a m\u00ecnh trong \u201cCatalogue S\u1ea3n ph\u1ea9m\u201d, xin h\u00e3y vui l\u00f2ng li\u00ean h\u1ec7 v\u1edbi ch\u00fang t\u00f4i. Ch\u00fang t\u00f4i s\u1eb5n s\u00e0ng nghi\u00ean c\u1ee9u \u0111\u1ec3 \u0111\u01b0a ra gi\u1ea3i ph\u00e1p t\u1ed1i \u01b0u cho qu\u00fd kh\u00e1ch.[\/vc_column_text][\/vc_column][\/vc_row][vc_row][vc_column width=&#8221;1\/2&#8243;][vc_single_image image=&#8221;605&#8243; img_size=&#8221;full&#8221;][\/vc_column][vc_column width=&#8221;1\/2&#8243;][vc_single_image image=&#8221;489&#8243; img_size=&#8221;full&#8221;][\/vc_column][\/vc_row][vc_row][vc_column][vc_single_image image=&#8221;1242&#8243; img_size=&#8221;full&#8221;][\/vc_column][\/vc_row]<\/p>\n<\/section>","protected":false},"excerpt":{"rendered":"<p>[vc_row][vc_column][vc_col<span class=\"excerpt-hellip\"> [\u2026]<\/span><\/p>\n","protected":false},"author":1,"featured_media":0,"parent":0,"menu_order":0,"comment_status":"closed","ping_status":"closed","template":"","meta":[],"_links":{"self":[{"href":"https:\/\/www.trencilo.com\/th\/wp-json\/wp\/v2\/pages\/795"}],"collection":[{"href":"https:\/\/www.trencilo.com\/th\/wp-json\/wp\/v2\/pages"}],"about":[{"href":"https:\/\/www.trencilo.com\/th\/wp-json\/wp\/v2\/types\/page"}],"author":[{"embeddable":true,"href":"https:\/\/www.trencilo.com\/th\/wp-json\/wp\/v2\/users\/1"}],"replies":[{"embeddable":true,"href":"https:\/\/www.trencilo.com\/th\/wp-json\/wp\/v2\/comments?post=795"}],"version-history":[{"count":4,"href":"https:\/\/www.trencilo.com\/th\/wp-json\/wp\/v2\/pages\/795\/revisions"}],"predecessor-version":[{"id":1245,"href":"https:\/\/www.trencilo.com\/th\/wp-json\/wp\/v2\/pages\/795\/revisions\/1245"}],"wp:attachment":[{"href":"https:\/\/www.trencilo.com\/th\/wp-json\/wp\/v2\/media?parent=795"}],"curies":[{"name":"wp","href":"https:\/\/api.w.org\/{rel}","templated":true}]}}