{"id":803,"date":"2018-05-10T10:34:55","date_gmt":"2018-05-10T10:34:55","guid":{"rendered":"http:\/\/trencilo.com\/?page_id=803"},"modified":"2018-05-10T11:18:01","modified_gmt":"2018-05-10T11:18:01","slug":"chi-ky-thuat-va-day-ky-thuat","status":"publish","type":"page","link":"https:\/\/www.trencilo.com\/th\/chi-ky-thuat-va-day-ky-thuat\/","title":{"rendered":"Ch\u1ec9 k\u1ef9 thu\u1eadt v\u00e0 d\u00e2y k\u1ef9 thu\u1eadt"},"content":{"rendered":"<section class=\"wpb-content-wrapper\"><p>[vc_row][vc_column][vc_column_text]Ch\u00fang t\u00f4i s\u1ea3n xu\u1ea5t theo y\u00eau c\u1ea7u c\u1ee7a kh\u00e1ch h\u00e0ng ch\u1ec9 k\u1ef9 thu\u1eadt v\u00e0 d\u00e2y k\u1ef9 thu\u1eadt b\u1eb1ng c\u00e1c lo\u1ea1i s\u1ee3i k\u1ef9 thu\u1eadt ti\u00ean ti\u1ebfn nh\u01b0 Dyneema, Kevlar, s\u1ee3i th\u1ee7y tinh, v.v. v\u1edbi c\u00e1c x\u1eed l\u00fd \u0111\u1eb7c bi\u1ec7t nh\u01b0 x\u1eed l\u00fd nhi\u1ec7t, x\u1eed l\u00fd m\u00e0i m\u00f2n, x\u1eed l\u00fd c\u00e1ch nhi\u1ec7t, ch\u1ed1ng th\u1ea5m, t\u0129nh \u0111i\u1ec7n, FRL, v.v. d\u00f9ng cho nhi\u1ec1u \u1ee9ng d\u1ee5ng kh\u00e1c nhau \u0111\u1ec3 \u0111\u00e1p \u1ee9ng y\u00eau c\u1ea7u c\u1ee7a kh\u00e1ch h\u00e0ng.<\/p>\n<p>S\u1ea3n ph\u1ea9m k\u1ef9 thu\u1eadt c\u1ee7a ch\u00fang t\u00f4i c\u00f3 th\u1ec3 \u0111\u01b0\u1ee3c s\u1ea3n xu\u1ea5t t\u1eeb m\u1ed9t s\u1ea3n ph\u1ea9m c\u00f3 s\u1eb5n. Ngo\u00e0i ra, ch\u00fang t\u00f4i c\u0169ng c\u00f3 th\u1ec3 s\u1ea3n xu\u1ea5t m\u1ed9t s\u1ea3n ph\u1ea9m ho\u00e0n to\u00e0n m\u1edbi.<\/p>\n<p>Ch\u00fang t\u00f4i c\u00f3 c\u00e1c ph\u01b0\u01a1ng ti\u1ec7n c\u1ea7n thi\u1ebft \u0111\u1ec3 ti\u1ebfn tr\u00ecnh nghi\u00ean c\u1ee9u, ph\u00e1t tri\u1ec3n v\u00e0 \u0111\u1ed5i m\u1edbi (R + D + i) \u0111\u01b0\u1ee3c th\u1ef1c hi\u1ec7n v\u1edbi s\u1ef1 ch\u00ednh x\u00e1c c\u1ea7n thi\u1ebft \u0111\u1ec3 lu\u00f4n \u0111\u00e1p \u1ee9ng c\u00e1c y\u00eau c\u1ea7u ti\u00eau chu\u1ea9n th\u00edch h\u1ee3p.<\/p>\n<p>V\u1edbi s\u1ef1 h\u1ed7 tr\u1ee3 l\u1eabn nhau gi\u1eefa c\u00e1c b\u1ed9 ph\u1eadn trong c\u00f4ng ty, ch\u00fang t\u00f4i c\u00f3 kh\u1ea3 n\u0103ng \u0111\u00e1p \u1ee9ng nhu c\u1ea7u hi\u1ec7n t\u1ea1i c\u0169ng nh\u01b0 trong t\u01b0\u01a1ng lai c\u1ee7a th\u1ecb tr\u01b0\u1eddng.<\/p>\n<p class=\"p1\" style=\"text-align: justify;\">N\u1ebfu qu\u00fd kh\u00e1ch c\u00f3 y\u00eau c\u1ea7u v\u1ec1 b\u1ea5t k\u1ef3 \u1ee9ng d\u1ee5ng n\u00e0o, ch\u00fang t\u00f4i r\u1ea5t vui l\u00f2ng ph\u1ee5c v\u1ee5 th\u00f4ng qua s\u1ef1 h\u1ee3p t\u00e1c minh b\u1ea1ch \u0111\u1ec3 c\u00f3 th\u1ec3 h\u1ed7 tr\u1ee3 cho qu\u00fd kh\u00e1ch kinh nghi\u1ec7m v\u00e0 ki\u1ebfn th\u1ee9c c\u1ee7a ch\u00fang t\u00f4i. B\u1eb1ng c\u00e1ch n\u00e0y, qu\u00fd kh\u00e1ch v\u00e0 ch\u00fang t\u00f4i c\u00f9ng c\u00f3 c\u01a1 h\u1ed9i \u0111\u1ec3 th\u1ef1c hi\u1ec7n ni\u1ec1m \u0111am m\u00ea s\u00e1ng t\u1ea1o.<\/p>\n<p>[\/vc_column_text][\/vc_column][\/vc_row][vc_row][vc_column width=&#8221;1\/2&#8243;][vc_single_image image=&#8221;595&#8243; img_size=&#8221;full&#8221;][\/vc_column][vc_column width=&#8221;1\/2&#8243;][vc_single_image image=&#8221;596&#8243; img_size=&#8221;full&#8221;][\/vc_column][\/vc_row]<\/p>\n<\/section>","protected":false},"excerpt":{"rendered":"<p>[vc_row][vc_column][vc_col<span class=\"excerpt-hellip\"> [\u2026]<\/span><\/p>\n","protected":false},"author":1,"featured_media":0,"parent":0,"menu_order":0,"comment_status":"closed","ping_status":"closed","template":"","meta":[],"_links":{"self":[{"href":"https:\/\/www.trencilo.com\/th\/wp-json\/wp\/v2\/pages\/803"}],"collection":[{"href":"https:\/\/www.trencilo.com\/th\/wp-json\/wp\/v2\/pages"}],"about":[{"href":"https:\/\/www.trencilo.com\/th\/wp-json\/wp\/v2\/types\/page"}],"author":[{"embeddable":true,"href":"https:\/\/www.trencilo.com\/th\/wp-json\/wp\/v2\/users\/1"}],"replies":[{"embeddable":true,"href":"https:\/\/www.trencilo.com\/th\/wp-json\/wp\/v2\/comments?post=803"}],"version-history":[{"count":2,"href":"https:\/\/www.trencilo.com\/th\/wp-json\/wp\/v2\/pages\/803\/revisions"}],"predecessor-version":[{"id":807,"href":"https:\/\/www.trencilo.com\/th\/wp-json\/wp\/v2\/pages\/803\/revisions\/807"}],"wp:attachment":[{"href":"https:\/\/www.trencilo.com\/th\/wp-json\/wp\/v2\/media?parent=803"}],"curies":[{"name":"wp","href":"https:\/\/api.w.org\/{rel}","templated":true}]}}