{"id":809,"date":"2018-05-10T11:25:00","date_gmt":"2018-05-10T11:25:00","guid":{"rendered":"http:\/\/trencilo.com\/?page_id=809"},"modified":"2018-05-10T11:25:00","modified_gmt":"2018-05-10T11:25:00","slug":"thiet-ke-moi","status":"publish","type":"page","link":"https:\/\/www.trencilo.com\/th\/thiet-ke-moi\/","title":{"rendered":"Thi\u1ebft k\u1ebf m\u1edbi"},"content":{"rendered":"<section class=\"wpb-content-wrapper\"><p>[vc_row][vc_column][vc_column_text]Ph\u00f2ng thi\u1ebft k\u1ebf c\u1ee7a ch\u00fang t\u00f4i kh\u00f4ng ng\u1eebng nghi\u00ean c\u1ee9u c\u00e1c \u1ee9ng d\u1ee5ng m\u1edbi cho s\u1ea3n ph\u1ea9m v\u00e0 ho\u00e0n thi\u1ec7n c\u00e1c s\u1ea3n ph\u1ea9m \u0111\u00e3 c\u00f3 th\u00f4ng qua vi\u1ec7c k\u1ebft h\u1ee3p c\u00e1c nguy\u00ean li\u1ec7u, \u0111\u1ed9 d\u00e0y, m\u00e0u s\u1eafc, c\u00e1ch x\u1eed l\u00fd c\u0169ng nh\u01b0 k\u1ebft h\u1ee3p c\u00e1c c\u00e1ch tr\u00ecnh b\u00e0y m\u1edbi.<\/p>\n<p>\u0110\u1ed1i v\u1edbi vi\u1ec7c c\u00f4ng nghi\u1ec7p h\u00f3a c\u00e1c s\u1ea3n ph\u1ea9m m\u1edbi, b\u00ean c\u1ea1nh vi\u1ec7c l\u1ef1a ch\u1ecdn m\u1ed9t c\u00e1ch c\u1ea9n th\u1eadn c\u00e1c nguy\u00ean li\u1ec7u s\u1ee3i th\u00f4ng th\u01b0\u1eddng, ch\u00fang t\u00f4i c\u00f2n s\u1eed d\u1ee5ng c\u00e1c lo\u1ea1i s\u1ee3i cho ph\u00e9p ch\u00fang t\u00f4i tu\u00e2n th\u1ee7 c\u00e1c ti\u00eau chu\u1ea9n k\u1ef9 thu\u1eadt c\u1ee7a s\u1ea3n ph\u1ea9m.<\/p>\n<p>V\u1edbi s\u1ef1 h\u1ed7 tr\u1ee3 l\u1eabn nhau gi\u1eefa c\u00e1c b\u1ed9 ph\u1eadn trong c\u00f4ng ty, ch\u00fang t\u00f4i c\u00f3 kh\u1ea3 n\u0103ng \u0111\u00e1p \u1ee9ng nhu c\u1ea7u hi\u1ec7n t\u1ea1i c\u0169ng nh\u01b0 trong t\u01b0\u01a1ng lai c\u1ee7a th\u1ecb tr\u01b0\u1eddng li\u00ean quan \u0111\u1ebfn ng\u00e0nh th\u1eddi trang, s\u1ea3n xu\u1ea5t s\u1ea3n ph\u1ea9m theo y\u00eau c\u1ea7u, \u0111a d\u1ea1ng v\u1ec1 m\u00e0u s\u1eafc, v\u1ec1 \u0111\u1ed9 d\u00e0y v\u00e0 c\u00e1ch x\u1eed l\u00fd \u0111\u1ec3 t\u1ea1o ra m\u1ed9t s\u1ea3n ph\u1ea9m n\u1ed5i b\u1eadt n\u00f3i ri\u00eang v\u00e0 cho ng\u00e0nh c\u00f4ng nghi\u1ec7p s\u00e1ng t\u1ea1o n\u00f3i chung.<\/p>\n<p>N\u1ebfu qu\u00fd kh\u00e1ch c\u00f3 y\u00eau c\u1ea7u v\u1ec1 b\u1ea5t k\u1ef3 \u1ee9ng d\u1ee5ng n\u00e0o, ch\u00fang t\u00f4i r\u1ea5t vui l\u00f2ng ph\u1ee5c v\u1ee5 th\u00f4ng qua s\u1ef1 h\u1ee3p t\u00e1c minh b\u1ea1ch \u0111\u1ec3 c\u00f3 th\u1ec3 h\u1ed7 tr\u1ee3 cho qu\u00fd kh\u00e1ch kinh nghi\u1ec7m v\u00e0 ki\u1ebfn th\u1ee9c c\u1ee7a ch\u00fang t\u00f4i. B\u1eb1ng c\u00e1ch n\u00e0y, qu\u00fd kh\u00e1ch v\u00e0 c\u00f4ng ty ch\u00fang t\u00f4i c\u00f9ng c\u00f3 c\u01a1 h\u1ed9i \u0111\u1ec3 th\u1ef1c hi\u1ec7n ni\u1ec1m \u0111am m\u00ea s\u00e1ng t\u1ea1o.[\/vc_column_text][vc_single_image image=&#8221;505&#8243; img_size=&#8221;full&#8221;][\/vc_column][\/vc_row]<\/p>\n<\/section>","protected":false},"excerpt":{"rendered":"<p>[vc_row][vc_column][vc_col<span class=\"excerpt-hellip\"> [\u2026]<\/span><\/p>\n","protected":false},"author":1,"featured_media":0,"parent":0,"menu_order":0,"comment_status":"closed","ping_status":"closed","template":"","meta":[],"_links":{"self":[{"href":"https:\/\/www.trencilo.com\/th\/wp-json\/wp\/v2\/pages\/809"}],"collection":[{"href":"https:\/\/www.trencilo.com\/th\/wp-json\/wp\/v2\/pages"}],"about":[{"href":"https:\/\/www.trencilo.com\/th\/wp-json\/wp\/v2\/types\/page"}],"author":[{"embeddable":true,"href":"https:\/\/www.trencilo.com\/th\/wp-json\/wp\/v2\/users\/1"}],"replies":[{"embeddable":true,"href":"https:\/\/www.trencilo.com\/th\/wp-json\/wp\/v2\/comments?post=809"}],"version-history":[{"count":2,"href":"https:\/\/www.trencilo.com\/th\/wp-json\/wp\/v2\/pages\/809\/revisions"}],"predecessor-version":[{"id":813,"href":"https:\/\/www.trencilo.com\/th\/wp-json\/wp\/v2\/pages\/809\/revisions\/813"}],"wp:attachment":[{"href":"https:\/\/www.trencilo.com\/th\/wp-json\/wp\/v2\/media?parent=809"}],"curies":[{"name":"wp","href":"https:\/\/api.w.org\/{rel}","templated":true}]}}