{"id":815,"date":"2018-05-10T11:30:37","date_gmt":"2018-05-10T11:30:37","guid":{"rendered":"http:\/\/trencilo.com\/?page_id=815"},"modified":"2018-05-10T11:30:37","modified_gmt":"2018-05-10T11:30:37","slug":"ung-dung","status":"publish","type":"page","link":"https:\/\/www.trencilo.com\/th\/ung-dung\/","title":{"rendered":"\u1ee8ng d\u1ee5ng"},"content":{"rendered":"<section class=\"wpb-content-wrapper\"><p>[vc_row][vc_column][vc_column_text]Ch\u00fang t\u00f4i thi\u1ebft k\u1ebf v\u00e0 s\u1ea3n xu\u1ea5t t\u1ea5t c\u1ea3 c\u00e1c lo\u1ea1i ch\u1ec9 d\u00e2y gi\u00e0y v\u00e0 c\u00e1c lo\u1ea1i d\u00e2y kh\u00e1c cho c\u00e1c l\u0129nh v\u1ef1c kh\u00e1c nhau nh\u01b0 may m\u1eb7c, da, ph\u1ee5 ki\u1ec7n, nh\u00e3n hi\u1ec7u, \u0111\u1ed3 trang s\u1ee9c, qu\u1ea3ng c\u00e1o, v\u00e0 v\u1ea3i n\u1ed9i th\u1ea5t, v.v.<\/p>\n<p>Ch\u00fang t\u00f4i thi\u1ebft k\u1ebf s\u1ea3n ph\u1ea9m theo y\u00eau c\u1ea7u c\u1ee7a kh\u00e1ch h\u00e0ng v\u1ec1 c\u1ea5u tr\u00fac, \u0111\u1ed9 d\u00e0y, c\u00e1ch x\u1eed l\u00fd, m\u00e0u s\u1eafc, c\u00e1ch tr\u00ecnh b\u00e0y s\u1ea3n ph\u1ea9m v\u00e0 ch\u00fang t\u00f4i c\u00f3 th\u1ec3 in hoa v\u0103n theo thi\u1ebft k\u1ebf m\u00e0 kh\u00e1ch h\u00e0ng mong mu\u1ed1n.[\/vc_column_text][\/vc_column][\/vc_row][vc_row][vc_column width=&#8221;1\/2&#8243;][vc_single_image image=&#8221;632&#8243; img_size=&#8221;full&#8221;][vc_single_image image=&#8221;631&#8243; img_size=&#8221;full&#8221;][\/vc_column][vc_column width=&#8221;1\/2&#8243;][vc_single_image image=&#8221;630&#8243; img_size=&#8221;full&#8221;][vc_single_image image=&#8221;629&#8243; img_size=&#8221;full&#8221;][\/vc_column][\/vc_row]<\/p>\n<\/section>","protected":false},"excerpt":{"rendered":"<p>[vc_row][vc_column][vc_col<span class=\"excerpt-hellip\"> [\u2026]<\/span><\/p>\n","protected":false},"author":1,"featured_media":0,"parent":0,"menu_order":0,"comment_status":"closed","ping_status":"closed","template":"","meta":[],"_links":{"self":[{"href":"https:\/\/www.trencilo.com\/th\/wp-json\/wp\/v2\/pages\/815"}],"collection":[{"href":"https:\/\/www.trencilo.com\/th\/wp-json\/wp\/v2\/pages"}],"about":[{"href":"https:\/\/www.trencilo.com\/th\/wp-json\/wp\/v2\/types\/page"}],"author":[{"embeddable":true,"href":"https:\/\/www.trencilo.com\/th\/wp-json\/wp\/v2\/users\/1"}],"replies":[{"embeddable":true,"href":"https:\/\/www.trencilo.com\/th\/wp-json\/wp\/v2\/comments?post=815"}],"version-history":[{"count":3,"href":"https:\/\/www.trencilo.com\/th\/wp-json\/wp\/v2\/pages\/815\/revisions"}],"predecessor-version":[{"id":819,"href":"https:\/\/www.trencilo.com\/th\/wp-json\/wp\/v2\/pages\/815\/revisions\/819"}],"wp:attachment":[{"href":"https:\/\/www.trencilo.com\/th\/wp-json\/wp\/v2\/media?parent=815"}],"curies":[{"name":"wp","href":"https:\/\/api.w.org\/{rel}","templated":true}]}}