{"id":828,"date":"2018-05-10T13:19:46","date_gmt":"2018-05-10T13:19:46","guid":{"rendered":"http:\/\/trencilo.com\/?page_id=828"},"modified":"2020-09-17T15:24:11","modified_gmt":"2020-09-17T15:24:11","slug":"theo-nguyen-lieu","status":"publish","type":"page","link":"https:\/\/www.trencilo.com\/th\/day-va-cac-day-khac\/theo-nguyen-lieu\/","title":{"rendered":"Theo nguy\u00ean li\u1ec7u"},"content":{"rendered":"<section class=\"wpb-content-wrapper\"><p>[vc_row][vc_column width=&#8221;1\/3&#8243;][vc_single_image image=&#8221;659&#8243; img_size=&#8221;500&#215;500&#8243; add_caption=&#8221;yes&#8221; onclick=&#8221;custom_link&#8221; title=&#8221;D\u00e2y gi\u00e0y v\u00e0 c\u00e1c lo\u1ea1i d\u00e2y cotton c\u00f3 ph\u1ee7s\u00e1p&#8221; link=&#8221;http:\/\/www.trencilo.com\/th\/day-va-cac-day-khac\/theo-nguyen-lieu\/day-giay-va-cac-loai-day-cotton-co-phu-sap\/&#8221;][\/vc_column][vc_column width=&#8221;1\/3&#8243;][vc_single_image image=&#8221;571&#8243; img_size=&#8221;500&#215;500&#8243; add_caption=&#8221;yes&#8221; onclick=&#8221;custom_link&#8221; title=&#8221;D\u00e2y gi\u00e0y v\u00e0 c\u00e1c lo\u1ea1i polyester&#8221; link=&#8221;http:\/\/www.trencilo.com\/th\/day-va-cac-day-khac\/theo-nguyen-lieu\/day-giay-va-cac-loai-day-polyester\/&#8221;][\/vc_column][vc_column width=&#8221;1\/3&#8243;][vc_single_image image=&#8221;656&#8243; img_size=&#8221;500&#215;500&#8243; add_caption=&#8221;yes&#8221; onclick=&#8221;custom_link&#8221; title=&#8221;D\u00e2y gi\u00e0y v\u00e0 c\u00e1c lo\u1ea1i kim tuy\u1ebfn&#8221; link=&#8221;http:\/\/www.trencilo.com\/th\/day-va-cac-day-khac\/theo-nguyen-lieu\/day-giay-va-cac-loai-day-kim-tuyen\/&#8221;][\/vc_column][\/vc_row][vc_row][vc_column width=&#8221;1\/3&#8243;][vc_single_image image=&#8221;652&#8243; img_size=&#8221;500&#215;500&#8243; add_caption=&#8221;yes&#8221; onclick=&#8221;custom_link&#8221; title=&#8221;D\u00e2y gi\u00e0y v\u00e0 c\u00e1c lo\u1ea1i d\u00e2y l\u00e0m t\u1eeb nguy\u00ean li\u1ec7u t\u1ef1 nhi\u00ean&#8221; link=&#8221;http:\/\/www.trencilo.com\/th\/day-va-cac-day-khac\/theo-nguyen-lieu\/day-giay-va-cac-loai-day-lam-tu-nguyen-lieu-tu-nhien\/&#8221;][\/vc_column][vc_column width=&#8221;1\/3&#8243;][vc_single_image image=&#8221;627&#8243; img_size=&#8221;500&#215;500&#8243; add_caption=&#8221;yes&#8221; onclick=&#8221;custom_link&#8221; title=&#8221;D\u00e2y gi\u00e0y v\u00e0 c\u00e1c lo\u1ea1i d\u00e2y t\u00e1i ch\u1ebf ho\u1eb7c d\u00e2y h\u1eefu c\u01a1&#8221; link=&#8221;http:\/\/www.trencilo.com\/th\/day-va-cac-day-khac\/theo-nguyen-lieu\/day-giay-va-cac-loai-day-tai-che-hoac-day-huu-co\/&#8221;][\/vc_column][vc_column width=&#8221;1\/3&#8243;][vc_single_image image=&#8221;575&#8243; img_size=&#8221;500&#215;500&#8243; add_caption=&#8221;yes&#8221; onclick=&#8221;custom_link&#8221; title=&#8221;C\u00e1c lo\u1ea1i d\u00e2y kh\u00e1c&#8221; link=&#8221;http:\/\/www.trencilo.com\/th\/day-va-cac-day-khac\/theo-nguyen-lieu\/cac-loai-day-khac\/&#8221;][\/vc_column][\/vc_row]<\/p>\n<\/section>","protected":false},"excerpt":{"rendered":"<p>[vc_row][vc_column width=&#038;<span class=\"excerpt-hellip\"> [\u2026]<\/span><\/p>\n","protected":false},"author":1,"featured_media":0,"parent":822,"menu_order":0,"comment_status":"closed","ping_status":"closed","template":"","meta":[],"_links":{"self":[{"href":"https:\/\/www.trencilo.com\/th\/wp-json\/wp\/v2\/pages\/828"}],"collection":[{"href":"https:\/\/www.trencilo.com\/th\/wp-json\/wp\/v2\/pages"}],"about":[{"href":"https:\/\/www.trencilo.com\/th\/wp-json\/wp\/v2\/types\/page"}],"author":[{"embeddable":true,"href":"https:\/\/www.trencilo.com\/th\/wp-json\/wp\/v2\/users\/1"}],"replies":[{"embeddable":true,"href":"https:\/\/www.trencilo.com\/th\/wp-json\/wp\/v2\/comments?post=828"}],"version-history":[{"count":5,"href":"https:\/\/www.trencilo.com\/th\/wp-json\/wp\/v2\/pages\/828\/revisions"}],"predecessor-version":[{"id":1970,"href":"https:\/\/www.trencilo.com\/th\/wp-json\/wp\/v2\/pages\/828\/revisions\/1970"}],"up":[{"embeddable":true,"href":"https:\/\/www.trencilo.com\/th\/wp-json\/wp\/v2\/pages\/822"}],"wp:attachment":[{"href":"https:\/\/www.trencilo.com\/th\/wp-json\/wp\/v2\/media?parent=828"}],"curies":[{"name":"wp","href":"https:\/\/api.w.org\/{rel}","templated":true}]}}