{"id":835,"date":"2018-05-10T14:17:01","date_gmt":"2018-05-10T14:17:01","guid":{"rendered":"http:\/\/trencilo.com\/?page_id=835"},"modified":"2018-05-10T14:17:01","modified_gmt":"2018-05-10T14:17:01","slug":"day-giay-va-cac-loai-day-cotton-co-phu-sap","status":"publish","type":"page","link":"https:\/\/www.trencilo.com\/th\/day-va-cac-day-khac\/theo-nguyen-lieu\/day-giay-va-cac-loai-day-cotton-co-phu-sap\/","title":{"rendered":"D\u00e2y gi\u00e0y v\u00e0 c\u00e1c lo\u1ea1i d\u00e2y cotton c\u00f3 ph\u1ee7 s\u00e1p"},"content":{"rendered":"<section class=\"wpb-content-wrapper\"><p>[vc_row][vc_column][vc_column_text]<\/p>\n<ul>\n<li>D\u00e2y b\u1ea3n d\u1eb9t v\u00e0 b\u1ea3n tr\u00f2n \u0111\u01b0\u1ee3c s\u1ea3n xu\u1ea5t t\u1eeb 100% cotton.<\/li>\n<li>T\u1eeb 1.0mm \u0111\u1ebfn 12mm.<\/li>\n<li>D\u00e2y cotton kh\u00f4ng ph\u1ee7 s\u00e1p ho\u1eb7c ph\u1ee7 s\u00e1p b\u00f3ng c\u00f3 b\u1ec1 m\u1eb7t d\u00e2y s\u00e1ng \u0111\u1eb9p v\u00e0 m\u1ec1m m\u1ea1i l\u00e0m cho d\u00e2y tr\u00f4ng gi\u1ed1ng nh\u01b0 da.<\/li>\n<li>64 m\u00e0u c\u00f3 s\u1eb5n v\u00e0 nh\u1eefng m\u00e0u kh\u00e1c \u0111\u01b0\u1ee3c thi\u1ebft k\u1ebf theo m\u1eabu ho\u1eb7c m\u00e3 m\u00e0u pantone.<\/li>\n<\/ul>\n<p>[\/vc_column_text][vc_single_image image=&#8221;659&#8243; img_size=&#8221;full&#8221;][vc_column_text]<\/p>\n<h3>D\u00e2y gi\u00e0y v\u00e0 c\u00e1c lo\u1ea1i d\u00e2y cotton c\u00f3 ph\u1ee7 s\u00e1p b\u1ea3n tr\u00f2n (trang ph\u1ee5c h\u00e0ng ng\u00e0y, trang ph\u1ee5c c\u00f4ng s\u1edf, th\u1eaft l\u01b0ng)<\/h3>\n<p>[\/vc_column_text][vc_gallery type=&#8221;image_grid&#8221; images=&#8221;466,467,468,469,470&#8243; img_size=&#8221;97&#215;449&#8243;][\/vc_column][\/vc_row]<\/p>\n<\/section>","protected":false},"excerpt":{"rendered":"<p>[vc_row][vc_column][vc_col<span class=\"excerpt-hellip\"> [\u2026]<\/span><\/p>\n","protected":false},"author":1,"featured_media":0,"parent":828,"menu_order":0,"comment_status":"closed","ping_status":"closed","template":"","meta":[],"_links":{"self":[{"href":"https:\/\/www.trencilo.com\/th\/wp-json\/wp\/v2\/pages\/835"}],"collection":[{"href":"https:\/\/www.trencilo.com\/th\/wp-json\/wp\/v2\/pages"}],"about":[{"href":"https:\/\/www.trencilo.com\/th\/wp-json\/wp\/v2\/types\/page"}],"author":[{"embeddable":true,"href":"https:\/\/www.trencilo.com\/th\/wp-json\/wp\/v2\/users\/1"}],"replies":[{"embeddable":true,"href":"https:\/\/www.trencilo.com\/th\/wp-json\/wp\/v2\/comments?post=835"}],"version-history":[{"count":2,"href":"https:\/\/www.trencilo.com\/th\/wp-json\/wp\/v2\/pages\/835\/revisions"}],"predecessor-version":[{"id":838,"href":"https:\/\/www.trencilo.com\/th\/wp-json\/wp\/v2\/pages\/835\/revisions\/838"}],"up":[{"embeddable":true,"href":"https:\/\/www.trencilo.com\/th\/wp-json\/wp\/v2\/pages\/828"}],"wp:attachment":[{"href":"https:\/\/www.trencilo.com\/th\/wp-json\/wp\/v2\/media?parent=835"}],"curies":[{"name":"wp","href":"https:\/\/api.w.org\/{rel}","templated":true}]}}