{"id":841,"date":"2018-05-10T14:20:33","date_gmt":"2018-05-10T14:20:33","guid":{"rendered":"http:\/\/trencilo.com\/?page_id=841"},"modified":"2018-05-10T14:20:33","modified_gmt":"2018-05-10T14:20:33","slug":"day-giay-va-cac-loai-day-polyester","status":"publish","type":"page","link":"https:\/\/www.trencilo.com\/th\/day-va-cac-day-khac\/theo-nguyen-lieu\/day-giay-va-cac-loai-day-polyester\/","title":{"rendered":"D\u00e2y gi\u00e0y v\u00e0 c\u00e1c lo\u1ea1i d\u00e2y Polyester"},"content":{"rendered":"<section class=\"wpb-content-wrapper\"><p>[vc_row][vc_column][vc_column_text]<\/p>\n<ul>\n<li>Ch\u00fang t\u00f4i s\u1ea3n xu\u1ea5t d\u00e2y gi\u00e0y v\u00e0 c\u00e1c lo\u1ea1i d\u00e2y b\u1eb1ng s\u1ee3i d\u00fan polyester, b\u1ea3n d\u1eb9t, b\u1ea3n tr\u00f2n, b\u1ea3n b\u1ea7u d\u1ee5c v\u00e0 nhi\u1ec1u c\u1ea5u tr\u00fac \u0111a d\u1ea1ng kh\u00e1c nhau.<\/li>\n<li>S\u1ea3n ph\u1ea9m d\u00e0nh cho gi\u00e0y v\u1edbi \u0111\u1ed9 d\u00e0y, k\u1ef9 thu\u1eadt v\u00e0 m\u00e0u s\u1eafc \u0111a d\u1ea1ng thi\u1ebft k\u1ebf theo y\u00eau c\u1ea7u.<\/li>\n<li>64 m\u00e0u c\u00f3 s\u1eb5n v\u00e0 nh\u1eefng m\u00e0u kh\u00e1c \u0111\u01b0\u1ee3c thi\u1ebft k\u1ebf theo m\u1eabu ho\u1eb7c m\u00e3 m\u00e0u pantone.<\/li>\n<li>Ch\u00fang t\u00f4i c\u0169ng s\u1ea3n xu\u1ea5t d\u00e2y gi\u00e0y v\u00e0 c\u00e1c lo\u1ea1i d\u00e2y t\u1eeb polyester c\u00f3 \u0111\u1ed9 b\u1ec1n cao v\u00e0 polyester ng\u1eafn c\u1eaft s\u1ee3i.<\/li>\n<\/ul>\n<p>[\/vc_column_text][vc_single_image image=&#8221;571&#8243; img_size=&#8221;full&#8221;][\/vc_column][\/vc_row]<\/p>\n<\/section>","protected":false},"excerpt":{"rendered":"<p>[vc_row][vc_column][vc_col<span class=\"excerpt-hellip\"> [\u2026]<\/span><\/p>\n","protected":false},"author":1,"featured_media":0,"parent":828,"menu_order":0,"comment_status":"closed","ping_status":"closed","template":"","meta":[],"_links":{"self":[{"href":"https:\/\/www.trencilo.com\/th\/wp-json\/wp\/v2\/pages\/841"}],"collection":[{"href":"https:\/\/www.trencilo.com\/th\/wp-json\/wp\/v2\/pages"}],"about":[{"href":"https:\/\/www.trencilo.com\/th\/wp-json\/wp\/v2\/types\/page"}],"author":[{"embeddable":true,"href":"https:\/\/www.trencilo.com\/th\/wp-json\/wp\/v2\/users\/1"}],"replies":[{"embeddable":true,"href":"https:\/\/www.trencilo.com\/th\/wp-json\/wp\/v2\/comments?post=841"}],"version-history":[{"count":2,"href":"https:\/\/www.trencilo.com\/th\/wp-json\/wp\/v2\/pages\/841\/revisions"}],"predecessor-version":[{"id":845,"href":"https:\/\/www.trencilo.com\/th\/wp-json\/wp\/v2\/pages\/841\/revisions\/845"}],"up":[{"embeddable":true,"href":"https:\/\/www.trencilo.com\/th\/wp-json\/wp\/v2\/pages\/828"}],"wp:attachment":[{"href":"https:\/\/www.trencilo.com\/th\/wp-json\/wp\/v2\/media?parent=841"}],"curies":[{"name":"wp","href":"https:\/\/api.w.org\/{rel}","templated":true}]}}