{"id":847,"date":"2018-05-10T14:23:33","date_gmt":"2018-05-10T14:23:33","guid":{"rendered":"http:\/\/trencilo.com\/?page_id=847"},"modified":"2018-05-10T14:23:33","modified_gmt":"2018-05-10T14:23:33","slug":"day-giay-va-cac-loai-day-kim-tuyen","status":"publish","type":"page","link":"https:\/\/www.trencilo.com\/th\/day-va-cac-day-khac\/theo-nguyen-lieu\/day-giay-va-cac-loai-day-kim-tuyen\/","title":{"rendered":"D\u00e2y gi\u00e0y v\u00e0 c\u00e1c lo\u1ea1i d\u00e2y kim tuy\u1ebfn"},"content":{"rendered":"<section class=\"wpb-content-wrapper\"><p>[vc_row][vc_column][vc_column_text]<\/p>\n<ul>\n<li>D\u00e2y gi\u00e0y v\u00e0 c\u00e1c lo\u1ea1i d\u00e2y \u0111\u01b0\u1ee3c s\u1ea3n xu\u1ea5t t\u1eeb 100% s\u1ee3i kim tuy\u1ebfn polyester.<\/li>\n<li>B\u1ea3n d\u1eb9t v\u00e0 b\u1ea3n tr\u00f2n \u0111a d\u1ea1ng v\u1ec1 k\u00edch th\u01b0\u1edbc<\/li>\n<li>D\u00e2y gi\u00e0y v\u00e0 c\u00e1c lo\u1ea1i d\u00e2y thi\u1ebft k\u1ebf theo y\u00eau c\u1ea7u c\u1ee7a kh\u00e1ch h\u00e0ng<\/li>\n<\/ul>\n<p>[\/vc_column_text][vc_single_image image=&#8221;656&#8243; img_size=&#8221;full&#8221;][vc_column_text]<\/p>\n<h3>Met\u00e1licos (Sneakers, deportivo)<\/h3>\n<p>[\/vc_column_text][vc_gallery type=&#8221;image_grid&#8221; images=&#8221;431,432,433,434,435,436,437,438,439,440,441,442,443,444,445,446,447&#8243; img_size=&#8221;97&#215;400&#8243;][\/vc_column][\/vc_row]<\/p>\n<\/section>","protected":false},"excerpt":{"rendered":"<p>[vc_row][vc_column][vc_col<span class=\"excerpt-hellip\"> [\u2026]<\/span><\/p>\n","protected":false},"author":1,"featured_media":0,"parent":828,"menu_order":0,"comment_status":"closed","ping_status":"closed","template":"","meta":[],"_links":{"self":[{"href":"https:\/\/www.trencilo.com\/th\/wp-json\/wp\/v2\/pages\/847"}],"collection":[{"href":"https:\/\/www.trencilo.com\/th\/wp-json\/wp\/v2\/pages"}],"about":[{"href":"https:\/\/www.trencilo.com\/th\/wp-json\/wp\/v2\/types\/page"}],"author":[{"embeddable":true,"href":"https:\/\/www.trencilo.com\/th\/wp-json\/wp\/v2\/users\/1"}],"replies":[{"embeddable":true,"href":"https:\/\/www.trencilo.com\/th\/wp-json\/wp\/v2\/comments?post=847"}],"version-history":[{"count":3,"href":"https:\/\/www.trencilo.com\/th\/wp-json\/wp\/v2\/pages\/847\/revisions"}],"predecessor-version":[{"id":852,"href":"https:\/\/www.trencilo.com\/th\/wp-json\/wp\/v2\/pages\/847\/revisions\/852"}],"up":[{"embeddable":true,"href":"https:\/\/www.trencilo.com\/th\/wp-json\/wp\/v2\/pages\/828"}],"wp:attachment":[{"href":"https:\/\/www.trencilo.com\/th\/wp-json\/wp\/v2\/media?parent=847"}],"curies":[{"name":"wp","href":"https:\/\/api.w.org\/{rel}","templated":true}]}}