{"id":854,"date":"2018-05-10T14:41:57","date_gmt":"2018-05-10T14:41:57","guid":{"rendered":"http:\/\/trencilo.com\/?page_id=854"},"modified":"2023-09-05T07:01:20","modified_gmt":"2023-09-05T07:01:20","slug":"day-giay-va-cac-loai-day-lam-tu-nguyen-lieu-tu-nhien","status":"publish","type":"page","link":"https:\/\/www.trencilo.com\/th\/day-va-cac-day-khac\/theo-nguyen-lieu\/day-giay-va-cac-loai-day-lam-tu-nguyen-lieu-tu-nhien\/","title":{"rendered":"D\u00e2y gi\u00e0y th\u00e2n thi\u1ec7n v\u1edbi m\u00f4i tr\u01b0\u1eddng"},"content":{"rendered":"<section class=\"wpb-content-wrapper\"><p>[vc_row][vc_column][vc_column_text]<\/p>\n<ul>\n<li>Ch\u00fang t\u00f4i s\u1ea3n xu\u1ea5t t\u1eeb \u200b\u200bnguy\u00ean li\u1ec7u th\u00f4 t\u1ef1 nhi\u00ean nh\u01b0 v\u1ea3i lanh, \u0111ay, c\u00e2y gai d\u1ea7u ho\u1eb7c tre.<\/li>\n<li>D\u00e2y d\u1eb9t, d\u00e2y tr\u00f2n v\u00e0 d\u00e2y b\u1ea7u d\u1ee5c \u0111a d\u1ea1ng v\u1ec1 c\u1ea5u tr\u00fac<\/li>\n<li>S\u1ea3n ph\u1ea9m \u0111a d\u1ea1ng v\u1ec1 \u0111\u1ed9 d\u00e0y, k\u00edch th\u01b0\u1edbc v\u00e0 \u0111\u01b0\u1ee3c thi\u1ebft k\u1ebf theo y\u00eau c\u1ea7u cho c\u00e1c lo\u1ea1i \u1ee9ng d\u1ee5ng kh\u00e1c nhau.<\/li>\n<\/ul>\n<p>[\/vc_column_text][\/vc_column][\/vc_row][vc_row][vc_column][vc_single_image image=&#8221;652&#8243; img_size=&#8221;full&#8221;][vc_single_image image=&#8221;1636&#8243; img_size=&#8221;full&#8221;][vc_single_image image=&#8221;1923&#8243; img_size=&#8221;full&#8221;][vc_single_image image=&#8221;1920&#8243; img_size=&#8221;full&#8221;][vc_single_image image=&#8221;1917&#8243; img_size=&#8221;full&#8221;][\/vc_column][\/vc_row]<\/p>\n<\/section>","protected":false},"excerpt":{"rendered":"<p>[vc_row][vc_column][vc_col<span class=\"excerpt-hellip\"> [\u2026]<\/span><\/p>\n","protected":false},"author":1,"featured_media":0,"parent":828,"menu_order":0,"comment_status":"closed","ping_status":"closed","template":"","meta":[],"_links":{"self":[{"href":"https:\/\/www.trencilo.com\/th\/wp-json\/wp\/v2\/pages\/854"}],"collection":[{"href":"https:\/\/www.trencilo.com\/th\/wp-json\/wp\/v2\/pages"}],"about":[{"href":"https:\/\/www.trencilo.com\/th\/wp-json\/wp\/v2\/types\/page"}],"author":[{"embeddable":true,"href":"https:\/\/www.trencilo.com\/th\/wp-json\/wp\/v2\/users\/1"}],"replies":[{"embeddable":true,"href":"https:\/\/www.trencilo.com\/th\/wp-json\/wp\/v2\/comments?post=854"}],"version-history":[{"count":6,"href":"https:\/\/www.trencilo.com\/th\/wp-json\/wp\/v2\/pages\/854\/revisions"}],"predecessor-version":[{"id":2160,"href":"https:\/\/www.trencilo.com\/th\/wp-json\/wp\/v2\/pages\/854\/revisions\/2160"}],"up":[{"embeddable":true,"href":"https:\/\/www.trencilo.com\/th\/wp-json\/wp\/v2\/pages\/828"}],"wp:attachment":[{"href":"https:\/\/www.trencilo.com\/th\/wp-json\/wp\/v2\/media?parent=854"}],"curies":[{"name":"wp","href":"https:\/\/api.w.org\/{rel}","templated":true}]}}