{"id":861,"date":"2018-05-10T14:45:06","date_gmt":"2018-05-10T14:45:06","guid":{"rendered":"http:\/\/trencilo.com\/?page_id=861"},"modified":"2018-05-10T14:45:06","modified_gmt":"2018-05-10T14:45:06","slug":"day-giay-va-cac-loai-day-tai-che-hoac-day-huu-co","status":"publish","type":"page","link":"https:\/\/www.trencilo.com\/th\/day-va-cac-day-khac\/theo-nguyen-lieu\/day-giay-va-cac-loai-day-tai-che-hoac-day-huu-co\/","title":{"rendered":"D\u00e2y gi\u00e0y v\u00e0 c\u00e1c lo\u1ea1i d\u00e2y t\u00e1i ch\u1ebf ho\u1eb7c d\u00e2y h\u1eefu c\u01a1"},"content":{"rendered":"<section class=\"wpb-content-wrapper\"><p>[vc_row][vc_column][vc_column_text]<\/p>\n<ul>\n<li>Ch\u00fang t\u00f4i d\u00f9ng 100% nguy\u00ean li\u1ec7u cotton h\u1eefu c\u01a1 v\u00e0 polyester t\u00e1i ch\u1ebf t\u1eeb chai nh\u1ef1a.<\/li>\n<li>D\u00e2y d\u1eb9t, d\u00e2y tr\u00f2n v\u00e0 d\u00e2y b\u1ea7u d\u1ee5c \u0111a d\u1ea1ng v\u1ec1 c\u1ea5u tr\u00fac<\/li>\n<li>\u0110a d\u1ea1ng v\u1ec1 \u0111\u1ed9 d\u00e0y v\u00e0 k\u00edch th\u01b0\u1edbc<\/li>\n<li>CH\u1ee8NG NH\u1eacN GOTS<\/li>\n<li>CH\u1ee8NG NH\u1eacN GRS<\/li>\n<\/ul>\n<p>[\/vc_column_text][vc_single_image image=&#8221;627&#8243; img_size=&#8221;full&#8221;][\/vc_column][\/vc_row]<\/p>\n<\/section>","protected":false},"excerpt":{"rendered":"<p>[vc_row][vc_column][vc_col<span class=\"excerpt-hellip\"> [\u2026]<\/span><\/p>\n","protected":false},"author":1,"featured_media":0,"parent":828,"menu_order":0,"comment_status":"closed","ping_status":"closed","template":"","meta":[],"_links":{"self":[{"href":"https:\/\/www.trencilo.com\/th\/wp-json\/wp\/v2\/pages\/861"}],"collection":[{"href":"https:\/\/www.trencilo.com\/th\/wp-json\/wp\/v2\/pages"}],"about":[{"href":"https:\/\/www.trencilo.com\/th\/wp-json\/wp\/v2\/types\/page"}],"author":[{"embeddable":true,"href":"https:\/\/www.trencilo.com\/th\/wp-json\/wp\/v2\/users\/1"}],"replies":[{"embeddable":true,"href":"https:\/\/www.trencilo.com\/th\/wp-json\/wp\/v2\/comments?post=861"}],"version-history":[{"count":2,"href":"https:\/\/www.trencilo.com\/th\/wp-json\/wp\/v2\/pages\/861\/revisions"}],"predecessor-version":[{"id":865,"href":"https:\/\/www.trencilo.com\/th\/wp-json\/wp\/v2\/pages\/861\/revisions\/865"}],"up":[{"embeddable":true,"href":"https:\/\/www.trencilo.com\/th\/wp-json\/wp\/v2\/pages\/828"}],"wp:attachment":[{"href":"https:\/\/www.trencilo.com\/th\/wp-json\/wp\/v2\/media?parent=861"}],"curies":[{"name":"wp","href":"https:\/\/api.w.org\/{rel}","templated":true}]}}