{"id":867,"date":"2018-05-10T14:53:02","date_gmt":"2018-05-10T14:53:02","guid":{"rendered":"http:\/\/trencilo.com\/?page_id=867"},"modified":"2018-05-10T14:53:02","modified_gmt":"2018-05-10T14:53:02","slug":"cac-loai-day-khac","status":"publish","type":"page","link":"https:\/\/www.trencilo.com\/th\/day-va-cac-day-khac\/theo-nguyen-lieu\/cac-loai-day-khac\/","title":{"rendered":"C\u00e1c lo\u1ea1i d\u00e2y kh\u00e1c"},"content":{"rendered":"<p>Ch\u00fang t\u00f4i s\u1ea3n xu\u1ea5t d\u00e2y t\u1eeb polypropylene, polyamid v\u00e0 c\u00e1c nguy\u00ean li\u1ec7u kh\u00e1c theo y\u00eau c\u1ea7u c\u1ee7a kh\u00e1ch h\u00e0ng. Ch\u00fang t\u00f4i c\u00f2n s\u1ea3n xu\u1ea5t d\u00e2y v\u1edbi nhi\u1ec1u h\u00ecnh d\u1ea1ng nh\u01b0 vu\u00f4ng, tr\u00f2n, b\u1ea7u d\u1ee5c v\u00e0 nhi\u1ec1u x\u1eed l\u00fd kh\u00e1c nhau nh\u01b0 ch\u1ed1ng ch\u00e1y, ch\u1eadm b\u1eaft l\u1eeda, ch\u1ed1ng th\u1ea5m, ch\u1ed1ng \u1ea9m, ph\u1ee7 s\u00e1p, v.v.<\/p>\n<p>Ch\u00fang t\u00f4i c\u0169ng s\u1ea3n xu\u1ea5t d\u00e2y ph\u00e1t quang c\u00f3 th\u1ec3 ph\u00e1t s\u00e1ng trong b\u00f3ng t\u1ed1i.<\/p>\n","protected":false},"excerpt":{"rendered":"<p>Ch\u00fang t\u00f4i s\u1ea3n xu\u1ea5t d\u00e2y t\u1eeb <span class=\"excerpt-hellip\"> [\u2026]<\/span><\/p>\n","protected":false},"author":1,"featured_media":0,"parent":828,"menu_order":0,"comment_status":"closed","ping_status":"closed","template":"","meta":[],"_links":{"self":[{"href":"https:\/\/www.trencilo.com\/th\/wp-json\/wp\/v2\/pages\/867"}],"collection":[{"href":"https:\/\/www.trencilo.com\/th\/wp-json\/wp\/v2\/pages"}],"about":[{"href":"https:\/\/www.trencilo.com\/th\/wp-json\/wp\/v2\/types\/page"}],"author":[{"embeddable":true,"href":"https:\/\/www.trencilo.com\/th\/wp-json\/wp\/v2\/users\/1"}],"replies":[{"embeddable":true,"href":"https:\/\/www.trencilo.com\/th\/wp-json\/wp\/v2\/comments?post=867"}],"version-history":[{"count":2,"href":"https:\/\/www.trencilo.com\/th\/wp-json\/wp\/v2\/pages\/867\/revisions"}],"predecessor-version":[{"id":871,"href":"https:\/\/www.trencilo.com\/th\/wp-json\/wp\/v2\/pages\/867\/revisions\/871"}],"up":[{"embeddable":true,"href":"https:\/\/www.trencilo.com\/th\/wp-json\/wp\/v2\/pages\/828"}],"wp:attachment":[{"href":"https:\/\/www.trencilo.com\/th\/wp-json\/wp\/v2\/media?parent=867"}],"curies":[{"name":"wp","href":"https:\/\/api.w.org\/{rel}","templated":true}]}}