{"id":873,"date":"2018-05-10T14:57:38","date_gmt":"2018-05-10T14:57:38","guid":{"rendered":"http:\/\/trencilo.com\/?page_id=873"},"modified":"2020-09-17T15:40:48","modified_gmt":"2020-09-17T15:40:48","slug":"theo-phan-loai","status":"publish","type":"page","link":"https:\/\/www.trencilo.com\/th\/day-va-cac-day-khac\/theo-phan-loai\/","title":{"rendered":"Theo ph\u00e2n lo\u1ea1i"},"content":{"rendered":"<section class=\"wpb-content-wrapper\"><p>[vc_row][vc_column width=&#8221;1\/3&#8243;][vc_single_image image=&#8221;664&#8243; img_size=&#8221;500&#215;500&#8243; add_caption=&#8221;yes&#8221; onclick=&#8221;custom_link&#8221; title=&#8221;D\u00e2y gi\u00e0y v\u00e0 c\u00e1c lo\u1ea1i d\u00e2y b\u1ec7n v\u00e0 d\u00e2y xo\u1eafn&#8221; link=&#8221;http:\/\/www.trencilo.com\/th\/day-va-cac-day-khac\/theo-phan-loai\/day-giay-va-cac-loai-day-ben-va-day-xoan\/&#8221;][\/vc_column][vc_column width=&#8221;1\/3&#8243;][vc_single_image image=&#8221;605&#8243; img_size=&#8221;500&#215;500&#8243; add_caption=&#8221;yes&#8221; onclick=&#8221;custom_link&#8221; title=&#8221;D\u00e2y gi\u00e0y v\u00e0 c\u00e1c lo\u1ea1i d\u00e2y \u0111\u00e0n h\u1ed3i&#8221; link=&#8221;http:\/\/www.trencilo.com\/th\/day-va-cac-day-khac\/theo-phan-loai\/day-giay-va-cac-loai-day-dan-hoi\/&#8221;][\/vc_column][vc_column width=&#8221;1\/3&#8243;][vc_single_image image=&#8221;536&#8243; img_size=&#8221;500&#215;500&#8243; add_caption=&#8221;yes&#8221; onclick=&#8221;custom_link&#8221; title=&#8221;D\u00e2y gi\u00e0y v\u00e0 c\u00e1c lo\u1ea1i d\u00e2y k\u1ef9 thu\u1eadt&#8221; link=&#8221;http:\/\/www.trencilo.com\/th\/day-va-cac-day-khac\/theo-phan-loai\/day-giay-va-cac-loai-day-ky-thuat\/&#8221;][\/vc_column][\/vc_row][vc_row][vc_column width=&#8221;1\/3&#8243;][vc_single_image image=&#8221;578&#8243; img_size=&#8221;500&#215;500&#8243; add_caption=&#8221;yes&#8221; onclick=&#8221;custom_link&#8221; title=&#8221;D\u00e2y gi\u00e0y v\u00e0 c\u00e1c lo\u1ea1i d\u00e2y ph\u00e1t quang&#8221; link=&#8221;http:\/\/www.trencilo.com\/th\/day-va-cac-day-khac\/theo-phan-loai\/day-giay-va-cac-loai-day-phat-quang\/&#8221;][\/vc_column][vc_column width=&#8221;1\/3&#8243;][vc_single_image image=&#8221;575&#8243; img_size=&#8221;500&#215;500&#8243; add_caption=&#8221;yes&#8221; onclick=&#8221;custom_link&#8221; title=&#8221;D\u00e2y gi\u00e0y v\u00e0 c\u00e1c lo\u1ea1i d\u00e2y in hoa v\u0103n&#8221; link=&#8221;http:\/\/www.trencilo.com\/th\/day-va-cac-day-khac\/theo-phan-loai\/day-giay-va-cac-loai-day-in-hoa-van\/&#8221;][\/vc_column][vc_column width=&#8221;1\/3&#8243;][vc_single_image image=&#8221;548&#8243; img_size=&#8221;500&#215;500&#8243; add_caption=&#8221;yes&#8221; onclick=&#8221;custom_link&#8221; title=&#8221;D\u00e2y gi\u00e0y v\u00e0 c\u00e1c lo\u1ea1i d\u00e2y c\u00f3 \u0111\u1ea7u t\u00edp trong su\u1ed1t, \u0111\u1ea7u t\u00edp c\u00f3 m\u00e0u v\u00e0 \u0111\u1ea7u t\u00edp kim lo\u1ea1i&#8221; link=&#8221;http:\/\/www.trencilo.com\/th\/day-va-cac-day-khac\/theo-phan-loai\/dau-tip-trong-suot-dau-tip-co-mau-va-dau-tip-kim-loai\/&#8221;][\/vc_column][\/vc_row]<\/p>\n<\/section>","protected":false},"excerpt":{"rendered":"<p>[vc_row][vc_column width=&#038;<span class=\"excerpt-hellip\"> [\u2026]<\/span><\/p>\n","protected":false},"author":1,"featured_media":0,"parent":822,"menu_order":0,"comment_status":"closed","ping_status":"closed","template":"","meta":[],"_links":{"self":[{"href":"https:\/\/www.trencilo.com\/th\/wp-json\/wp\/v2\/pages\/873"}],"collection":[{"href":"https:\/\/www.trencilo.com\/th\/wp-json\/wp\/v2\/pages"}],"about":[{"href":"https:\/\/www.trencilo.com\/th\/wp-json\/wp\/v2\/types\/page"}],"author":[{"embeddable":true,"href":"https:\/\/www.trencilo.com\/th\/wp-json\/wp\/v2\/users\/1"}],"replies":[{"embeddable":true,"href":"https:\/\/www.trencilo.com\/th\/wp-json\/wp\/v2\/comments?post=873"}],"version-history":[{"count":5,"href":"https:\/\/www.trencilo.com\/th\/wp-json\/wp\/v2\/pages\/873\/revisions"}],"predecessor-version":[{"id":1971,"href":"https:\/\/www.trencilo.com\/th\/wp-json\/wp\/v2\/pages\/873\/revisions\/1971"}],"up":[{"embeddable":true,"href":"https:\/\/www.trencilo.com\/th\/wp-json\/wp\/v2\/pages\/822"}],"wp:attachment":[{"href":"https:\/\/www.trencilo.com\/th\/wp-json\/wp\/v2\/media?parent=873"}],"curies":[{"name":"wp","href":"https:\/\/api.w.org\/{rel}","templated":true}]}}