{"id":879,"date":"2018-05-10T15:12:23","date_gmt":"2018-05-10T15:12:23","guid":{"rendered":"http:\/\/trencilo.com\/?page_id=879"},"modified":"2018-05-10T15:12:23","modified_gmt":"2018-05-10T15:12:23","slug":"day-giay-va-cac-loai-day-ben-va-day-xoan","status":"publish","type":"page","link":"https:\/\/www.trencilo.com\/th\/day-va-cac-day-khac\/theo-phan-loai\/day-giay-va-cac-loai-day-ben-va-day-xoan\/","title":{"rendered":"D\u00e2y gi\u00e0y v\u00e0 c\u00e1c lo\u1ea1i d\u00e2y b\u1ec7n v\u00e0 d\u00e2y xo\u1eafn"},"content":{"rendered":"<section class=\"wpb-content-wrapper\"><p>[vc_row][vc_column][vc_column_text]D\u00e2y gi\u00e0y v\u00e0 c\u00e1c lo\u1ea1i \u0111\u01b0\u1ee3c s\u1ea3n xu\u1ea5t b\u1eb1ng h\u1ec7 th\u1ed1ng m\u00e1y b\u1ec7n hi\u1ec7n \u0111\u1ea1i nh\u1ea5t. S\u1ea3n ph\u1ea9m d\u00e2y b\u1ec7n c\u1ee7a ch\u00fang t\u00f4i c\u00f3 ch\u1ea5t l\u01b0\u1ee3ng tuy\u1ec7t v\u1eddi, kh\u00f4ng b\u1ecb \u0111\u1ee9t c\u00f3 nhi\u1ec1u c\u1ea5u tr\u00fac kh\u00e1c nhau nh\u01b0 d\u1eb9t, tr\u00f2n v\u00e0 b\u1ea7u d\u1ee5c.<\/p>\n<p>Ch\u00fang t\u00f4i s\u1ea3n xu\u1ea5t d\u00e2y gi\u00e0y v\u00e0 c\u00e1c lo\u1ea1i d\u00e2y v\u1edbi nhi\u1ec1u k\u00edch th\u01b0\u1edbc, t\u1eeb 0.8mm \u0111\u1ebfn 200mm t\u1eeb nguy\u00ean li\u1ec7u t\u1ef1 nhi\u00ean v\u00e0 nguy\u00ean li\u1ec7u t\u1ed5ng h\u1ee3p nh\u01b0 cotton, polyester-cotton, polyester d\u00fan, polyester ng\u1eafn c\u1eaft s\u1ee3i, polyester c\u00f3 \u0111\u1ed9 b\u1ec1n cao, d\u00e2y kim tuy\u1ebfn, lanh, Polyamid va polypropylene.<\/p>\n<p>B\u00ean c\u1ea1nh \u0111\u00f3, ch\u00fang t\u00f4i c\u0169ng s\u1ea3n xu\u1ea5t d\u00e2y gi\u00e0y v\u00e0 c\u00e1c lo\u1ea1i d\u00e2y t\u1eeb s\u1ee3i cotton h\u1eefu c\u01a1 v\u00e0 s\u1ee3i polyester t\u00e1i ch\u1ebf t\u1eeb chai nh\u1ef1a.<\/p>\n<p>Ch\u00fang t\u00f4i s\u1ea3n xu\u1ea5t d\u00e2y gi\u00e0y v\u1edbi nhi\u1ec1u l\u1edbp ph\u1ee7 b\u1ec1 m\u1eb7t v\u00e0 x\u1eed l\u00fd k\u1ef9 thu\u1eadt \u0111a d\u1ea1ng nh\u01b0 d\u00e2y cotton c\u00f3 ph\u1ee7 s\u00e1p (l\u00e0m b\u00f3ng), x\u1eed l\u00fd nhi\u1ec7t, ch\u1ed1ng th\u1ea5m, ch\u1ed1ng ch\u00e1y v\u00e0 c\u00e1c l\u1edbp ph\u1ee7 k\u1ef9 thu\u1eadt kh\u00e1c.<\/p>\n<p>S\u1ea3n ph\u1ea9m \u0111\u01b0\u1ee3c giao cho kh\u00e1ch h\u00e0ng v\u1edbi s\u1ed1 l\u01b0\u1ee3ng l\u1edbn \u0111\u01b0\u1ee3c \u0111\u00f3ng g\u00f3i trong th\u00f9ng, trong \u1ed1ng ch\u1ec9 ho\u1eb7c c\u1eaft theo k\u00edch th\u01b0\u1edbc v\u1edbi \u0111\u1ea7u t\u00edp trong su\u1ed1t, \u0111\u1ea7u t\u00edp m\u00e0u ho\u1eb7c \u0111\u1ea7u t\u00edp kim lo\u1ea1i.<\/p>\n<p>Ch\u00fang t\u00f4i c\u0169ng c\u00f3 th\u1ec3 cung c\u1ea5p cho kh\u00e1ch h\u00e0ng s\u1ea3n ph\u1ea9m \u0111\u1ef1ng trong h\u1ed9p nh\u1ef1a blister.<\/p>\n<p>Ch\u00fang t\u00f4i s\u1ea3n xu\u1ea5t d\u00e2y gi\u00e0y v\u00e0 c\u00e1c lo\u1ea1i d\u00e2y v\u1edbi b\u1ea5t k\u1ef3 ki\u1ec3u d\u00e1ng n\u00e0o. Ch\u00fang t\u00f4i thi\u1ebft k\u1ebf s\u1ea3n ph\u1ea9m theo y\u00eau c\u1ea7u c\u1ee7a kh\u00e1ch h\u00e0ng v\u1ec1 c\u1ea5u tr\u00fac, \u0111\u1ed9 d\u00e0y, c\u00e1ch x\u1eed l\u00fd, m\u00e0u s\u1eafc, c\u00e1ch tr\u00ecnh b\u00e0y s\u1ea3n ph\u1ea9m v\u00e0 ch\u00fang t\u00f4i c\u00f3 th\u1ec3 in hoa v\u0103n m\u00e0 kh\u00e1ch h\u00e0ng mong mu\u1ed1n.[\/vc_column_text][\/vc_column][\/vc_row][vc_row][vc_column width=&#8221;1\/2&#8243;][vc_single_image image=&#8221;662&#8243; img_size=&#8221;full&#8221;][vc_single_image image=&#8221;664&#8243; img_size=&#8221;full&#8221;][vc_single_image image=&#8221;555&#8243; img_size=&#8221;full&#8221;][\/vc_column][vc_column width=&#8221;1\/2&#8243;][vc_single_image image=&#8221;661&#8243; img_size=&#8221;full&#8221;][vc_single_image image=&#8221;666&#8243; img_size=&#8221;full&#8221;][vc_single_image image=&#8221;667&#8243; img_size=&#8221;full&#8221;][\/vc_column][\/vc_row]<\/p>\n<\/section>","protected":false},"excerpt":{"rendered":"<p>[vc_row][vc_column][vc_col<span class=\"excerpt-hellip\"> [\u2026]<\/span><\/p>\n","protected":false},"author":1,"featured_media":0,"parent":873,"menu_order":0,"comment_status":"closed","ping_status":"closed","template":"","meta":[],"_links":{"self":[{"href":"https:\/\/www.trencilo.com\/th\/wp-json\/wp\/v2\/pages\/879"}],"collection":[{"href":"https:\/\/www.trencilo.com\/th\/wp-json\/wp\/v2\/pages"}],"about":[{"href":"https:\/\/www.trencilo.com\/th\/wp-json\/wp\/v2\/types\/page"}],"author":[{"embeddable":true,"href":"https:\/\/www.trencilo.com\/th\/wp-json\/wp\/v2\/users\/1"}],"replies":[{"embeddable":true,"href":"https:\/\/www.trencilo.com\/th\/wp-json\/wp\/v2\/comments?post=879"}],"version-history":[{"count":2,"href":"https:\/\/www.trencilo.com\/th\/wp-json\/wp\/v2\/pages\/879\/revisions"}],"predecessor-version":[{"id":885,"href":"https:\/\/www.trencilo.com\/th\/wp-json\/wp\/v2\/pages\/879\/revisions\/885"}],"up":[{"embeddable":true,"href":"https:\/\/www.trencilo.com\/th\/wp-json\/wp\/v2\/pages\/873"}],"wp:attachment":[{"href":"https:\/\/www.trencilo.com\/th\/wp-json\/wp\/v2\/media?parent=879"}],"curies":[{"name":"wp","href":"https:\/\/api.w.org\/{rel}","templated":true}]}}