{"id":887,"date":"2018-05-10T15:15:28","date_gmt":"2018-05-10T15:15:28","guid":{"rendered":"http:\/\/trencilo.com\/?page_id=887"},"modified":"2018-05-10T15:15:28","modified_gmt":"2018-05-10T15:15:28","slug":"day-giay-va-cac-loai-day-dan-hoi","status":"publish","type":"page","link":"https:\/\/www.trencilo.com\/th\/day-va-cac-day-khac\/theo-phan-loai\/day-giay-va-cac-loai-day-dan-hoi\/","title":{"rendered":"D\u00e2y gi\u00e0y v\u00e0 c\u00e1c lo\u1ea1i d\u00e2y \u0111\u00e0n h\u1ed3i"},"content":{"rendered":"<section class=\"wpb-content-wrapper\"><p>[vc_row][vc_column][vc_column_text]Quy tr\u00ecnh s\u1ea3n xu\u1ea5t d\u00e2y gi\u00e0y v\u00e0 c\u00e1c lo\u1ea1i d\u00e2y \u0111\u00e0n h\u1ed3i \u0111\u01b0\u1ee3c tu\u00e2n th\u1ee7 m\u1ed9t c\u00e1ch nghi\u00eam ng\u1eb7t nh\u1eb1m \u0111\u1ea3m b\u1ea3o \u0111\u1ed9 \u0111\u00e0n h\u1ed3i \u0111\u01b0\u1ee3c x\u00e1c \u0111\u1ecbnh tr\u01b0\u1edbc th\u00edch \u1ee9ng v\u1edbi c\u00e1c \u0111\u1eb7c \u0111i\u1ec3m k\u1ef9 thu\u1eadt do kh\u00e1ch h\u00e0ng y\u00eau c\u1ea7u \u0111\u1ec3 cung c\u1ea5p cho kh\u00e1ch h\u00e0ng m\u1ed9t s\u1ea3n ph\u1ea9m t\u1ed1t nh\u1ea5t.\u00a0 S\u1ea3n ph\u1ea9m c\u1ee7a ch\u00fang t\u00f4i \u0111\u01b0\u1ee3c l\u00e0m t\u1eeb nguy\u00ean li\u1ec7u polyester, polypropylene, cotton, v.v v\u1edbi l\u00f5i nh\u1ef1a latex.<\/p>\n<p>Ch\u00fang t\u00f4i thi\u1ebft k\u1ebf s\u1ea3n ph\u1ea9m theo y\u00eau c\u1ea7u c\u1ee7a kh\u00e1ch h\u00e0ng v\u1ec1 c\u1ea5u tr\u00fac, \u0111\u1ed9 d\u00e0y, l\u1edbp ph\u1ee7 b\u1ec1 m\u1eb7t, c\u00e1ch x\u1eed l\u00fd, m\u00e0u s\u1eafc v\u00e0 c\u00e1ch tr\u00ecnh b\u00e0y s\u1ea3n ph\u1ea9m.[\/vc_column_text][vc_single_image image=&#8221;605&#8243; img_size=&#8221;full&#8221;][\/vc_column][\/vc_row][vc_row][vc_column][\/vc_column][\/vc_row]<\/p>\n<\/section>","protected":false},"excerpt":{"rendered":"<p>[vc_row][vc_column][vc_col<span class=\"excerpt-hellip\"> [\u2026]<\/span><\/p>\n","protected":false},"author":1,"featured_media":0,"parent":873,"menu_order":0,"comment_status":"closed","ping_status":"closed","template":"","meta":[],"_links":{"self":[{"href":"https:\/\/www.trencilo.com\/th\/wp-json\/wp\/v2\/pages\/887"}],"collection":[{"href":"https:\/\/www.trencilo.com\/th\/wp-json\/wp\/v2\/pages"}],"about":[{"href":"https:\/\/www.trencilo.com\/th\/wp-json\/wp\/v2\/types\/page"}],"author":[{"embeddable":true,"href":"https:\/\/www.trencilo.com\/th\/wp-json\/wp\/v2\/users\/1"}],"replies":[{"embeddable":true,"href":"https:\/\/www.trencilo.com\/th\/wp-json\/wp\/v2\/comments?post=887"}],"version-history":[{"count":2,"href":"https:\/\/www.trencilo.com\/th\/wp-json\/wp\/v2\/pages\/887\/revisions"}],"predecessor-version":[{"id":889,"href":"https:\/\/www.trencilo.com\/th\/wp-json\/wp\/v2\/pages\/887\/revisions\/889"}],"up":[{"embeddable":true,"href":"https:\/\/www.trencilo.com\/th\/wp-json\/wp\/v2\/pages\/873"}],"wp:attachment":[{"href":"https:\/\/www.trencilo.com\/th\/wp-json\/wp\/v2\/media?parent=887"}],"curies":[{"name":"wp","href":"https:\/\/api.w.org\/{rel}","templated":true}]}}