{"id":892,"date":"2018-05-10T15:18:27","date_gmt":"2018-05-10T15:18:27","guid":{"rendered":"http:\/\/trencilo.com\/?page_id=892"},"modified":"2018-05-10T15:18:27","modified_gmt":"2018-05-10T15:18:27","slug":"day-giay-va-cac-loai-day-ky-thuat","status":"publish","type":"page","link":"https:\/\/www.trencilo.com\/th\/day-va-cac-day-khac\/theo-phan-loai\/day-giay-va-cac-loai-day-ky-thuat\/","title":{"rendered":"D\u00e2y gi\u00e0y v\u00e0 c\u00e1c lo\u1ea1i d\u00e2y k\u1ef9 thu\u1eadt"},"content":{"rendered":"<section class=\"wpb-content-wrapper\"><p>[vc_row][vc_column][vc_column_text]Ch\u00fang t\u00f4i s\u1ea3n xu\u1ea5t d\u00e2y gi\u00e0y v\u00e0 c\u00e1c lo\u1ea1i d\u00e2y v\u1edbi nhi\u1ec1u l\u1edbp ph\u1ee7 b\u1ec1 m\u1eb7t v\u00e0 x\u1eed l\u00fd k\u1ef9 thu\u1eadt \u0111a d\u1ea1ng nh\u01b0 x\u1eed l\u00fd nhi\u1ec7t, ch\u1ed1ng th\u1ea5m, ch\u1ed1ng ch\u00e1y v\u00e0 c\u00e1c l\u1edbp ph\u1ee7 k\u1ef9 thu\u1eadt kh\u00e1c.[\/vc_column_text][vc_single_image image=&#8221;536&#8243; img_size=&#8221;full&#8221;][\/vc_column][\/vc_row]<\/p>\n<\/section>","protected":false},"excerpt":{"rendered":"<p>[vc_row][vc_column][vc_col<span class=\"excerpt-hellip\"> [\u2026]<\/span><\/p>\n","protected":false},"author":1,"featured_media":0,"parent":873,"menu_order":0,"comment_status":"closed","ping_status":"closed","template":"","meta":[],"_links":{"self":[{"href":"https:\/\/www.trencilo.com\/th\/wp-json\/wp\/v2\/pages\/892"}],"collection":[{"href":"https:\/\/www.trencilo.com\/th\/wp-json\/wp\/v2\/pages"}],"about":[{"href":"https:\/\/www.trencilo.com\/th\/wp-json\/wp\/v2\/types\/page"}],"author":[{"embeddable":true,"href":"https:\/\/www.trencilo.com\/th\/wp-json\/wp\/v2\/users\/1"}],"replies":[{"embeddable":true,"href":"https:\/\/www.trencilo.com\/th\/wp-json\/wp\/v2\/comments?post=892"}],"version-history":[{"count":3,"href":"https:\/\/www.trencilo.com\/th\/wp-json\/wp\/v2\/pages\/892\/revisions"}],"predecessor-version":[{"id":897,"href":"https:\/\/www.trencilo.com\/th\/wp-json\/wp\/v2\/pages\/892\/revisions\/897"}],"up":[{"embeddable":true,"href":"https:\/\/www.trencilo.com\/th\/wp-json\/wp\/v2\/pages\/873"}],"wp:attachment":[{"href":"https:\/\/www.trencilo.com\/th\/wp-json\/wp\/v2\/media?parent=892"}],"curies":[{"name":"wp","href":"https:\/\/api.w.org\/{rel}","templated":true}]}}