{"id":898,"date":"2018-05-10T15:20:14","date_gmt":"2018-05-10T15:20:14","guid":{"rendered":"http:\/\/trencilo.com\/?page_id=898"},"modified":"2018-05-10T15:20:14","modified_gmt":"2018-05-10T15:20:14","slug":"day-giay-va-cac-loai-day-phat-quang","status":"publish","type":"page","link":"https:\/\/www.trencilo.com\/th\/day-va-cac-day-khac\/theo-phan-loai\/day-giay-va-cac-loai-day-phat-quang\/","title":{"rendered":"D\u00e2y gi\u00e0y v\u00e0 c\u00e1c lo\u1ea1i d\u00e2y ph\u00e1t quang"},"content":{"rendered":"<section class=\"wpb-content-wrapper\"><p>[vc_row][vc_column][vc_column_text]Ch\u00fang t\u00f4i s\u1ea3n xu\u1ea5t d\u00e2y gi\u00e0y v\u00e0 c\u00e1c lo\u1ea1i d\u00e2y ph\u00e1t quang c\u00f3 kh\u1ea3 n\u0103ng thu gi\u1eef, h\u1ea5p th\u1ee5 \u00e1nh s\u00e1ng v\u00e0 t\u1ecfa s\u00e1ng trong b\u00f3ng t\u1ed1i. C\u01b0\u1eddng \u0111\u1ed9 s\u00e1ng c\u1ee7a d\u00e2y t\u00f9y thu\u1ed9c v\u00e0o c\u01b0\u1eddng \u0111\u1ed9 h\u1ea5p thu \u00e1nh s\u00e1ng. D\u00e2y gi\u00e0y v\u00e0 c\u00e1c lo\u1ea1i d\u00e2y kh\u00e1c \u0111\u01b0\u1ee3c s\u1ea3n xu\u1ea5t \u0111a d\u1ea1ng v\u1ec1 \u0111\u1ed9 d\u00e0y v\u00e0 \u0111\u1ea7u t\u00edp v\u1edbi k\u00edch th\u01b0\u1edbc kh\u00e1c nhau.[\/vc_column_text][vc_single_image image=&#8221;578&#8243; img_size=&#8221;full&#8221;][\/vc_column][\/vc_row]<\/p>\n<\/section>","protected":false},"excerpt":{"rendered":"<p>[vc_row][vc_column][vc_col<span class=\"excerpt-hellip\"> [\u2026]<\/span><\/p>\n","protected":false},"author":1,"featured_media":0,"parent":873,"menu_order":0,"comment_status":"closed","ping_status":"closed","template":"","meta":[],"_links":{"self":[{"href":"https:\/\/www.trencilo.com\/th\/wp-json\/wp\/v2\/pages\/898"}],"collection":[{"href":"https:\/\/www.trencilo.com\/th\/wp-json\/wp\/v2\/pages"}],"about":[{"href":"https:\/\/www.trencilo.com\/th\/wp-json\/wp\/v2\/types\/page"}],"author":[{"embeddable":true,"href":"https:\/\/www.trencilo.com\/th\/wp-json\/wp\/v2\/users\/1"}],"replies":[{"embeddable":true,"href":"https:\/\/www.trencilo.com\/th\/wp-json\/wp\/v2\/comments?post=898"}],"version-history":[{"count":2,"href":"https:\/\/www.trencilo.com\/th\/wp-json\/wp\/v2\/pages\/898\/revisions"}],"predecessor-version":[{"id":903,"href":"https:\/\/www.trencilo.com\/th\/wp-json\/wp\/v2\/pages\/898\/revisions\/903"}],"up":[{"embeddable":true,"href":"https:\/\/www.trencilo.com\/th\/wp-json\/wp\/v2\/pages\/873"}],"wp:attachment":[{"href":"https:\/\/www.trencilo.com\/th\/wp-json\/wp\/v2\/media?parent=898"}],"curies":[{"name":"wp","href":"https:\/\/api.w.org\/{rel}","templated":true}]}}