{"id":905,"date":"2018-05-10T15:27:40","date_gmt":"2018-05-10T15:27:40","guid":{"rendered":"http:\/\/trencilo.com\/?page_id=905"},"modified":"2018-05-10T15:27:40","modified_gmt":"2018-05-10T15:27:40","slug":"day-giay-va-cac-loai-day-in-hoa-van","status":"publish","type":"page","link":"https:\/\/www.trencilo.com\/th\/day-va-cac-day-khac\/theo-phan-loai\/day-giay-va-cac-loai-day-in-hoa-van\/","title":{"rendered":"D\u00e2y gi\u00e0y v\u00e0 c\u00e1c lo\u1ea1i d\u00e2y in hoa v\u0103n"},"content":{"rendered":"<section class=\"wpb-content-wrapper\"><p>[vc_row][vc_column][vc_column_text]D\u00e2y gi\u00e0y v\u00e0 c\u00e1c lo\u1ea1i d\u00e2y c\u00f3 th\u1ec3 in hoa v\u0103n thi\u1ebft k\u1ebf, logo, h\u00ecnh \u1ea3nh v.v.<\/p>\n<p>\u0110\u1ea7u t\u00edp c\u00f3 th\u1ec3 \u0111\u01b0\u1ee3c thi\u1ebft k\u1ebf theo y\u00eau c\u1ea7u b\u1eb1ng phim acetate trong su\u1ed1t, c\u00f3 m\u00e0u, v\u00e0 in hoa v\u0103n v\u1edbi thi\u1ebft k\u1ebf theo y\u00eau c\u1ea7u c\u1ee7a kh\u00e1ch h\u00e0ng.<\/p>\n<p>Ch\u00fang t\u00f4i c\u0169ng c\u00f3 th\u1ec3 cung c\u1ea5p cho kh\u00e1ch h\u00e0ng s\u1ea3n ph\u1ea9m \u0111\u1ef1ng trong h\u1ed9p nh\u1ef1a blister.[\/vc_column_text][vc_single_image image=&#8221;575&#8243; img_size=&#8221;full&#8221;][\/vc_column][\/vc_row]<\/p>\n<\/section>","protected":false},"excerpt":{"rendered":"<p>[vc_row][vc_column][vc_col<span class=\"excerpt-hellip\"> [\u2026]<\/span><\/p>\n","protected":false},"author":1,"featured_media":0,"parent":873,"menu_order":0,"comment_status":"closed","ping_status":"closed","template":"","meta":[],"_links":{"self":[{"href":"https:\/\/www.trencilo.com\/th\/wp-json\/wp\/v2\/pages\/905"}],"collection":[{"href":"https:\/\/www.trencilo.com\/th\/wp-json\/wp\/v2\/pages"}],"about":[{"href":"https:\/\/www.trencilo.com\/th\/wp-json\/wp\/v2\/types\/page"}],"author":[{"embeddable":true,"href":"https:\/\/www.trencilo.com\/th\/wp-json\/wp\/v2\/users\/1"}],"replies":[{"embeddable":true,"href":"https:\/\/www.trencilo.com\/th\/wp-json\/wp\/v2\/comments?post=905"}],"version-history":[{"count":3,"href":"https:\/\/www.trencilo.com\/th\/wp-json\/wp\/v2\/pages\/905\/revisions"}],"predecessor-version":[{"id":910,"href":"https:\/\/www.trencilo.com\/th\/wp-json\/wp\/v2\/pages\/905\/revisions\/910"}],"up":[{"embeddable":true,"href":"https:\/\/www.trencilo.com\/th\/wp-json\/wp\/v2\/pages\/873"}],"wp:attachment":[{"href":"https:\/\/www.trencilo.com\/th\/wp-json\/wp\/v2\/media?parent=905"}],"curies":[{"name":"wp","href":"https:\/\/api.w.org\/{rel}","templated":true}]}}