{"id":912,"date":"2018-05-10T15:30:11","date_gmt":"2018-05-10T15:30:11","guid":{"rendered":"http:\/\/trencilo.com\/?page_id=912"},"modified":"2018-06-26T14:49:44","modified_gmt":"2018-06-26T14:49:44","slug":"dau-tip-trong-suot-dau-tip-co-mau-va-dau-tip-kim-loai","status":"publish","type":"page","link":"https:\/\/www.trencilo.com\/th\/day-va-cac-day-khac\/theo-phan-loai\/dau-tip-trong-suot-dau-tip-co-mau-va-dau-tip-kim-loai\/","title":{"rendered":"\u0110\u1ea7u t\u00edp trong su\u1ed1t, \u0111\u1ea7u t\u00edp c\u00f3 m\u00e0u v\u00e0 \u0111\u1ea7u t\u00edp kim lo\u1ea1i"},"content":{"rendered":"<section class=\"wpb-content-wrapper\"><p>[vc_row][vc_column][vc_column_text]D\u00e2y gi\u00e0y v\u00e0 c\u00e1c lo\u1ea1i d\u00e2y kh\u00e1c \u0111\u01b0\u1ee3c c\u1eaft theo k\u00edch th\u01b0\u1edbc y\u00eau c\u1ea7u t\u1eeb 10cm \u0111\u1ebfn 3m v\u1edbi \u0111\u1ea7u t\u00edp b\u1eb1ng phim acetate trong su\u1ed1t, \u0111\u1ea7u t\u00edp b\u1eb1ng phim acetate c\u00f3 m\u00e0u, nhi\u1ec1u lo\u1ea1i \u0111\u1ea7u t\u00edp kim lo\u1ea1i.<\/p>\n<p>Phim acetate c\u00f3 th\u1ec3 \u0111\u01b0\u1ee3c thi\u1ebft k\u1ebf c\u00f3 logo ho\u1eb7c b\u1ea5t k\u1ef3 hoa v\u0103n n\u00e0o.[\/vc_column_text][\/vc_column][\/vc_row][vc_row][vc_column width=&#8221;1\/2&#8243;][vc_single_image image=&#8221;548&#8243; img_size=&#8221;full&#8221;][vc_single_image image=&#8221;555&#8243; img_size=&#8221;full&#8221;][\/vc_column][vc_column width=&#8221;1\/2&#8243;][vc_single_image image=&#8221;553&#8243; img_size=&#8221;full&#8221;][vc_single_image image=&#8221;546&#8243; img_size=&#8221;full&#8221;][\/vc_column][\/vc_row][vc_row][vc_column][vc_single_image image=&#8221;1238&#8243; img_size=&#8221;full&#8221;][\/vc_column][\/vc_row]<\/p>\n<\/section>","protected":false},"excerpt":{"rendered":"<p>[vc_row][vc_column][vc_col<span class=\"excerpt-hellip\"> [\u2026]<\/span><\/p>\n","protected":false},"author":1,"featured_media":0,"parent":873,"menu_order":0,"comment_status":"closed","ping_status":"closed","template":"","meta":[],"_links":{"self":[{"href":"https:\/\/www.trencilo.com\/th\/wp-json\/wp\/v2\/pages\/912"}],"collection":[{"href":"https:\/\/www.trencilo.com\/th\/wp-json\/wp\/v2\/pages"}],"about":[{"href":"https:\/\/www.trencilo.com\/th\/wp-json\/wp\/v2\/types\/page"}],"author":[{"embeddable":true,"href":"https:\/\/www.trencilo.com\/th\/wp-json\/wp\/v2\/users\/1"}],"replies":[{"embeddable":true,"href":"https:\/\/www.trencilo.com\/th\/wp-json\/wp\/v2\/comments?post=912"}],"version-history":[{"count":3,"href":"https:\/\/www.trencilo.com\/th\/wp-json\/wp\/v2\/pages\/912\/revisions"}],"predecessor-version":[{"id":1241,"href":"https:\/\/www.trencilo.com\/th\/wp-json\/wp\/v2\/pages\/912\/revisions\/1241"}],"up":[{"embeddable":true,"href":"https:\/\/www.trencilo.com\/th\/wp-json\/wp\/v2\/pages\/873"}],"wp:attachment":[{"href":"https:\/\/www.trencilo.com\/th\/wp-json\/wp\/v2\/media?parent=912"}],"curies":[{"name":"wp","href":"https:\/\/api.w.org\/{rel}","templated":true}]}}