{"id":918,"date":"2018-05-10T15:36:00","date_gmt":"2018-05-10T15:36:00","guid":{"rendered":"http:\/\/trencilo.com\/?page_id=918"},"modified":"2020-09-17T15:49:59","modified_gmt":"2020-09-17T15:49:59","slug":"theo-cach-dung-hoac-ung-dung","status":"publish","type":"page","link":"https:\/\/www.trencilo.com\/th\/day-va-cac-day-khac\/theo-cach-dung-hoac-ung-dung\/","title":{"rendered":"Theo c\u00e1ch d\u00f9ng ho\u1eb7c \u1ee9ng d\u1ee5ng"},"content":{"rendered":"<section class=\"wpb-content-wrapper\"><p>[vc_row][vc_column width=&#8221;1\/3&#8243;][vc_single_image image=&#8221;648&#8243; img_size=&#8221;500&#215;500&#8243; add_caption=&#8221;yes&#8221; onclick=&#8221;custom_link&#8221; title=&#8221;Gi\u00e0y th\u01b0\u1eddng ng\u00e0y v\u00e0 gi\u00e0y c\u1ed5 \u0111i\u1ec3n&#8221; link=&#8221;http:\/\/www.trencilo.com\/th\/day-va-cac-day-khac\/theo-cach-dung-hoac-ung-dung\/giay-thuong-ngay-va-giay-co-dien\/&#8221;][\/vc_column][vc_column width=&#8221;1\/3&#8243;][vc_single_image image=&#8221;644&#8243; img_size=&#8221;500&#215;500&#8243; add_caption=&#8221;yes&#8221; onclick=&#8221;custom_link&#8221; title=&#8221;Gi\u00e0y th\u1ec3 thao, gi\u00e0y sneakers&#8221; link=&#8221;http:\/\/www.trencilo.com\/th\/day-va-cac-day-khac\/theo-cach-dung-hoac-ung-dung\/giay-the-thao-va-giay-sneakers\/&#8221;][\/vc_column][vc_column width=&#8221;1\/3&#8243;][vc_single_image image=&#8221;640&#8243; img_size=&#8221;500&#215;500&#8243; add_caption=&#8221;yes&#8221; onclick=&#8221;custom_link&#8221; title=&#8221;Gi\u00e0y b\u1ea3o v\u1ec7 v\u00e0 gi\u00e0y l\u00ednh&#8221; link=&#8221;http:\/\/www.trencilo.com\/th\/day-va-cac-day-khac\/theo-cach-dung-hoac-ung-dung\/giay-bao-ve-va-giay-linh\/&#8221;][\/vc_column][\/vc_row][vc_row][vc_column width=&#8221;1\/3&#8243;][vc_single_image image=&#8221;673&#8243; img_size=&#8221;500&#215;500&#8243; add_caption=&#8221;yes&#8221; onclick=&#8221;custom_link&#8221; title=&#8221;Th\u1eaft l\u01b0ng v\u00e0 t\u00fai x\u00e1ch&#8221; link=&#8221;http:\/\/www.trencilo.com\/th\/day-va-cac-day-khac\/theo-cach-dung-hoac-ung-dung\/that-lung-va-tui-xach\/&#8221;][\/vc_column][vc_column width=&#8221;1\/3&#8243;][\/vc_column][vc_column width=&#8221;1\/3&#8243;][\/vc_column][\/vc_row]<\/p>\n<\/section>","protected":false},"excerpt":{"rendered":"<p>[vc_row][vc_column width=&#038;<span class=\"excerpt-hellip\"> [\u2026]<\/span><\/p>\n","protected":false},"author":1,"featured_media":0,"parent":822,"menu_order":0,"comment_status":"closed","ping_status":"closed","template":"","meta":[],"_links":{"self":[{"href":"https:\/\/www.trencilo.com\/th\/wp-json\/wp\/v2\/pages\/918"}],"collection":[{"href":"https:\/\/www.trencilo.com\/th\/wp-json\/wp\/v2\/pages"}],"about":[{"href":"https:\/\/www.trencilo.com\/th\/wp-json\/wp\/v2\/types\/page"}],"author":[{"embeddable":true,"href":"https:\/\/www.trencilo.com\/th\/wp-json\/wp\/v2\/users\/1"}],"replies":[{"embeddable":true,"href":"https:\/\/www.trencilo.com\/th\/wp-json\/wp\/v2\/comments?post=918"}],"version-history":[{"count":5,"href":"https:\/\/www.trencilo.com\/th\/wp-json\/wp\/v2\/pages\/918\/revisions"}],"predecessor-version":[{"id":1973,"href":"https:\/\/www.trencilo.com\/th\/wp-json\/wp\/v2\/pages\/918\/revisions\/1973"}],"up":[{"embeddable":true,"href":"https:\/\/www.trencilo.com\/th\/wp-json\/wp\/v2\/pages\/822"}],"wp:attachment":[{"href":"https:\/\/www.trencilo.com\/th\/wp-json\/wp\/v2\/media?parent=918"}],"curies":[{"name":"wp","href":"https:\/\/api.w.org\/{rel}","templated":true}]}}