{"id":925,"date":"2018-05-10T15:37:50","date_gmt":"2018-05-10T15:37:50","guid":{"rendered":"http:\/\/trencilo.com\/?page_id=925"},"modified":"2018-05-10T15:37:50","modified_gmt":"2018-05-10T15:37:50","slug":"giay-thuong-ngay-va-giay-co-dien","status":"publish","type":"page","link":"https:\/\/www.trencilo.com\/th\/day-va-cac-day-khac\/theo-cach-dung-hoac-ung-dung\/giay-thuong-ngay-va-giay-co-dien\/","title":{"rendered":"Gi\u00e0y th\u01b0\u1eddng ng\u00e0y v\u00e0 gi\u00e0y c\u1ed5 \u0111i\u1ec3n"},"content":{"rendered":"<section class=\"wpb-content-wrapper\"><p>[vc_row][vc_column][vc_column_text]Ch\u00fang t\u00f4i chuy\u00ean s\u1ea3n xu\u1ea5t v\u00e0 thi\u1ebft k\u1ebf theo y\u00eau c\u1ea7u t\u1ea5t c\u1ea3 c\u00e1c lo\u1ea1i d\u00e2y gi\u00e0y. Ch\u00fang t\u00f4i s\u1ea3n xu\u1ea5t d\u00e2y gi\u00e0y \u0111a d\u1ea1ng v\u1ec1 \u0111\u1ed9 d\u00e0y, t\u1eeb 0.8mm \u0111\u1ebfn 200mm, b\u1ea3n tr\u00f2n, b\u1ea3n d\u1eb9t v\u00e0 b\u1ea3n b\u1ea7u d\u1ee5c.<\/p>\n<p>\u0110\u1ed1i v\u1edbi gi\u00e0y th\u01b0\u1eddng ng\u00e0y v\u00e0 gi\u00e0y c\u1ed5 \u0111i\u1ec3n, ch\u00fang t\u00f4i s\u1ea3n xu\u1ea5t d\u00e2y gi\u00e0y t\u1eeb s\u1ee3i cotton b\u00f3ng (c\u00f3 ph\u1ee7 s\u00e1p) l\u00e0m cho b\u1ec1 m\u1eb7t d\u00e2y s\u00e1ng v\u00e0 m\u1ec1m m\u1ea1i. Ch\u00fang t\u00f4i c\u0169ng s\u1ea3n xu\u1ea5t d\u00e2y gi\u00e0y t\u1eeb Polyester ng\u1eafn c\u1eaft s\u1ee3i.<\/p>\n<p>Ch\u00fang t\u00f4i c\u00f3 64 m\u00e0u \u0111a d\u1ea1ng v\u00e0 ch\u00fang t\u00f4i c\u00f3 th\u1ec3 nghi\u00ean c\u1ee9u trong ph\u00f2ng th\u00ed nghi\u1ec7m b\u1ea5t k\u1ef3 m\u00e0u n\u00e0o theo m\u1eabu ho\u1eb7c theo m\u00e3 m\u00e0u pantone.<\/p>\n<p>S\u1ea3n ph\u1ea9m \u0111\u01b0\u1ee3c giao cho kh\u00e1ch h\u00e0ng v\u1edbi s\u1ed1 l\u01b0\u1ee3ng l\u1edbn \u0111\u01b0\u1ee3c \u0111\u00f3ng g\u00f3i trong th\u00f9ng, trong \u1ed1ng ch\u1ec9 ho\u1eb7c c\u1eaft theo k\u00edch th\u01b0\u1edbc v\u1edbi \u0111\u1ea7u t\u00edp nh\u1ef1a trong su\u1ed1t, \u0111\u1ea7u t\u00edp nh\u1ef1a c\u00f3 m\u00e0u ho\u1eb7c \u0111\u1ea7u t\u00edp kim lo\u1ea1i.[\/vc_column_text][\/vc_column][\/vc_row][vc_row][vc_column width=&#8221;1\/2&#8243;][vc_single_image image=&#8221;648&#8243; img_size=&#8221;full&#8221;][\/vc_column][vc_column width=&#8221;1\/2&#8243;][vc_single_image image=&#8221;649&#8243; img_size=&#8221;full&#8221;][\/vc_column][\/vc_row]<\/p>\n<\/section>","protected":false},"excerpt":{"rendered":"<p>[vc_row][vc_column][vc_col<span class=\"excerpt-hellip\"> [\u2026]<\/span><\/p>\n","protected":false},"author":1,"featured_media":0,"parent":918,"menu_order":0,"comment_status":"closed","ping_status":"closed","template":"","meta":[],"_links":{"self":[{"href":"https:\/\/www.trencilo.com\/th\/wp-json\/wp\/v2\/pages\/925"}],"collection":[{"href":"https:\/\/www.trencilo.com\/th\/wp-json\/wp\/v2\/pages"}],"about":[{"href":"https:\/\/www.trencilo.com\/th\/wp-json\/wp\/v2\/types\/page"}],"author":[{"embeddable":true,"href":"https:\/\/www.trencilo.com\/th\/wp-json\/wp\/v2\/users\/1"}],"replies":[{"embeddable":true,"href":"https:\/\/www.trencilo.com\/th\/wp-json\/wp\/v2\/comments?post=925"}],"version-history":[{"count":2,"href":"https:\/\/www.trencilo.com\/th\/wp-json\/wp\/v2\/pages\/925\/revisions"}],"predecessor-version":[{"id":929,"href":"https:\/\/www.trencilo.com\/th\/wp-json\/wp\/v2\/pages\/925\/revisions\/929"}],"up":[{"embeddable":true,"href":"https:\/\/www.trencilo.com\/th\/wp-json\/wp\/v2\/pages\/918"}],"wp:attachment":[{"href":"https:\/\/www.trencilo.com\/th\/wp-json\/wp\/v2\/media?parent=925"}],"curies":[{"name":"wp","href":"https:\/\/api.w.org\/{rel}","templated":true}]}}