{"id":932,"date":"2018-05-10T15:40:23","date_gmt":"2018-05-10T15:40:23","guid":{"rendered":"http:\/\/trencilo.com\/?page_id=932"},"modified":"2018-05-10T15:40:23","modified_gmt":"2018-05-10T15:40:23","slug":"giay-bao-ve-va-giay-linh","status":"publish","type":"page","link":"https:\/\/www.trencilo.com\/th\/day-va-cac-day-khac\/theo-cach-dung-hoac-ung-dung\/giay-bao-ve-va-giay-linh\/","title":{"rendered":"Gi\u00e0y b\u1ea3o v\u1ec7 v\u00e0 gi\u00e0y l\u00ednh"},"content":{"rendered":"<section class=\"wpb-content-wrapper\"><p>[vc_row][vc_column][vc_column_text]Ch\u00fang t\u00f4i s\u1ea3n xu\u1ea5t v\u00e0 thi\u1ebft k\u1ebf theo y\u00eau c\u1ea7u t\u1ea5t c\u1ea3 c\u00e1c lo\u1ea1i d\u00e2y gi\u00e0y cho gi\u00e0y b\u1ea3o v\u1ec7 v\u00e0 gi\u00e0y l\u00ednh \u0111a d\u1ea1ng v\u1ec1 \u0111\u1ed9 d\u00e0y, v\u1edbi nhi\u1ec1u c\u1ea5u tr\u00fac kh\u00e1c nhau nh\u01b0 tr\u00f2n, d\u1eb9t v\u00e0 b\u1ea7u d\u1ee5c. Ch\u00fang t\u00f4i c\u00f3 th\u1ec3 s\u1ea3n xu\u1ea5t d\u00e2y gi\u00e0y \u0111\u00e0n h\u1ed3i.<\/p>\n<p>Ch\u00fang t\u00f4i s\u1eed d\u1ee5ng c\u00e1c nguy\u00ean li\u1ec7u nh\u01b0 polyester d\u00fan, polyester c\u00f3 \u0111\u1ed9 b\u1ec1n cao v\u00e0 polyester-Cotton v\u1edbi c\u00e1c x\u1eed l\u00fd k\u1ef9 thu\u1eadt nh\u01b0 ch\u1ed1ng ch\u00e1y, ch\u1eadm b\u1eaft l\u1eeda, ch\u1ed1ng \u1ea9m, ch\u1ed1ng th\u1ea5m, d\u1eabn \u0111i\u1ec7n v\u00e0 t\u0129nh \u0111i\u1ec7n.<\/p>\n<p>Ch\u00fang t\u00f4i c\u00f3 r\u1ea5t nhi\u1ec1u m\u00e0u s\u1eafc v\u00e0 ch\u00fang t\u00f4i c\u00f3 th\u1ec3 nghi\u00ean c\u1ee9u trong ph\u00f2ng th\u00ed nghi\u1ec7m b\u1ea5t k\u1ef3 m\u00e0u n\u00e0o theo m\u1eabu ho\u1eb7c theo m\u00e3 m\u00e0u pantone.<\/p>\n<p>S\u1ea3n ph\u1ea9m \u0111\u01b0\u1ee3c giao cho kh\u00e1ch h\u00e0ng v\u1edbi s\u1ed1 l\u01b0\u1ee3ng l\u1edbn \u0111\u01b0\u1ee3c \u0111\u00f3ng g\u00f3i trong th\u00f9ng, trong \u1ed1ng ch\u1ec9 ho\u1eb7c c\u1eaft theo k\u00edch th\u01b0\u1edbc v\u1edbi \u0111\u1ea7u t\u00edp nh\u1ef1a trong su\u1ed1t, in hoa v\u0103n v\u00e0 \u0111\u1ea7u t\u00edp kim lo\u1ea1i.[\/vc_column_text][\/vc_column][\/vc_row][vc_row][vc_column width=&#8221;1\/2&#8243;][vc_single_image image=&#8221;640&#8243; img_size=&#8221;full&#8221;][\/vc_column][vc_column width=&#8221;1\/2&#8243;][vc_single_image image=&#8221;639&#8243; img_size=&#8221;full&#8221;][\/vc_column][\/vc_row]<\/p>\n<\/section>","protected":false},"excerpt":{"rendered":"<p>[vc_row][vc_column][vc_col<span class=\"excerpt-hellip\"> [\u2026]<\/span><\/p>\n","protected":false},"author":1,"featured_media":0,"parent":918,"menu_order":0,"comment_status":"closed","ping_status":"closed","template":"","meta":[],"_links":{"self":[{"href":"https:\/\/www.trencilo.com\/th\/wp-json\/wp\/v2\/pages\/932"}],"collection":[{"href":"https:\/\/www.trencilo.com\/th\/wp-json\/wp\/v2\/pages"}],"about":[{"href":"https:\/\/www.trencilo.com\/th\/wp-json\/wp\/v2\/types\/page"}],"author":[{"embeddable":true,"href":"https:\/\/www.trencilo.com\/th\/wp-json\/wp\/v2\/users\/1"}],"replies":[{"embeddable":true,"href":"https:\/\/www.trencilo.com\/th\/wp-json\/wp\/v2\/comments?post=932"}],"version-history":[{"count":2,"href":"https:\/\/www.trencilo.com\/th\/wp-json\/wp\/v2\/pages\/932\/revisions"}],"predecessor-version":[{"id":936,"href":"https:\/\/www.trencilo.com\/th\/wp-json\/wp\/v2\/pages\/932\/revisions\/936"}],"up":[{"embeddable":true,"href":"https:\/\/www.trencilo.com\/th\/wp-json\/wp\/v2\/pages\/918"}],"wp:attachment":[{"href":"https:\/\/www.trencilo.com\/th\/wp-json\/wp\/v2\/media?parent=932"}],"curies":[{"name":"wp","href":"https:\/\/api.w.org\/{rel}","templated":true}]}}