{"id":944,"date":"2018-05-10T15:44:29","date_gmt":"2018-05-10T15:44:29","guid":{"rendered":"http:\/\/trencilo.com\/?page_id=944"},"modified":"2018-05-10T15:44:29","modified_gmt":"2018-05-10T15:44:29","slug":"that-lung-va-tui-xach","status":"publish","type":"page","link":"https:\/\/www.trencilo.com\/th\/day-va-cac-day-khac\/theo-cach-dung-hoac-ung-dung\/that-lung-va-tui-xach\/","title":{"rendered":"Th\u1eaft l\u01b0ng v\u00e0 t\u00fai x\u00e1ch"},"content":{"rendered":"<section class=\"wpb-content-wrapper\"><p>[vc_row][vc_column][vc_column_text]Ch\u00fang t\u00f4i c\u00f3 nhi\u1ec1u lo\u1ea1i d\u00e2y b\u1ec7n v\u00e0 d\u00e2y xo\u1eafn \u0111\u01b0\u1ee3c s\u1ea3n xu\u1ea5t t\u1eeb s\u1ee3i cotton c\u00f3 s\u00e1p v\u00e0 kh\u00f4ng s\u00e1p, v\u00e0 t\u1eeb s\u1ee3i polyester, s\u1ee3i polyester-Cotton, s\u1ee3i lanh, s\u1ee3i \u0111ay, s\u1ee3i kim tuy\u1ebfn, v.v cho ng\u00e0nh s\u1ea3n xu\u1ea5t Th\u1eaft l\u01b0ng v\u00e0 quai t\u00fai x\u00e1ch.<\/p>\n<p>Ch\u00fang t\u00f4i c\u00f3 r\u1ea5t nhi\u1ec1u m\u00e0u s\u1eafc v\u00e0 ch\u00fang t\u00f4i c\u00f3 th\u1ec3 nghi\u00ean c\u1ee9u trong ph\u00f2ng th\u00ed nghi\u1ec7m b\u1ea5t k\u1ef3 m\u00e0u n\u00e0o theo m\u1eabu ho\u1eb7c theo m\u00e3 m\u00e0u pantone.[\/vc_column_text][\/vc_column][\/vc_row][vc_row][vc_column width=&#8221;1\/2&#8243;][vc_single_image image=&#8221;673&#8243; img_size=&#8221;full&#8221;][vc_single_image image=&#8221;676&#8243; img_size=&#8221;full&#8221;][\/vc_column][vc_column width=&#8221;1\/2&#8243;][vc_single_image image=&#8221;674&#8243; img_size=&#8221;full&#8221;][vc_single_image image=&#8221;677&#8243; img_size=&#8221;full&#8221;][\/vc_column][\/vc_row]<\/p>\n<\/section>","protected":false},"excerpt":{"rendered":"<p>[vc_row][vc_column][vc_col<span class=\"excerpt-hellip\"> [\u2026]<\/span><\/p>\n","protected":false},"author":1,"featured_media":0,"parent":918,"menu_order":0,"comment_status":"closed","ping_status":"closed","template":"","meta":[],"_links":{"self":[{"href":"https:\/\/www.trencilo.com\/th\/wp-json\/wp\/v2\/pages\/944"}],"collection":[{"href":"https:\/\/www.trencilo.com\/th\/wp-json\/wp\/v2\/pages"}],"about":[{"href":"https:\/\/www.trencilo.com\/th\/wp-json\/wp\/v2\/types\/page"}],"author":[{"embeddable":true,"href":"https:\/\/www.trencilo.com\/th\/wp-json\/wp\/v2\/users\/1"}],"replies":[{"embeddable":true,"href":"https:\/\/www.trencilo.com\/th\/wp-json\/wp\/v2\/comments?post=944"}],"version-history":[{"count":2,"href":"https:\/\/www.trencilo.com\/th\/wp-json\/wp\/v2\/pages\/944\/revisions"}],"predecessor-version":[{"id":948,"href":"https:\/\/www.trencilo.com\/th\/wp-json\/wp\/v2\/pages\/944\/revisions\/948"}],"up":[{"embeddable":true,"href":"https:\/\/www.trencilo.com\/th\/wp-json\/wp\/v2\/pages\/918"}],"wp:attachment":[{"href":"https:\/\/www.trencilo.com\/th\/wp-json\/wp\/v2\/media?parent=944"}],"curies":[{"name":"wp","href":"https:\/\/api.w.org\/{rel}","templated":true}]}}