{"id":964,"date":"2018-05-10T16:05:11","date_gmt":"2018-05-10T16:05:11","guid":{"rendered":"http:\/\/trencilo.com\/?page_id=964"},"modified":"2018-06-18T14:19:00","modified_gmt":"2018-06-18T14:19:00","slug":"lub","status":"publish","type":"page","link":"https:\/\/www.trencilo.com\/th\/lub\/","title":{"rendered":"LUB"},"content":{"rendered":"<section class=\"wpb-content-wrapper\"><p>[vc_row][vc_column][vc_column_text]<\/p>\n<h2>B\u00f4i tr\u01a1n<\/h2>\n<p>[\/vc_column_text][vc_single_image image=&#8221;283&#8243; img_size=&#8221;full&#8221;][vc_column_text]<\/p>\n<h4>\u1ee8ng d\u1ee5ng<\/h4>\n<p>D\u00f9ng cho may m\u00e1y v\u00e0 c\u00e1c lo\u1ea1i \u0111\u01b0\u1eddng may nh\u01b0 ideal, San Crispino, apache, dot, may \u0111\u01b0\u1eddng vi\u1ec1n, may trang tr\u00ed, may bordones, goodyear, \u0111\u01b0\u1eddng vi\u1ec1n \u0111\u1ebf gi\u00e0y.<\/p>\n<h4>\u0110\u1eb7c t\u00ednh<\/h4>\n<p>Tr\u01a1n, ch\u1ed1ng ma s\u00e1t gi\u00fap kh\u00f4ng l\u00e0m hao m\u00f2n c\u00e1c b\u1ed9 ph\u1eadn c\u1ee7a m\u00e1y, m\u1ec1m m\u1ea1i.[\/vc_column_text][\/vc_column][\/vc_row][vc_row full_width=&#8221;stretch_row&#8221; css=&#8221;.vc_custom_1484040697764{background-color: #fdf0e4 !important;}&#8221;][vc_column][vc_column_text]<\/p>\n<h2>Ch\u1ec9 b\u1ec7n Polyester<\/h2>\n<ul>\n<li><strong>M\u00f4 t\u1ea3:<\/strong> ch\u1ec9 b\u1ec7n polyester c\u00f3 \u0111\u1ed9 b\u1ec1n cao.<\/li>\n<li><strong>M\u00e0u s\u1eafc:<\/strong> \u0111\u1ed9 d\u00e0y v\u00e0 b\u1ea3ng m\u00e0u \u2013 reg. 329<\/li>\n<\/ul>\n<p>[\/vc_column_text][vc_column_text]<\/p>\n<table>\n<tbody>\n<tr>\n<th>\u0110\u1ed9 d\u00e0y (mm)<\/th>\n<th><img decoding=\"async\" loading=\"lazy\" class=\"alignnone wp-image-237\" src=\"http:\/\/trencilo.com\/wp-content\/uploads\/2017\/01\/carrete.png\" alt=\"carrete\" width=\"40\" height=\"40\" srcset=\"https:\/\/www.trencilo.com\/wp-content\/uploads\/2017\/01\/carrete.png 120w, https:\/\/www.trencilo.com\/wp-content\/uploads\/2017\/01\/carrete-50x50.png 50w, https:\/\/www.trencilo.com\/wp-content\/uploads\/2017\/01\/carrete-75x75.png 75w, https:\/\/www.trencilo.com\/wp-content\/uploads\/2017\/01\/carrete-85x85.png 85w, https:\/\/www.trencilo.com\/wp-content\/uploads\/2017\/01\/carrete-80x80.png 80w\" sizes=\"(max-width: 40px) 100vw, 40px\" \/><br \/>\n\u1ed0ng ch\u1ec9 (m)<\/th>\n<th><img decoding=\"async\" loading=\"lazy\" class=\"alignnone wp-image-236\" src=\"http:\/\/trencilo.com\/wp-content\/uploads\/2017\/01\/bobina2.png\" alt=\"bobina2\" width=\"40\" height=\"40\" srcset=\"https:\/\/www.trencilo.com\/wp-content\/uploads\/2017\/01\/bobina2.png 120w, https:\/\/www.trencilo.com\/wp-content\/uploads\/2017\/01\/bobina2-50x50.png 50w, https:\/\/www.trencilo.com\/wp-content\/uploads\/2017\/01\/bobina2-75x75.png 75w, https:\/\/www.trencilo.com\/wp-content\/uploads\/2017\/01\/bobina2-85x85.png 85w, https:\/\/www.trencilo.com\/wp-content\/uploads\/2017\/01\/bobina2-80x80.png 80w\" sizes=\"(max-width: 40px) 100vw, 40px\" \/><br \/>\nKilo (m)<\/th>\n<th>Kim<\/th>\n<th>\u0110\u1ed9 b\u1ec1n (gr\/dn)<\/th>\n<th>\u0110\u1ed9 b\u1ec1n \u0111\u1ee9t (kg)<\/th>\n<th>\u0110\u1ed9 gi\u00e3n \u0111\u1ee9t (%)<\/th>\n<\/tr>\n<tr>\n<td>0,5<\/td>\n<td>500<\/td>\n<td>5260<\/td>\n<td>160-200<\/td>\n<td>6<\/td>\n<td>10<\/td>\n<td>13,5<\/td>\n<\/tr>\n<tr>\n<td>0,6<\/td>\n<td>500<\/td>\n<td>4100<\/td>\n<td>160-200<\/td>\n<td>6,6<\/td>\n<td>13<\/td>\n<td>17,5<\/td>\n<\/tr>\n<tr>\n<td>0,8<\/td>\n<td>500<\/td>\n<td>2630<\/td>\n<td>200-230<\/td>\n<td>5,7<\/td>\n<td>20<\/td>\n<td>20,5<\/td>\n<\/tr>\n<tr>\n<td>0,9<\/td>\n<td>500<\/td>\n<td>2325<\/td>\n<td>200-230<\/td>\n<td>5,7<\/td>\n<td>20<\/td>\n<td>20,5<\/td>\n<\/tr>\n<tr>\n<td>1<\/td>\n<td>500<\/td>\n<td>1660<\/td>\n<td>230<\/td>\n<td>6,2<\/td>\n<td>29<\/td>\n<td>20,4<\/td>\n<\/tr>\n<tr>\n<td>1,2<\/td>\n<td>500<\/td>\n<td>1350<\/td>\n<td>230<\/td>\n<td>6,5<\/td>\n<td>38<\/td>\n<td>23<\/td>\n<\/tr>\n<tr>\n<td>1,4<\/td>\n<td>500<\/td>\n<td>1020<\/td>\n<td>230<\/td>\n<td>5,6<\/td>\n<td>54<\/td>\n<td>14,5<\/td>\n<\/tr>\n<tr>\n<td>1,6<\/td>\n<td>500<\/td>\n<td>684<\/td>\n<td>230<\/td>\n<td>5,7<\/td>\n<td>68<\/td>\n<td>25<\/td>\n<\/tr>\n<\/tbody>\n<\/table>\n<p>[\/vc_column_text][\/vc_column][\/vc_row][vc_row full_width=&#8221;stretch_row&#8221;][vc_column width=&#8221;1\/4&#8243;][vc_single_image image=&#8221;224&#8243; img_size=&#8221;full&#8221; alignment=&#8221;center&#8221;][\/vc_column][vc_column width=&#8221;1\/4&#8243;][vc_single_image image=&#8221;225&#8243; img_size=&#8221;full&#8221; alignment=&#8221;center&#8221;][\/vc_column][vc_column width=&#8221;1\/4&#8243;][vc_single_image image=&#8221;229&#8243; img_size=&#8221;full&#8221; alignment=&#8221;center&#8221;][\/vc_column][vc_column width=&#8221;1\/4&#8243;][vc_single_image image=&#8221;228&#8243; img_size=&#8221;full&#8221; alignment=&#8221;center&#8221;][\/vc_column][\/vc_row][vc_row full_width=&#8221;stretch_row&#8221; css=&#8221;.vc_custom_1484040697764{background-color: #fdf0e4 !important;}&#8221;][vc_column][vc_column_text]<\/p>\n<h2>Polyester Lo\u1ea1i K<\/h2>\n<ul>\n<li><strong>M\u00f4 t\u1ea3:<\/strong> ch\u1ec9 b\u1ec7n polyester c\u00f3 \u0111\u1ed9 b\u1ec1n cao.<\/li>\n<li><strong>M\u00e0u s\u1eafc:<\/strong> \u0111\u1ed9 d\u00e0y v\u00e0 b\u1ea3ng m\u00e0u \u2013 reg. 329<\/li>\n<\/ul>\n<p>[\/vc_column_text][vc_column_text]<\/p>\n<table>\n<tbody>\n<tr>\n<th>\u0110\u1ea7u t\u00edp<\/th>\n<th><img decoding=\"async\" loading=\"lazy\" class=\"alignnone wp-image-236\" src=\"http:\/\/trencilo.com\/wp-content\/uploads\/2017\/01\/bobina2.png\" alt=\"bobina2\" width=\"40\" height=\"40\" srcset=\"https:\/\/www.trencilo.com\/wp-content\/uploads\/2017\/01\/bobina2.png 120w, https:\/\/www.trencilo.com\/wp-content\/uploads\/2017\/01\/bobina2-50x50.png 50w, https:\/\/www.trencilo.com\/wp-content\/uploads\/2017\/01\/bobina2-75x75.png 75w, https:\/\/www.trencilo.com\/wp-content\/uploads\/2017\/01\/bobina2-85x85.png 85w, https:\/\/www.trencilo.com\/wp-content\/uploads\/2017\/01\/bobina2-80x80.png 80w\" sizes=\"(max-width: 40px) 100vw, 40px\" \/><br \/>\nKilo (m)<\/th>\n<th>\u0110\u1ed9 b\u1ec1n (gr\/dn)<\/th>\n<th>\u0110\u1ed9 b\u1ec1n \u0111\u1ee9t (kg)<\/th>\n<th>\u0110\u1ed9 gi\u00e3n \u0111\u1ee9t (%)<\/th>\n<\/tr>\n<tr>\n<td>3<\/td>\n<td>2678<\/td>\n<td>6,8<\/td>\n<td>20<\/td>\n<td>18,6<\/td>\n<\/tr>\n<tr>\n<td>4<\/td>\n<td>2040<\/td>\n<td>5,2<\/td>\n<td>26<\/td>\n<td>23,6<\/td>\n<\/tr>\n<tr>\n<td>5<\/td>\n<td>1640<\/td>\n<td>6<\/td>\n<td>30<\/td>\n<td>23,7<\/td>\n<\/tr>\n<tr>\n<td>6<\/td>\n<td>1176<\/td>\n<td>6<\/td>\n<td>36<\/td>\n<td>19,7<\/td>\n<\/tr>\n<\/tbody>\n<\/table>\n<p>[\/vc_column_text][\/vc_column][\/vc_row][vc_row full_width=&#8221;stretch_row&#8221;][vc_column width=&#8221;1\/4&#8243;][vc_single_image image=&#8221;221&#8243; img_size=&#8221;full&#8221; alignment=&#8221;center&#8221;][\/vc_column][vc_column width=&#8221;1\/4&#8243;][\/vc_column][vc_column width=&#8221;1\/4&#8243;][\/vc_column][vc_column width=&#8221;1\/4&#8243;][\/vc_column][\/vc_row]<\/p>\n<\/section>","protected":false},"excerpt":{"rendered":"<p>[vc_row][vc_column][vc_col<span class=\"excerpt-hellip\"> [\u2026]<\/span><\/p>\n","protected":false},"author":1,"featured_media":0,"parent":0,"menu_order":0,"comment_status":"closed","ping_status":"closed","template":"","meta":[],"_links":{"self":[{"href":"https:\/\/www.trencilo.com\/th\/wp-json\/wp\/v2\/pages\/964"}],"collection":[{"href":"https:\/\/www.trencilo.com\/th\/wp-json\/wp\/v2\/pages"}],"about":[{"href":"https:\/\/www.trencilo.com\/th\/wp-json\/wp\/v2\/types\/page"}],"author":[{"embeddable":true,"href":"https:\/\/www.trencilo.com\/th\/wp-json\/wp\/v2\/users\/1"}],"replies":[{"embeddable":true,"href":"https:\/\/www.trencilo.com\/th\/wp-json\/wp\/v2\/comments?post=964"}],"version-history":[{"count":4,"href":"https:\/\/www.trencilo.com\/th\/wp-json\/wp\/v2\/pages\/964\/revisions"}],"predecessor-version":[{"id":1166,"href":"https:\/\/www.trencilo.com\/th\/wp-json\/wp\/v2\/pages\/964\/revisions\/1166"}],"wp:attachment":[{"href":"https:\/\/www.trencilo.com\/th\/wp-json\/wp\/v2\/media?parent=964"}],"curies":[{"name":"wp","href":"https:\/\/api.w.org\/{rel}","templated":true}]}}