{"id":972,"date":"2018-05-10T16:02:54","date_gmt":"2018-05-10T16:02:54","guid":{"rendered":"http:\/\/trencilo.com\/?page_id=972"},"modified":"2018-06-18T14:38:20","modified_gmt":"2018-06-18T14:38:20","slug":"wax","status":"publish","type":"page","link":"https:\/\/www.trencilo.com\/th\/wax\/","title":{"rendered":"WAX"},"content":{"rendered":"<section class=\"wpb-content-wrapper\"><p>[vc_row][vc_column][vc_column_text]<\/p>\n<h2>Ph\u1ee7 s\u00e1p<\/h2>\n<p>[\/vc_column_text][vc_single_image image=&#8221;287&#8243; img_size=&#8221;full&#8221;][vc_column_text]<\/p>\n<h4>\u1ee8ng d\u1ee5ng<\/h4>\n<p>D\u00f9ng cho may tay v\u00e0 cho \u1ed1ng ch\u1ec9 c\u1ee7a m\u00e1y may hai kim.<\/p>\n<h4>\u0110\u1eb7c t\u00ednh<\/h4>\n<p>X\u1eed l\u00fd v\u1edbi \u0111\u1ed9 s\u00e1p ch\u00ednh x\u00e1c \u0111\u1ec3 kh\u00f4ng l\u00e0m b\u00e1m b\u1ea9n da ho\u1eb7c c\u00e1c v\u1eadt li\u1ec7u kh\u00e1c.[\/vc_column_text][\/vc_column][\/vc_row][vc_row full_width=&#8221;stretch_row&#8221; css=&#8221;.vc_custom_1484040697764{background-color: #fdf0e4 !important;}&#8221;][vc_column][vc_column_text]<\/p>\n<h2>Ch\u1ec9 b\u1ec7n polyester<\/h2>\n<ul>\n<li><strong>M\u00f4 t\u1ea3:<\/strong> Ch\u1ec9 b\u1ec7n polyester c\u00f3 \u0111\u1ed9 b\u1ec1n cao.<\/li>\n<li><strong>M\u00e0u s\u1eafc:<\/strong> \u0111\u1ed9 d\u00e0y v\u00e0 b\u1ea3ng m\u00e0u \u2013 reg.329<\/li>\n<\/ul>\n<p>[\/vc_column_text][vc_column_text]<\/p>\n<table>\n<tbody>\n<tr>\n<th>\u0110\u1ed9 d\u00e0y (mm)<\/th>\n<th><img decoding=\"async\" loading=\"lazy\" class=\"alignnone wp-image-236\" src=\"http:\/\/trencilo.com\/wp-content\/uploads\/2017\/01\/bobina2.png\" alt=\"bobina2\" width=\"40\" height=\"40\" srcset=\"https:\/\/www.trencilo.com\/wp-content\/uploads\/2017\/01\/bobina2.png 120w, https:\/\/www.trencilo.com\/wp-content\/uploads\/2017\/01\/bobina2-50x50.png 50w, https:\/\/www.trencilo.com\/wp-content\/uploads\/2017\/01\/bobina2-75x75.png 75w, https:\/\/www.trencilo.com\/wp-content\/uploads\/2017\/01\/bobina2-85x85.png 85w, https:\/\/www.trencilo.com\/wp-content\/uploads\/2017\/01\/bobina2-80x80.png 80w\" sizes=\"(max-width: 40px) 100vw, 40px\" \/><br \/>\nKilo (m)<\/th>\n<th>\u0110\u1ed9 b\u1ec1n (gr\/dn)<\/th>\n<th>\u0110\u1ed9 b\u1ec1n \u0111\u1ee9t (kg)<\/th>\n<th>\u0110\u1ed9 gi\u00e3n \u0111\u1ee9t (%)<\/th>\n<\/tr>\n<tr>\n<td>0,6<\/td>\n<td>3330<\/td>\n<td>6,4<\/td>\n<td>13<\/td>\n<td>15,1<\/td>\n<\/tr>\n<tr>\n<td>0,8<\/td>\n<td>2100<\/td>\n<td>5,6<\/td>\n<td>17<\/td>\n<td>19,1<\/td>\n<\/tr>\n<tr>\n<td>0,9<\/td>\n<td>1900<\/td>\n<td>5,3<\/td>\n<td>19<\/td>\n<td>17,5<\/td>\n<\/tr>\n<tr>\n<td>1<\/td>\n<td>1400<\/td>\n<td>5,7<\/td>\n<td>28<\/td>\n<td>20,5<\/td>\n<\/tr>\n<tr>\n<td>1,2<\/td>\n<td>1100<\/td>\n<td>5,9<\/td>\n<td>35<\/td>\n<td>27,1<\/td>\n<\/tr>\n<tr>\n<td>1,4<\/td>\n<td>847<\/td>\n<td>5,6<\/td>\n<td>46,28<\/td>\n<td>26,7<\/td>\n<\/tr>\n<tr>\n<td>1,6<\/td>\n<td>638<\/td>\n<td>4,4<\/td>\n<td>60<\/td>\n<td>26,2<\/td>\n<\/tr>\n<\/tbody>\n<\/table>\n<p>[\/vc_column_text][\/vc_column][\/vc_row][vc_row full_width=&#8221;stretch_row&#8221;][vc_column width=&#8221;1\/4&#8243;][vc_single_image image=&#8221;224&#8243; img_size=&#8221;full&#8221; alignment=&#8221;center&#8221;][\/vc_column][vc_column width=&#8221;1\/4&#8243;][vc_single_image image=&#8221;225&#8243; img_size=&#8221;full&#8221; alignment=&#8221;center&#8221;][\/vc_column][vc_column width=&#8221;1\/4&#8243;][vc_single_image image=&#8221;229&#8243; img_size=&#8221;full&#8221; alignment=&#8221;center&#8221;][\/vc_column][vc_column width=&#8221;1\/4&#8243;][vc_single_image image=&#8221;228&#8243; img_size=&#8221;full&#8221; alignment=&#8221;center&#8221;][\/vc_column][\/vc_row][vc_row full_width=&#8221;stretch_row&#8221; css=&#8221;.vc_custom_1484040697764{background-color: #fdf0e4 !important;}&#8221;][vc_column][vc_column_text]<\/p>\n<h2>Polyester m\u1ec1m<\/h2>\n<ul>\n<li><strong>M\u00f4 t\u1ea3:<\/strong> Ch\u1ec9 b\u1ec7n polyester c\u00f3 \u0111\u1ed9 b\u1ec1n cao.<\/li>\n<li><strong>M\u00e0u s\u1eafc:<\/strong> \u0111\u1ed9 d\u00e0y v\u00e0 b\u1ea3ng m\u00e0u \u2013 reg. 329<\/li>\n<\/ul>\n<p>[\/vc_column_text][vc_column_text]<\/p>\n<table>\n<tbody>\n<tr>\n<th>\u0110\u1ed9 d\u00e0y (mm)<\/th>\n<th><img decoding=\"async\" loading=\"lazy\" class=\"alignnone wp-image-236\" src=\"http:\/\/trencilo.com\/wp-content\/uploads\/2017\/01\/bobina2.png\" alt=\"bobina2\" width=\"40\" height=\"40\" srcset=\"https:\/\/www.trencilo.com\/wp-content\/uploads\/2017\/01\/bobina2.png 120w, https:\/\/www.trencilo.com\/wp-content\/uploads\/2017\/01\/bobina2-50x50.png 50w, https:\/\/www.trencilo.com\/wp-content\/uploads\/2017\/01\/bobina2-75x75.png 75w, https:\/\/www.trencilo.com\/wp-content\/uploads\/2017\/01\/bobina2-85x85.png 85w, https:\/\/www.trencilo.com\/wp-content\/uploads\/2017\/01\/bobina2-80x80.png 80w\" sizes=\"(max-width: 40px) 100vw, 40px\" \/><br \/>\nKilo (m)<\/th>\n<th>\u0110\u1ed9 b\u1ec1n (gr\/dn)<\/th>\n<th>\u0110\u1ed9 b\u1ec1n \u0111\u1ee9t (kg)<\/th>\n<th>\u0110\u1ed9 gi\u00e3n \u0111\u1ee9t (%)<\/th>\n<\/tr>\n<tr>\n<td>1<\/td>\n<td>1538<\/td>\n<td>6,9<\/td>\n<td>27,4<\/td>\n<td>19,3<\/td>\n<\/tr>\n<tr>\n<td>1,2<\/td>\n<td>990<\/td>\n<td>5,6<\/td>\n<td>33<\/td>\n<td>20,8<\/td>\n<\/tr>\n<\/tbody>\n<\/table>\n<p>[\/vc_column_text][\/vc_column][\/vc_row][vc_row full_width=&#8221;stretch_row&#8221;][vc_column width=&#8221;1\/4&#8243;][vc_single_image image=&#8221;224&#8243; img_size=&#8221;full&#8221; alignment=&#8221;center&#8221;][\/vc_column][vc_column width=&#8221;1\/4&#8243;][vc_single_image image=&#8221;225&#8243; img_size=&#8221;full&#8221; alignment=&#8221;center&#8221;][\/vc_column][vc_column width=&#8221;1\/4&#8243;][vc_single_image image=&#8221;229&#8243; img_size=&#8221;full&#8221; alignment=&#8221;center&#8221;][\/vc_column][vc_column width=&#8221;1\/4&#8243;][vc_single_image image=&#8221;228&#8243; img_size=&#8221;full&#8221; alignment=&#8221;center&#8221;][\/vc_column][\/vc_row][vc_row full_width=&#8221;stretch_row&#8221; css=&#8221;.vc_custom_1484040697764{background-color: #fdf0e4 !important;}&#8221;][vc_column][vc_column_text]<\/p>\n<h2>Polyester Lo\u1ea1i K<\/h2>\n<ul>\n<li><strong>M\u00f4 t\u1ea3:<\/strong> Ch\u1ec9 xo\u1eafn polyester c\u00f3 \u0111\u1ed9 b\u1ec1n cao.<\/li>\n<li><strong>M\u00e0u s\u1eafc:<\/strong> \u0111\u1ed9 d\u00e0y v\u00e0 b\u1ea3ng m\u00e0u &#8211; reg. 329<\/li>\n<\/ul>\n<p>[\/vc_column_text][vc_column_text]<\/p>\n<table>\n<tbody>\n<tr>\n<th>\u0110\u1ea7u t\u00edp<\/th>\n<th><img decoding=\"async\" loading=\"lazy\" class=\"alignnone wp-image-236\" src=\"http:\/\/trencilo.com\/wp-content\/uploads\/2017\/01\/bobina2.png\" alt=\"bobina2\" width=\"40\" height=\"40\" srcset=\"https:\/\/www.trencilo.com\/wp-content\/uploads\/2017\/01\/bobina2.png 120w, https:\/\/www.trencilo.com\/wp-content\/uploads\/2017\/01\/bobina2-50x50.png 50w, https:\/\/www.trencilo.com\/wp-content\/uploads\/2017\/01\/bobina2-75x75.png 75w, https:\/\/www.trencilo.com\/wp-content\/uploads\/2017\/01\/bobina2-85x85.png 85w, https:\/\/www.trencilo.com\/wp-content\/uploads\/2017\/01\/bobina2-80x80.png 80w\" sizes=\"(max-width: 40px) 100vw, 40px\" \/><br \/>\nKilo (m)<\/th>\n<th>\u0110\u1ed9 b\u1ec1n (gr\/dn)<\/th>\n<th>\u0110\u1ed9 b\u1ec1n \u0111\u1ee9t (kg)<\/th>\n<th>\u0110\u1ed9 gi\u00e3n \u0111\u1ee9t (%)<\/th>\n<\/tr>\n<tr>\n<td>3<\/td>\n<td>1886<\/td>\n<td>5<\/td>\n<td>15<\/td>\n<td>19,8<\/td>\n<\/tr>\n<tr>\n<td>4<\/td>\n<td>1428<\/td>\n<td>6,3<\/td>\n<td>25<\/td>\n<td>23,7<\/td>\n<\/tr>\n<tr>\n<td>5<\/td>\n<td>1136<\/td>\n<td>6<\/td>\n<td>30<\/td>\n<td>24<\/td>\n<\/tr>\n<tr>\n<td>6<\/td>\n<td>1031<\/td>\n<td>5,6<\/td>\n<td>33<\/td>\n<td>20<\/td>\n<\/tr>\n<tr>\n<td>7<\/td>\n<td>870<\/td>\n<td>5,1<\/td>\n<td>35<\/td>\n<td>27,5<\/td>\n<\/tr>\n<\/tbody>\n<\/table>\n<p>[\/vc_column_text][\/vc_column][\/vc_row][vc_row full_width=&#8221;stretch_row&#8221;][vc_column width=&#8221;1\/4&#8243;][vc_single_image image=&#8221;221&#8243; img_size=&#8221;full&#8221; alignment=&#8221;center&#8221;][\/vc_column][vc_column width=&#8221;1\/4&#8243;][\/vc_column][vc_column width=&#8221;1\/4&#8243;][\/vc_column][vc_column width=&#8221;1\/4&#8243;][\/vc_column][\/vc_row]<\/p>\n<\/section>","protected":false},"excerpt":{"rendered":"<p>[vc_row][vc_column][vc_col<span class=\"excerpt-hellip\"> [\u2026]<\/span><\/p>\n","protected":false},"author":1,"featured_media":0,"parent":0,"menu_order":0,"comment_status":"closed","ping_status":"closed","template":"","meta":[],"_links":{"self":[{"href":"https:\/\/www.trencilo.com\/th\/wp-json\/wp\/v2\/pages\/972"}],"collection":[{"href":"https:\/\/www.trencilo.com\/th\/wp-json\/wp\/v2\/pages"}],"about":[{"href":"https:\/\/www.trencilo.com\/th\/wp-json\/wp\/v2\/types\/page"}],"author":[{"embeddable":true,"href":"https:\/\/www.trencilo.com\/th\/wp-json\/wp\/v2\/users\/1"}],"replies":[{"embeddable":true,"href":"https:\/\/www.trencilo.com\/th\/wp-json\/wp\/v2\/comments?post=972"}],"version-history":[{"count":4,"href":"https:\/\/www.trencilo.com\/th\/wp-json\/wp\/v2\/pages\/972\/revisions"}],"predecessor-version":[{"id":1174,"href":"https:\/\/www.trencilo.com\/th\/wp-json\/wp\/v2\/pages\/972\/revisions\/1174"}],"wp:attachment":[{"href":"https:\/\/www.trencilo.com\/th\/wp-json\/wp\/v2\/media?parent=972"}],"curies":[{"name":"wp","href":"https:\/\/api.w.org\/{rel}","templated":true}]}}